

{"id":24659,"date":"2023-08-16T18:48:32","date_gmt":"2023-08-16T18:48:32","guid":{"rendered":"https:\/\/motoma.cn\/es\/?post_type=product&#038;p=24659"},"modified":"2025-02-17T10:25:22","modified_gmt":"2025-02-17T10:25:22","slug":"axpert-vm-ii-1-5-kw","status":"publish","type":"product","link":"https:\/\/motoma.cn\/es\/product\/axpert-vm-ii-1-5-kw\/","title":{"rendered":"Axpert VM II 1.5 KW"},"content":{"rendered":"<p><strong>Visi\u00f3n General:<\/strong><\/p>\n<p>Este es un inversor\/cargador multifuncional, que combina funciones de inversor, cargador solar y cargador de bater\u00eda para ofrecer soporte de energ\u00eda ininterrumpida en un tama\u00f1o port\u00e1til. Su pantalla LCD completa ofrece operaci\u00f3n de botones configurables por el usuario y de f\u00e1cil acceso, como corriente de carga de la bater\u00eda, prioridad del cargador AC\/solar y voltaje de entrada aceptable basado en diferentes aplicaciones.<\/p>\n<p>&nbsp;<\/p>\n<p><strong>Principales caracter\u00edsticas:<\/strong><\/p>\n<ul>\n<li>Inversor solar de onda senoidal pura<\/li>\n<li>Factor de potencia de salida 1<\/li>\n<li>Amplio rango de voltaje de entrada PV<\/li>\n<li>Dise\u00f1o independiente de la bater\u00eda<\/li>\n<li>Cargador solar MPPT integrado de 80A<\/li>\n<li>Funci\u00f3n de equalizaci\u00f3n de bater\u00eda para optimizar el rendimiento de la bater\u00eda y extender su vida \u00fatil<\/li>\n<li>Garant\u00eda de 2 a\u00f1os<\/li>\n<\/ul>\n","protected":false},"excerpt":{"rendered":"<p>Visi\u00f3n General: Este es un inversor\/cargador multifuncional, que combina funciones&hellip;<\/p>\n","protected":false},"featured_media":31011,"template":"","meta":{"content-type":"","om_disable_all_campaigns":false,"_monsterinsights_skip_tracking":false,"_monsterinsights_sitenote_active":false,"_monsterinsights_sitenote_note":"","_monsterinsights_sitenote_category":0},"product_brand":[],"product_cat":[182,230],"product_tag":[],"class_list":{"0":"post-24659","1":"product","2":"type-product","3":"status-publish","4":"has-post-thumbnail","6":"product_cat-solar-inverter","7":"product_cat-low-voltage-inverter","9":"first","10":"instock","11":"shipping-taxable","12":"product-type-simple"},"_links":{"self":[{"href":"https:\/\/motoma.cn\/es\/wp-json\/wp\/v2\/product\/24659","targetHints":{"allow":["GET"]}}],"collection":[{"href":"https:\/\/motoma.cn\/es\/wp-json\/wp\/v2\/product"}],"about":[{"href":"https:\/\/motoma.cn\/es\/wp-json\/wp\/v2\/types\/product"}],"version-history":[{"count":10,"href":"https:\/\/motoma.cn\/es\/wp-json\/wp\/v2\/product\/24659\/revisions"}],"predecessor-version":[{"id":31264,"href":"https:\/\/motoma.cn\/es\/wp-json\/wp\/v2\/product\/24659\/revisions\/31264"}],"wp:featuredmedia":[{"embeddable":true,"href":"https:\/\/motoma.cn\/es\/wp-json\/wp\/v2\/media\/31011"}],"wp:attachment":[{"href":"https:\/\/motoma.cn\/es\/wp-json\/wp\/v2\/media?parent=24659"}],"wp:term":[{"taxonomy":"product_brand","embeddable":true,"href":"https:\/\/motoma.cn\/es\/wp-json\/wp\/v2\/product_brand?post=24659"},{"taxonomy":"product_cat","embeddable":true,"href":"https:\/\/motoma.cn\/es\/wp-json\/wp\/v2\/product_cat?post=24659"},{"taxonomy":"product_tag","embeddable":true,"href":"https:\/\/motoma.cn\/es\/wp-json\/wp\/v2\/product_tag?post=24659"}],"curies":[{"name":"wp","href":"https:\/\/api.w.org\/{rel}","templated":true}]}}