

{"id":24683,"date":"2023-08-17T19:12:13","date_gmt":"2023-08-17T19:12:13","guid":{"rendered":"https:\/\/motoma.cn\/es\/?post_type=product&#038;p=24683"},"modified":"2025-02-17T10:26:48","modified_gmt":"2025-02-17T10:26:48","slug":"axpert-vm-iii-twin-6-kw","status":"publish","type":"product","link":"https:\/\/motoma.cn\/es\/product\/axpert-vm-iii-twin-6-kw\/","title":{"rendered":"Axpert VM III TWIN 6 KW"},"content":{"rendered":"<p><strong>Visi\u00f3n General:<\/strong><br \/>\nEl Axpert VM III TWIN est\u00e1 equipado con dos salidas. La segunda salida puede ser programada para encenderse\/apagarse, configurar el voltaje de corte o el estado de carga (SOC) y el tiempo de descarga a trav\u00e9s de la configuraci\u00f3n en la pantalla LCD. Facilita a los usuarios el control inteligente de la carga. Dise\u00f1ado con una corriente de entrada PV de 27A, el Axpert VM III TWIN es compatible con la tendencia del mercado de un Imp aumentado en los paneles solares. Tambi\u00e9n permite un amplio rango de voltaje de entrada PV, desde 60VDC hasta 450VDC. Estas caracter\u00edsticas permiten que se necesiten menos paneles solares en el sistema y ahorran espacio.<\/p>\n<p>&nbsp;<\/p>\n<p><strong>Principales caracter\u00edsticas:<\/strong><\/p>\n<ul>\n<li>Doble salidas para gesti\u00f3n inteligente de carga<\/li>\n<li>Corriente m\u00e1xima de entrada fotovoltaica de 27A<\/li>\n<li>Amplio rango de voltaje de entrada fotovoltaica de 60VDC a 450VDC<\/li>\n<li>M\u00f3dulo de control LCD desmontable con varias opciones de comunicaci\u00f3n<\/li>\n<li>Wi-Fi integrado para monitoreo m\u00f3vil (Aplicaci\u00f3n disponible)<\/li>\n<li>Soporta la funci\u00f3n USB On-the-Go<\/li>\n<li>Puerto de comunicaci\u00f3n reservado (RS-485, CAN-BUS o RS-232) para BMS<\/li>\n<li>La ecualizaci\u00f3n de la bater\u00eda extiende la vida \u00fatil<\/li>\n<li>Independencia de la bater\u00eda<\/li>\n<li>Operaci\u00f3n LCD f\u00e1cil de usar<\/li>\n<li>Dise\u00f1o de ventilador reemplazable<\/li>\n<li>Garant\u00eda de 2 a\u00f1os<\/li>\n<\/ul>\n","protected":false},"excerpt":{"rendered":"<p>Visi\u00f3n General: El Axpert VM III TWIN est\u00e1 equipado con&hellip;<\/p>\n","protected":false},"featured_media":31013,"template":"","meta":{"content-type":"","om_disable_all_campaigns":false,"_monsterinsights_skip_tracking":false,"_monsterinsights_sitenote_active":false,"_monsterinsights_sitenote_note":"","_monsterinsights_sitenote_category":0},"product_brand":[],"product_cat":[182,230],"product_tag":[],"class_list":{"0":"post-24683","1":"product","2":"type-product","3":"status-publish","4":"has-post-thumbnail","6":"product_cat-solar-inverter","7":"product_cat-low-voltage-inverter","9":"first","10":"instock","11":"shipping-taxable","12":"product-type-simple"},"_links":{"self":[{"href":"https:\/\/motoma.cn\/es\/wp-json\/wp\/v2\/product\/24683","targetHints":{"allow":["GET"]}}],"collection":[{"href":"https:\/\/motoma.cn\/es\/wp-json\/wp\/v2\/product"}],"about":[{"href":"https:\/\/motoma.cn\/es\/wp-json\/wp\/v2\/types\/product"}],"version-history":[{"count":6,"href":"https:\/\/motoma.cn\/es\/wp-json\/wp\/v2\/product\/24683\/revisions"}],"predecessor-version":[{"id":31268,"href":"https:\/\/motoma.cn\/es\/wp-json\/wp\/v2\/product\/24683\/revisions\/31268"}],"wp:featuredmedia":[{"embeddable":true,"href":"https:\/\/motoma.cn\/es\/wp-json\/wp\/v2\/media\/31013"}],"wp:attachment":[{"href":"https:\/\/motoma.cn\/es\/wp-json\/wp\/v2\/media?parent=24683"}],"wp:term":[{"taxonomy":"product_brand","embeddable":true,"href":"https:\/\/motoma.cn\/es\/wp-json\/wp\/v2\/product_brand?post=24683"},{"taxonomy":"product_cat","embeddable":true,"href":"https:\/\/motoma.cn\/es\/wp-json\/wp\/v2\/product_cat?post=24683"},{"taxonomy":"product_tag","embeddable":true,"href":"https:\/\/motoma.cn\/es\/wp-json\/wp\/v2\/product_tag?post=24683"}],"curies":[{"name":"wp","href":"https:\/\/api.w.org\/{rel}","templated":true}]}}