

{"id":24685,"date":"2023-08-17T19:27:53","date_gmt":"2023-08-17T19:27:53","guid":{"rendered":"https:\/\/motoma.cn\/es\/?post_type=product&#038;p=24685"},"modified":"2025-02-17T10:28:31","modified_gmt":"2025-02-17T10:28:31","slug":"axpert-vm-iv-twin-4-kw","status":"publish","type":"product","link":"https:\/\/motoma.cn\/es\/product\/axpert-vm-iv-twin-4-kw\/","title":{"rendered":"Axpert VM IV TWIN 4 KW"},"content":{"rendered":"<p><strong>Visi\u00f3n General:<\/strong><br \/>\nEl Axpert VM IV TWIN est\u00e1 equipado con dos salidas. La segunda salida puede programarse para encenderse\/apagarse, configurar el voltaje de corte o el estado de carga (SOC) y el tiempo de descarga a trav\u00e9s de la configuraci\u00f3n en la pantalla LCD. Facilita a los usuarios el control inteligente de la carga. Dise\u00f1ado con una corriente de entrada fotovoltaica de 27A, el Axpert VM IV TWIN es compatible con la tendencia del mercado de un aumento en Imp en los paneles solares. Tambi\u00e9n permite un amplio rango de voltaje de entrada fotovoltaica, desde 60VDC hasta 450VDC. Estas caracter\u00edsticas permiten que se necesiten menos paneles solares en el sistema y ahorran espacio.<\/p>\n<p>&nbsp;<\/p>\n<p><strong>Principales caracter\u00edsticas:<\/strong><\/p>\n<ul>\n<li>Doble salidas para gesti\u00f3n inteligente de carga<\/li>\n<li>Corriente m\u00e1xima de entrada fotovoltaica de 27A<\/li>\n<li>Amplio rango de voltaje de entrada fotovoltaica de 60VDC a 450VDC<\/li>\n<li>Anillo LED de estado personalizable con luces RGB<\/li>\n<li>Bot\u00f3n t\u00e1ctil con pantalla LCD a color de 4.3 pulgadas<\/li>\n<li>Wi-Fi incorporado para monitoreo m\u00f3vil (Aplicaci\u00f3n disponible)<\/li>\n<li>Compatible con la funci\u00f3n USB On-the-Go<\/li>\n<li>Puerto de comunicaci\u00f3n reservado (RS-485, CAN-BUS o RS-232) para BMS<\/li>\n<li>Dise\u00f1o de bater\u00eda independiente<\/li>\n<li>La ecualizaci\u00f3n de la bater\u00eda extiende la vida \u00fatil<\/li>\n<li>Potencia de carga mejorada<\/li>\n<li>Kit antipolvo incorporado<\/li>\n<li>Garant\u00eda de 2 a\u00f1os<\/li>\n<\/ul>\n","protected":false},"excerpt":{"rendered":"<p>Visi\u00f3n General: El Axpert VM IV TWIN est\u00e1 equipado con&hellip;<\/p>\n","protected":false},"featured_media":31019,"template":"","meta":{"content-type":"","om_disable_all_campaigns":false,"_monsterinsights_skip_tracking":false,"_monsterinsights_sitenote_active":false,"_monsterinsights_sitenote_note":"","_monsterinsights_sitenote_category":0},"product_brand":[],"product_cat":[182,230],"product_tag":[],"class_list":{"0":"post-24685","1":"product","2":"type-product","3":"status-publish","4":"has-post-thumbnail","6":"product_cat-solar-inverter","7":"product_cat-low-voltage-inverter","9":"first","10":"instock","11":"shipping-taxable","12":"product-type-simple"},"_links":{"self":[{"href":"https:\/\/motoma.cn\/es\/wp-json\/wp\/v2\/product\/24685","targetHints":{"allow":["GET"]}}],"collection":[{"href":"https:\/\/motoma.cn\/es\/wp-json\/wp\/v2\/product"}],"about":[{"href":"https:\/\/motoma.cn\/es\/wp-json\/wp\/v2\/types\/product"}],"version-history":[{"count":6,"href":"https:\/\/motoma.cn\/es\/wp-json\/wp\/v2\/product\/24685\/revisions"}],"predecessor-version":[{"id":31272,"href":"https:\/\/motoma.cn\/es\/wp-json\/wp\/v2\/product\/24685\/revisions\/31272"}],"wp:featuredmedia":[{"embeddable":true,"href":"https:\/\/motoma.cn\/es\/wp-json\/wp\/v2\/media\/31019"}],"wp:attachment":[{"href":"https:\/\/motoma.cn\/es\/wp-json\/wp\/v2\/media?parent=24685"}],"wp:term":[{"taxonomy":"product_brand","embeddable":true,"href":"https:\/\/motoma.cn\/es\/wp-json\/wp\/v2\/product_brand?post=24685"},{"taxonomy":"product_cat","embeddable":true,"href":"https:\/\/motoma.cn\/es\/wp-json\/wp\/v2\/product_cat?post=24685"},{"taxonomy":"product_tag","embeddable":true,"href":"https:\/\/motoma.cn\/es\/wp-json\/wp\/v2\/product_tag?post=24685"}],"curies":[{"name":"wp","href":"https:\/\/api.w.org\/{rel}","templated":true}]}}