

{"id":24690,"date":"2023-08-17T19:37:00","date_gmt":"2023-08-17T19:37:00","guid":{"rendered":"https:\/\/motoma.cn\/es\/?post_type=product&#038;p=24690"},"modified":"2025-02-17T10:28:06","modified_gmt":"2025-02-17T10:28:06","slug":"axpert-vm-iv-twin-6-kw","status":"publish","type":"product","link":"https:\/\/motoma.cn\/es\/product\/axpert-vm-iv-twin-6-kw\/","title":{"rendered":"Axpert VM IV TWIN 6 KW"},"content":{"rendered":"<p><strong>Visi\u00f3n General:<\/strong><br \/>\nAxpert VM IV TWIN est\u00e1 equipado con dos salidas. La segunda salida se puede programar para encenderse\/apagarse, establecer el voltaje de corte o el SOC y el tiempo de descarga a trav\u00e9s de la configuraci\u00f3n LCD. Facilita el control inteligente de la carga para los usuarios. Dise\u00f1ado con una corriente de entrada fotovoltaica de 27A, Axpert VM IV TWIN es compatible con la tendencia del mercado de aumento de Imp en paneles solares. Tambi\u00e9n permite un amplio rango de voltaje de entrada fotovoltaica de 60VDC a 450VDC. Estas caracter\u00edsticas permiten que se requieran menos paneles solares en el sistema y ahorran espacio.<\/p>\n<p><strong>\u00a0<\/strong><\/p>\n<p><strong>Principales caracter\u00edsticas:<\/strong><\/p>\n<ul>\n<li>Doble salidas para gesti\u00f3n inteligente de carga<\/li>\n<li>Corriente m\u00e1xima de entrada fotovoltaica de 27A<\/li>\n<li>Amplio rango de voltaje de entrada fotovoltaica de 60VDC a 450VDC<\/li>\n<li>Anillo LED de estado personalizable con luces RGB<\/li>\n<li>Bot\u00f3n t\u00e1ctil con LCD a color grande de 4.3 pulgadas<\/li>\n<li>WiFi incorporado para monitoreo m\u00f3vil (aplicaci\u00f3n disponible)<\/li>\n<li>Compatible con la funci\u00f3n USB On-the-Go<\/li>\n<li>Puerto de comunicaci\u00f3n reservado (RS-485, CAN-BUS o RS-232) para BMS<\/li>\n<li>Dise\u00f1o independiente de la bater\u00eda<\/li>\n<li>La ecualizaci\u00f3n de la bater\u00eda extiende su ciclo de vida<\/li>\n<li>Potencia de carga mejorada<\/li>\n<li>Kit antipolvo incorporado<\/li>\n<li>Garant\u00eda de 2 a\u00f1os<\/li>\n<\/ul>\n<p><strong>\u00a0<\/strong><\/p>\n","protected":false},"excerpt":{"rendered":"<p>Visi\u00f3n General: Axpert VM IV TWIN est\u00e1 equipado con dos&hellip;<\/p>\n","protected":false},"featured_media":31019,"template":"","meta":{"content-type":"","om_disable_all_campaigns":false,"_monsterinsights_skip_tracking":false,"_monsterinsights_sitenote_active":false,"_monsterinsights_sitenote_note":"","_monsterinsights_sitenote_category":0},"product_brand":[],"product_cat":[182,230],"product_tag":[],"class_list":{"0":"post-24690","1":"product","2":"type-product","3":"status-publish","4":"has-post-thumbnail","6":"product_cat-solar-inverter","7":"product_cat-low-voltage-inverter","9":"first","10":"instock","11":"shipping-taxable","12":"product-type-simple"},"_links":{"self":[{"href":"https:\/\/motoma.cn\/es\/wp-json\/wp\/v2\/product\/24690","targetHints":{"allow":["GET"]}}],"collection":[{"href":"https:\/\/motoma.cn\/es\/wp-json\/wp\/v2\/product"}],"about":[{"href":"https:\/\/motoma.cn\/es\/wp-json\/wp\/v2\/types\/product"}],"version-history":[{"count":6,"href":"https:\/\/motoma.cn\/es\/wp-json\/wp\/v2\/product\/24690\/revisions"}],"predecessor-version":[{"id":31271,"href":"https:\/\/motoma.cn\/es\/wp-json\/wp\/v2\/product\/24690\/revisions\/31271"}],"wp:featuredmedia":[{"embeddable":true,"href":"https:\/\/motoma.cn\/es\/wp-json\/wp\/v2\/media\/31019"}],"wp:attachment":[{"href":"https:\/\/motoma.cn\/es\/wp-json\/wp\/v2\/media?parent=24690"}],"wp:term":[{"taxonomy":"product_brand","embeddable":true,"href":"https:\/\/motoma.cn\/es\/wp-json\/wp\/v2\/product_brand?post=24690"},{"taxonomy":"product_cat","embeddable":true,"href":"https:\/\/motoma.cn\/es\/wp-json\/wp\/v2\/product_cat?post=24690"},{"taxonomy":"product_tag","embeddable":true,"href":"https:\/\/motoma.cn\/es\/wp-json\/wp\/v2\/product_tag?post=24690"}],"curies":[{"name":"wp","href":"https:\/\/api.w.org\/{rel}","templated":true}]}}