

{"id":24692,"date":"2023-08-17T19:47:08","date_gmt":"2023-08-17T19:47:08","guid":{"rendered":"https:\/\/motoma.cn\/es\/?post_type=product&#038;p=24692"},"modified":"2025-02-17T10:29:53","modified_gmt":"2025-02-17T10:29:53","slug":"axpert-king-ii-twin-6-kw","status":"publish","type":"product","link":"https:\/\/motoma.cn\/es\/product\/axpert-king-ii-twin-6-kw\/","title":{"rendered":"Axpert King II TWIN 6 KW"},"content":{"rendered":"<p><strong>Visi\u00f3n general:<\/strong><br \/>\nEl Axpert King II TWIN est\u00e1 dise\u00f1ado con un tiempo de transferencia cero, lo que lo hace perfecto para dispositivos cr\u00edticos como servidores y cajeros autom\u00e1ticos. Est\u00e1 equipado con un potente cargador solar de 120A y un cargador de CA de 120A. El m\u00f3dulo de control LCD desmontable permite a los usuarios monitorear este inversor de forma remota. Tambi\u00e9n puede expandir la capacidad de potencia a 54 kW\/55,8 kW con 9 unidades en operaci\u00f3n en paralelo. El Axpert King II TWIN est\u00e1 equipado con dos salidas. La segunda salida se puede programar para encenderse\/apagarse, configurando el voltaje de corte o SOC y el tiempo de descarga a trav\u00e9s del ajuste LCD.<\/p>\n<p>&nbsp;<\/p>\n<p><strong>Principales caracter\u00edsticas:<\/strong><\/p>\n<ul>\n<li>Doble salidas, para gesti\u00f3n inteligente de carga<\/li>\n<li>Corriente m\u00e1xima de entrada de PV aumentada a 27A<\/li>\n<li>Tiempo de transferencia cero (0ms) para proteger cargas cr\u00edticas como servidores y cajeros autom\u00e1ticos<\/li>\n<li>Amplio rango de voltaje de entrada de PV<\/li>\n<li>M\u00f3dulo de control LCD desmontable con m\u00faltiples opciones de comunicaci\u00f3n<\/li>\n<li>Corriente de carga seleccionable de alta potencia<\/li>\n<li>Wi-Fi integrado para monitoreo m\u00f3vil (aplicaci\u00f3n disponible)<\/li>\n<li>Prioridad de entrada AC\/Solar configurable mediante ajustes LCD<\/li>\n<li>Puerto de comunicaci\u00f3n reservado para BMS (RS485 o CAN-BUS)<\/li>\n<li>Compatible con la funci\u00f3n USB On-the-Go<\/li>\n<li>Operaci\u00f3n en paralelo de hasta 9 unidades<\/li>\n<li>Garant\u00eda de 2 a\u00f1os<\/li>\n<\/ul>\n<p><strong>\u00a0<\/strong><\/p>\n<p>&nbsp;<\/p>\n<p>&nbsp;<\/p>\n","protected":false},"excerpt":{"rendered":"<p>Visi\u00f3n general: El Axpert King II TWIN est\u00e1 dise\u00f1ado con&hellip;<\/p>\n","protected":false},"featured_media":31020,"template":"","meta":{"content-type":"","om_disable_all_campaigns":false,"_monsterinsights_skip_tracking":false,"_monsterinsights_sitenote_active":false,"_monsterinsights_sitenote_note":"","_monsterinsights_sitenote_category":0},"product_brand":[],"product_cat":[182,230],"product_tag":[],"class_list":{"0":"post-24692","1":"product","2":"type-product","3":"status-publish","4":"has-post-thumbnail","6":"product_cat-solar-inverter","7":"product_cat-low-voltage-inverter","9":"first","10":"instock","11":"shipping-taxable","12":"product-type-simple"},"_links":{"self":[{"href":"https:\/\/motoma.cn\/es\/wp-json\/wp\/v2\/product\/24692","targetHints":{"allow":["GET"]}}],"collection":[{"href":"https:\/\/motoma.cn\/es\/wp-json\/wp\/v2\/product"}],"about":[{"href":"https:\/\/motoma.cn\/es\/wp-json\/wp\/v2\/types\/product"}],"version-history":[{"count":6,"href":"https:\/\/motoma.cn\/es\/wp-json\/wp\/v2\/product\/24692\/revisions"}],"predecessor-version":[{"id":31276,"href":"https:\/\/motoma.cn\/es\/wp-json\/wp\/v2\/product\/24692\/revisions\/31276"}],"wp:featuredmedia":[{"embeddable":true,"href":"https:\/\/motoma.cn\/es\/wp-json\/wp\/v2\/media\/31020"}],"wp:attachment":[{"href":"https:\/\/motoma.cn\/es\/wp-json\/wp\/v2\/media?parent=24692"}],"wp:term":[{"taxonomy":"product_brand","embeddable":true,"href":"https:\/\/motoma.cn\/es\/wp-json\/wp\/v2\/product_brand?post=24692"},{"taxonomy":"product_cat","embeddable":true,"href":"https:\/\/motoma.cn\/es\/wp-json\/wp\/v2\/product_cat?post=24692"},{"taxonomy":"product_tag","embeddable":true,"href":"https:\/\/motoma.cn\/es\/wp-json\/wp\/v2\/product_tag?post=24692"}],"curies":[{"name":"wp","href":"https:\/\/api.w.org\/{rel}","templated":true}]}}