

{"id":24728,"date":"2023-08-17T21:40:06","date_gmt":"2023-08-17T21:40:06","guid":{"rendered":"https:\/\/motoma.cn\/es\/?post_type=product&#038;p=24728"},"modified":"2025-05-02T01:18:03","modified_gmt":"2025-05-02T01:18:03","slug":"infinisolar-v-iv-twin-6-kw","status":"publish","type":"product","link":"https:\/\/motoma.cn\/es\/product\/infinisolar-v-iv-twin-6-kw\/","title":{"rendered":"InfiniSolar V IV TWIN 6 KW"},"content":{"rendered":"<p><strong>Visi\u00f3n General:<\/strong><br \/>\nEl InfiniSolar V IV TWIN es una versi\u00f3n mejorada de la tercera generaci\u00f3n de nuestro InfiniSolar V. Equipado con una pantalla LCD a color de 4.3 pulgadas, botones t\u00e1ctiles y un anillo de LED de estado personalizable con luces RGB. El amplio rango de voltaje PV aceptado facilitar\u00e1 la instalaci\u00f3n del sistema fotovoltaico. Adem\u00e1s, la funci\u00f3n de independencia de la bater\u00eda mantendr\u00e1 el inversor funcionando independientemente de si la bater\u00eda est\u00e1 conectada o no. Tambi\u00e9n ofrecemos la funci\u00f3n de operaci\u00f3n en paralelo de hasta 9 unidades. Ofrece una alta flexibilidad para futuras expansiones de energ\u00eda.<\/p>\n<p>&nbsp;<\/p>\n<p><strong>Principales caracter\u00edsticas:<\/strong><\/p>\n<ul>\n<li>Corriente m\u00e1xima de entrada PV de 27A<\/li>\n<li>Doble salidas para gesti\u00f3n inteligente de carga<\/li>\n<li>Bot\u00f3n t\u00e1ctil con pantalla LCD a color de 4.3 pulgadas<\/li>\n<li>WiFi incorporado para monitoreo m\u00f3vil (aplicaci\u00f3n disponible)<\/li>\n<li>Prioridad de suministro programable para PV, bater\u00eda o red<\/li>\n<li>Corriente y voltaje de carga ajustables por el usuario<\/li>\n<li>Modos de operaci\u00f3n m\u00faltiples programables: Conexi\u00f3n a red, fuera de la red y conexi\u00f3n a red con respaldo<\/li>\n<li>Puerto de comunicaci\u00f3n reservado para BMS (RS485, CAN-BUS o RS232)<\/li>\n<li>Operaci\u00f3n en paralelo de hasta 9 unidades<\/li>\n<li>Garant\u00eda de 2 a\u00f1os<\/li>\n<\/ul>\n","protected":false},"excerpt":{"rendered":"<p>Visi\u00f3n General: El InfiniSolar V IV TWIN es una versi\u00f3n&hellip;<\/p>\n","protected":false},"featured_media":31027,"template":"","meta":{"content-type":"","om_disable_all_campaigns":false,"_monsterinsights_skip_tracking":false,"_monsterinsights_sitenote_active":false,"_monsterinsights_sitenote_note":"","_monsterinsights_sitenote_category":0},"product_brand":[],"product_cat":[182,230],"product_tag":[],"class_list":{"0":"post-24728","1":"product","2":"type-product","3":"status-publish","4":"has-post-thumbnail","6":"product_cat-solar-inverter","7":"product_cat-low-voltage-inverter","9":"first","10":"instock","11":"shipping-taxable","12":"product-type-simple"},"_links":{"self":[{"href":"https:\/\/motoma.cn\/es\/wp-json\/wp\/v2\/product\/24728","targetHints":{"allow":["GET"]}}],"collection":[{"href":"https:\/\/motoma.cn\/es\/wp-json\/wp\/v2\/product"}],"about":[{"href":"https:\/\/motoma.cn\/es\/wp-json\/wp\/v2\/types\/product"}],"version-history":[{"count":6,"href":"https:\/\/motoma.cn\/es\/wp-json\/wp\/v2\/product\/24728\/revisions"}],"predecessor-version":[{"id":31285,"href":"https:\/\/motoma.cn\/es\/wp-json\/wp\/v2\/product\/24728\/revisions\/31285"}],"wp:featuredmedia":[{"embeddable":true,"href":"https:\/\/motoma.cn\/es\/wp-json\/wp\/v2\/media\/31027"}],"wp:attachment":[{"href":"https:\/\/motoma.cn\/es\/wp-json\/wp\/v2\/media?parent=24728"}],"wp:term":[{"taxonomy":"product_brand","embeddable":true,"href":"https:\/\/motoma.cn\/es\/wp-json\/wp\/v2\/product_brand?post=24728"},{"taxonomy":"product_cat","embeddable":true,"href":"https:\/\/motoma.cn\/es\/wp-json\/wp\/v2\/product_cat?post=24728"},{"taxonomy":"product_tag","embeddable":true,"href":"https:\/\/motoma.cn\/es\/wp-json\/wp\/v2\/product_tag?post=24728"}],"curies":[{"name":"wp","href":"https:\/\/api.w.org\/{rel}","templated":true}]}}