

{"id":24813,"date":"2023-08-21T19:43:44","date_gmt":"2023-08-21T19:43:44","guid":{"rendered":"https:\/\/motoma.cn\/es\/?post_type=product&#038;p=24813"},"modified":"2025-05-02T01:17:58","modified_gmt":"2025-05-02T01:17:58","slug":"infinisolar-v-iv-wp-twin-6-kw","status":"publish","type":"product","link":"https:\/\/motoma.cn\/es\/product\/infinisolar-v-iv-wp-twin-6-kw\/","title":{"rendered":"InfiniSolar V IV WP TWIN 6 KW"},"content":{"rendered":"<p><strong>Visi\u00f3n General:<\/strong><br \/>\nInversor h\u00edbrido con carcasa clasificada IP65. Infini V 4 WP &#8211; un inversor h\u00edbrido con carcasa clasificada IP65. La resistencia al agua y al polvo IP65 proporciona una excelente protecci\u00f3n en diversos climas. El inversor h\u00edbrido Infini V 4 WP es capaz de instalarse en \u00e1reas que probablemente sufran penetraci\u00f3n de arena y agua. La prioridad programable por el usuario para PV, bater\u00eda y red; y m\u00e1s a trav\u00e9s del software, se adapta a sus necesidades en ese momento del d\u00eda o la noche. Ayuda a gestionar el autoconsumo y reducir las facturas de electricidad.<\/p>\n<p>&nbsp;<\/p>\n<p><strong>Principales caracter\u00edsticas:<\/strong><\/p>\n<ul>\n<li>La clasificaci\u00f3n IP65 a prueba de agua y polvo hace que el inversor est\u00e9 disponible para diversas condiciones de trabajo.<\/li>\n<li>Autoconsumo y alimentaci\u00f3n a la red.<\/li>\n<li>Prioridad de suministro programable para PV, bater\u00eda o red.<\/li>\n<li>Puerto de comunicaci\u00f3n reservado para BMS (RS485, CAN-BUS o RS232).<\/li>\n<li>WiFi incorporado para monitoreo m\u00f3vil (aplicaci\u00f3n disponible).<\/li>\n<li>Corriente y voltaje de carga ajustables por el usuario.<\/li>\n<li>Modos de operaci\u00f3n programables m\u00faltiples: conexi\u00f3n a red, fuera de red y conexi\u00f3n a red con respaldo.<\/li>\n<li>Salidas duales opcionales para gesti\u00f3n inteligente de carga (consultar ventas).<\/li>\n<li>Operaci\u00f3n en paralelo de hasta 9 unidades.<\/li>\n<li>Garant\u00eda de 2 a\u00f1os.<\/li>\n<\/ul>\n","protected":false},"excerpt":{"rendered":"<p>Visi\u00f3n General: Inversor h\u00edbrido con carcasa clasificada IP65. Infini V&hellip;<\/p>\n","protected":false},"featured_media":31057,"template":"","meta":{"content-type":"","om_disable_all_campaigns":false,"_monsterinsights_skip_tracking":false,"_monsterinsights_sitenote_active":false,"_monsterinsights_sitenote_note":"","_monsterinsights_sitenote_category":0},"product_brand":[],"product_cat":[182,230],"product_tag":[],"class_list":{"0":"post-24813","1":"product","2":"type-product","3":"status-publish","4":"has-post-thumbnail","6":"product_cat-solar-inverter","7":"product_cat-low-voltage-inverter","9":"first","10":"instock","11":"shipping-taxable","12":"product-type-simple"},"_links":{"self":[{"href":"https:\/\/motoma.cn\/es\/wp-json\/wp\/v2\/product\/24813","targetHints":{"allow":["GET"]}}],"collection":[{"href":"https:\/\/motoma.cn\/es\/wp-json\/wp\/v2\/product"}],"about":[{"href":"https:\/\/motoma.cn\/es\/wp-json\/wp\/v2\/types\/product"}],"version-history":[{"count":5,"href":"https:\/\/motoma.cn\/es\/wp-json\/wp\/v2\/product\/24813\/revisions"}],"predecessor-version":[{"id":31287,"href":"https:\/\/motoma.cn\/es\/wp-json\/wp\/v2\/product\/24813\/revisions\/31287"}],"wp:featuredmedia":[{"embeddable":true,"href":"https:\/\/motoma.cn\/es\/wp-json\/wp\/v2\/media\/31057"}],"wp:attachment":[{"href":"https:\/\/motoma.cn\/es\/wp-json\/wp\/v2\/media?parent=24813"}],"wp:term":[{"taxonomy":"product_brand","embeddable":true,"href":"https:\/\/motoma.cn\/es\/wp-json\/wp\/v2\/product_brand?post=24813"},{"taxonomy":"product_cat","embeddable":true,"href":"https:\/\/motoma.cn\/es\/wp-json\/wp\/v2\/product_cat?post=24813"},{"taxonomy":"product_tag","embeddable":true,"href":"https:\/\/motoma.cn\/es\/wp-json\/wp\/v2\/product_tag?post=24813"}],"curies":[{"name":"wp","href":"https:\/\/api.w.org\/{rel}","templated":true}]}}