

{"id":24818,"date":"2023-08-21T20:13:49","date_gmt":"2023-08-21T20:13:49","guid":{"rendered":"https:\/\/motoma.cn\/es\/?post_type=product&#038;p=24818"},"modified":"2025-05-02T01:17:49","modified_gmt":"2025-05-02T01:17:49","slug":"infinisolar-wp-twin-15-kw-3p","status":"publish","type":"product","link":"https:\/\/motoma.cn\/es\/product\/infinisolar-wp-twin-15-kw-3p\/","title":{"rendered":"InfiniSolar WP TWIN HMI 15 KW 3P"},"content":{"rendered":"<p><strong>Visi\u00f3n General:<\/strong><br \/>\nLas caracter\u00edsticas del inversor h\u00edbrido incluyen una carcasa clasificada IP65. Con protecci\u00f3n contra ingreso hasta IP65, el InfiniSolar WP HMI 15KW es adecuado para su uso tanto en aplicaciones exteriores como en entornos interiores donde haya humedad atmosf\u00e9rica y polvo. La operaci\u00f3n en paralelo permite un m\u00e1ximo de 6 unidades para obtener una mayor potencia y capacidad, lo que habilita una clasificaci\u00f3n de potencia de hasta 90KW. Esto hace posible crear soluciones energ\u00e9ticas para hogares, oficinas y aplicaciones en edificios comerciales peque\u00f1os.<\/p>\n<p>&nbsp;<\/p>\n<p><strong>Principales caracter\u00edsticas:<\/strong><\/p>\n<ul>\n<li>Clasificaci\u00f3n IP65 resistente al agua y al polvo que hace que el inversor est\u00e9 disponible para diversas condiciones de trabajo<\/li>\n<li>Autoconsumo e inyecci\u00f3n a la red<\/li>\n<li>Prioridad de suministro programable para PV, bater\u00eda o red<\/li>\n<li>Puerto de comunicaci\u00f3n reservado para BMS (RS485, CAN-BUS o RS232)<\/li>\n<li>WiFi incorporado para monitoreo m\u00f3vil (aplicaci\u00f3n disponible)<\/li>\n<li>Corriente y voltaje de carga ajustables por el usuario<\/li>\n<li>M\u00faltiples modos de operaci\u00f3n programables: conexi\u00f3n a red, fuera de red y conexi\u00f3n a red con respaldo<\/li>\n<li>Temporizador incorporado para varios modos de operaci\u00f3n de encendido\/apagado<\/li>\n<li>Puerto de comunicaci\u00f3n reservado para BMS (RS485)<\/li>\n<li>Operaci\u00f3n en paralelo de hasta 6 unidades<\/li>\n<li>Garant\u00eda de 2 a\u00f1os<\/li>\n<\/ul>\n","protected":false},"excerpt":{"rendered":"<p>Visi\u00f3n General: Las caracter\u00edsticas del inversor h\u00edbrido incluyen una carcasa&hellip;<\/p>\n","protected":false},"featured_media":31028,"template":"","meta":{"content-type":"","om_disable_all_campaigns":false,"_monsterinsights_skip_tracking":false,"_monsterinsights_sitenote_active":false,"_monsterinsights_sitenote_note":"","_monsterinsights_sitenote_category":0},"product_brand":[],"product_cat":[182,230],"product_tag":[],"class_list":{"0":"post-24818","1":"product","2":"type-product","3":"status-publish","4":"has-post-thumbnail","6":"product_cat-solar-inverter","7":"product_cat-low-voltage-inverter","9":"first","10":"instock","11":"shipping-taxable","12":"product-type-simple"},"_links":{"self":[{"href":"https:\/\/motoma.cn\/es\/wp-json\/wp\/v2\/product\/24818","targetHints":{"allow":["GET"]}}],"collection":[{"href":"https:\/\/motoma.cn\/es\/wp-json\/wp\/v2\/product"}],"about":[{"href":"https:\/\/motoma.cn\/es\/wp-json\/wp\/v2\/types\/product"}],"version-history":[{"count":8,"href":"https:\/\/motoma.cn\/es\/wp-json\/wp\/v2\/product\/24818\/revisions"}],"predecessor-version":[{"id":31289,"href":"https:\/\/motoma.cn\/es\/wp-json\/wp\/v2\/product\/24818\/revisions\/31289"}],"wp:featuredmedia":[{"embeddable":true,"href":"https:\/\/motoma.cn\/es\/wp-json\/wp\/v2\/media\/31028"}],"wp:attachment":[{"href":"https:\/\/motoma.cn\/es\/wp-json\/wp\/v2\/media?parent=24818"}],"wp:term":[{"taxonomy":"product_brand","embeddable":true,"href":"https:\/\/motoma.cn\/es\/wp-json\/wp\/v2\/product_brand?post=24818"},{"taxonomy":"product_cat","embeddable":true,"href":"https:\/\/motoma.cn\/es\/wp-json\/wp\/v2\/product_cat?post=24818"},{"taxonomy":"product_tag","embeddable":true,"href":"https:\/\/motoma.cn\/es\/wp-json\/wp\/v2\/product_tag?post=24818"}],"curies":[{"name":"wp","href":"https:\/\/api.w.org\/{rel}","templated":true}]}}