

{"id":24830,"date":"2023-08-21T20:45:23","date_gmt":"2023-08-21T20:45:23","guid":{"rendered":"https:\/\/motoma.cn\/es\/?post_type=product&#038;p=24830"},"modified":"2024-04-18T11:45:55","modified_gmt":"2024-04-18T11:45:55","slug":"snmp-web-card-box","status":"publish","type":"product","link":"https:\/\/motoma.cn\/es\/product\/snmp-web-card-box\/","title":{"rendered":"SNMP Web Card \/ Box"},"content":{"rendered":"<p><strong>Principales caracter\u00edsticas:<\/strong><\/p>\n<ul>\n<li>Permite el control y monitoreo de m\u00faltiples inversores a trav\u00e9s de conexi\u00f3n de red RJ-45.<\/li>\n<li>Gr\u00e1ficos din\u00e1micos en tiempo real de los datos del inversor.<\/li>\n<li>Notificaciones de advertencia a trav\u00e9s de alarma audible, difusi\u00f3n, mensajero m\u00f3vil, correo electr\u00f3nico y trampas SNMP.<\/li>\n<li>Registro de datos hist\u00f3ricos almacenados en una base de datos centralizada en PC.<\/li>\n<li>Actualizaci\u00f3n de firmware sencilla con un solo clic.<\/li>\n<li>Protecci\u00f3n de seguridad por contrase\u00f1a y gesti\u00f3n de acceso remoto.<\/li>\n<li>Soporte opcional para detector de monitoreo ambiental para temperatura, humedad y humo.<\/li>\n<\/ul>\n<p>&nbsp;<\/p>\n<p>&nbsp;<\/p>\n<p>&nbsp;<\/p>\n","protected":false},"excerpt":{"rendered":"<p>Principales caracter\u00edsticas: Permite el control y monitoreo de m\u00faltiples inversores&hellip;<\/p>\n","protected":false},"featured_media":24833,"template":"","meta":{"content-type":"","om_disable_all_campaigns":false,"_monsterinsights_skip_tracking":false,"_monsterinsights_sitenote_active":false,"_monsterinsights_sitenote_note":"","_monsterinsights_sitenote_category":0},"product_brand":[],"product_cat":[182,232],"product_tag":[],"class_list":{"0":"post-24830","1":"product","2":"type-product","3":"status-publish","4":"has-post-thumbnail","6":"product_cat-solar-inverter","7":"product_cat-accessory-inverters","9":"first","10":"instock","11":"shipping-taxable","12":"product-type-simple"},"_links":{"self":[{"href":"https:\/\/motoma.cn\/es\/wp-json\/wp\/v2\/product\/24830","targetHints":{"allow":["GET"]}}],"collection":[{"href":"https:\/\/motoma.cn\/es\/wp-json\/wp\/v2\/product"}],"about":[{"href":"https:\/\/motoma.cn\/es\/wp-json\/wp\/v2\/types\/product"}],"version-history":[{"count":4,"href":"https:\/\/motoma.cn\/es\/wp-json\/wp\/v2\/product\/24830\/revisions"}],"predecessor-version":[{"id":30732,"href":"https:\/\/motoma.cn\/es\/wp-json\/wp\/v2\/product\/24830\/revisions\/30732"}],"wp:featuredmedia":[{"embeddable":true,"href":"https:\/\/motoma.cn\/es\/wp-json\/wp\/v2\/media\/24833"}],"wp:attachment":[{"href":"https:\/\/motoma.cn\/es\/wp-json\/wp\/v2\/media?parent=24830"}],"wp:term":[{"taxonomy":"product_brand","embeddable":true,"href":"https:\/\/motoma.cn\/es\/wp-json\/wp\/v2\/product_brand?post=24830"},{"taxonomy":"product_cat","embeddable":true,"href":"https:\/\/motoma.cn\/es\/wp-json\/wp\/v2\/product_cat?post=24830"},{"taxonomy":"product_tag","embeddable":true,"href":"https:\/\/motoma.cn\/es\/wp-json\/wp\/v2\/product_tag?post=24830"}],"curies":[{"name":"wp","href":"https:\/\/api.w.org\/{rel}","templated":true}]}}