

{"id":24849,"date":"2023-08-21T20:15:25","date_gmt":"2023-08-21T20:15:25","guid":{"rendered":"https:\/\/motoma.cn\/es\/?post_type=product&#038;p=24849"},"modified":"2025-02-25T11:45:24","modified_gmt":"2025-02-25T11:45:24","slug":"infinisolar-wp-30-kw-3p","status":"publish","type":"product","link":"https:\/\/motoma.cn\/es\/product\/infinisolar-wp-30-kw-3p\/","title":{"rendered":"InfiniSolar WP 30KW-50KW 3P"},"content":{"rendered":"<p><strong>Visi\u00f3n General:<\/strong><br \/>\nEl inversor solar h\u00edbrido InfiniSolar WP 30 kW de 3 fases con protecci\u00f3n IP65 soporta una carga desequilibrada del 150%. Con protecci\u00f3n contra ingreso de hasta IP65, es adecuado para su uso tanto en aplicaciones exteriores como en entornos interiores donde haya humedad atmosf\u00e9rica y polvo. Admite una carga desequilibrada del 150% y la carga m\u00e1xima es de hasta 15 kW para cada fase. Esta flexibilidad puede facilitar varios consumos de energ\u00eda en un entorno dom\u00e9stico. Con funci\u00f3n de acoplamiento de CA integrada, el sistema existente conectado a la red puede actualizarse y expandirse f\u00e1cilmente a un sistema h\u00edbrido. InfiniSolar WP 30 kW tambi\u00e9n ofrece un segundo terminal para que los usuarios elijan como entrada de generador o salida programable.<\/p>\n<p><strong>\u00a0<\/strong><\/p>\n<p><strong>Principales caracter\u00edsticas:<\/strong><\/p>\n<ul>\n<li>Soporte para carga desequilibrada del 150%<\/li>\n<li>Doble salidas seleccionables como salida programable o entrada de generador.<\/li>\n<li>Funci\u00f3n acoplada de CA integrada.<\/li>\n<li>WiFi incorporado para monitoreo m\u00f3vil (aplicaci\u00f3n disponible)<\/li>\n<li>Corriente de carga ajustable por el usuario de hasta 80A<\/li>\n<li>Amplio rango de entrada de bater\u00eda<\/li>\n<li>Puerto de comunicaci\u00f3n incorporado para BMS (RS485)<\/li>\n<li>Garant\u00eda de 5 a\u00f1os<\/li>\n<li>Operaci\u00f3n en paralelo de hasta 4 unidades<\/li>\n<\/ul>\n","protected":false},"excerpt":{"rendered":"<p>Visi\u00f3n General: El inversor solar h\u00edbrido InfiniSolar WP 30 kW&hellip;<\/p>\n","protected":false},"featured_media":31308,"template":"","meta":{"content-type":"","om_disable_all_campaigns":false,"_monsterinsights_skip_tracking":false,"_monsterinsights_sitenote_active":false,"_monsterinsights_sitenote_note":"","_monsterinsights_sitenote_category":0},"product_brand":[],"product_cat":[182,231],"product_tag":[],"class_list":{"0":"post-24849","1":"product","2":"type-product","3":"status-publish","4":"has-post-thumbnail","6":"product_cat-solar-inverter","7":"product_cat-high-voltage-inverter","9":"first","10":"instock","11":"shipping-taxable","12":"product-type-simple"},"_links":{"self":[{"href":"https:\/\/motoma.cn\/es\/wp-json\/wp\/v2\/product\/24849","targetHints":{"allow":["GET"]}}],"collection":[{"href":"https:\/\/motoma.cn\/es\/wp-json\/wp\/v2\/product"}],"about":[{"href":"https:\/\/motoma.cn\/es\/wp-json\/wp\/v2\/types\/product"}],"version-history":[{"count":9,"href":"https:\/\/motoma.cn\/es\/wp-json\/wp\/v2\/product\/24849\/revisions"}],"predecessor-version":[{"id":31313,"href":"https:\/\/motoma.cn\/es\/wp-json\/wp\/v2\/product\/24849\/revisions\/31313"}],"wp:featuredmedia":[{"embeddable":true,"href":"https:\/\/motoma.cn\/es\/wp-json\/wp\/v2\/media\/31308"}],"wp:attachment":[{"href":"https:\/\/motoma.cn\/es\/wp-json\/wp\/v2\/media?parent=24849"}],"wp:term":[{"taxonomy":"product_brand","embeddable":true,"href":"https:\/\/motoma.cn\/es\/wp-json\/wp\/v2\/product_brand?post=24849"},{"taxonomy":"product_cat","embeddable":true,"href":"https:\/\/motoma.cn\/es\/wp-json\/wp\/v2\/product_cat?post=24849"},{"taxonomy":"product_tag","embeddable":true,"href":"https:\/\/motoma.cn\/es\/wp-json\/wp\/v2\/product_tag?post=24849"}],"curies":[{"name":"wp","href":"https:\/\/api.w.org\/{rel}","templated":true}]}}