

{"id":24850,"date":"2023-08-21T21:48:12","date_gmt":"2023-08-21T21:48:12","guid":{"rendered":"https:\/\/motoma.cn\/es\/?post_type=product&#038;p=24850"},"modified":"2024-04-19T06:34:27","modified_gmt":"2024-04-19T06:34:27","slug":"so-spn-mc182-530-555","status":"publish","type":"product","link":"https:\/\/motoma.cn\/es\/product\/so-spn-mc182-530-555\/","title":{"rendered":"SO-SPN-MC182-530-555"},"content":{"rendered":"<p><strong>Visi\u00f3n General:<\/strong><\/p>\n<p>En los \u00faltimos a\u00f1os, los paneles solares con tecnolog\u00eda de Emisor y Contacto Trasero Pasivado (PERC, por sus siglas en ingl\u00e9s) han ido ganando popularidad en la industria de los paneles solares como una opci\u00f3n viable para crear energ\u00eda solar m\u00e1s eficiente. Estos paneles solares utilizan c\u00e9lulas solares PERC, una versi\u00f3n mejorada de las c\u00e9lulas solares convencionales. Su dise\u00f1o modificado les permite generar entre un 6 y un 12 por ciento m\u00e1s de energ\u00eda que sus contrapartes tradicionales.<\/p>\n<p>PERC significa Emisor y Contacto Trasero Pasivado. La c\u00e9lula solar PERC tiene una capa de pasivaci\u00f3n en la parte posterior de la c\u00e9lula, que ayuda a minimizar las p\u00e9rdidas por recombinaci\u00f3n y aumentar la absorci\u00f3n de luz. El papel clave de la capa de pasivaci\u00f3n en la parte posterior es reflejar la luz que atraviesa la c\u00e9lula de silicio sin ser absorbida de nuevo en el silicio. Al reflejar esta luz, la capa de pasivaci\u00f3n le da a la c\u00e9lula solar una segunda oportunidad para absorberla, lo que resulta en una mejora significativa en la eficiencia.<\/p>\n<p>&nbsp;<\/p>\n<p><strong>Principales caracter\u00edsticas:<\/strong><\/p>\n<ul>\n<li>Tecnolog\u00eda de c\u00e9lulas PERC monocristalinas<\/li>\n<li>Alta eficiencia<\/li>\n<li>Mejor rendimiento en condiciones de baja luminosidad<\/li>\n<li>Recombinaci\u00f3n electr\u00f3nica reducida<\/li>\n<li>Longevidad<\/li>\n<li>Degradaci\u00f3n reducida inducida por el calor<\/li>\n<\/ul>\n<p><strong>\u00a0<\/strong><\/p>\n","protected":false},"excerpt":{"rendered":"<p>Visi\u00f3n General: En los \u00faltimos a\u00f1os, los paneles solares con&hellip;<\/p>\n","protected":false},"featured_media":24852,"template":"","meta":{"content-type":"","om_disable_all_campaigns":false,"_monsterinsights_skip_tracking":false,"_monsterinsights_sitenote_active":false,"_monsterinsights_sitenote_note":"","_monsterinsights_sitenote_category":0},"product_brand":[],"product_cat":[181,233],"product_tag":[],"class_list":{"0":"post-24850","1":"product","2":"type-product","3":"status-publish","4":"has-post-thumbnail","6":"product_cat-solar-panel","7":"product_cat-mono-perc","9":"first","10":"instock","11":"shipping-taxable","12":"product-type-simple"},"_links":{"self":[{"href":"https:\/\/motoma.cn\/es\/wp-json\/wp\/v2\/product\/24850","targetHints":{"allow":["GET"]}}],"collection":[{"href":"https:\/\/motoma.cn\/es\/wp-json\/wp\/v2\/product"}],"about":[{"href":"https:\/\/motoma.cn\/es\/wp-json\/wp\/v2\/types\/product"}],"version-history":[{"count":9,"href":"https:\/\/motoma.cn\/es\/wp-json\/wp\/v2\/product\/24850\/revisions"}],"predecessor-version":[{"id":30768,"href":"https:\/\/motoma.cn\/es\/wp-json\/wp\/v2\/product\/24850\/revisions\/30768"}],"wp:featuredmedia":[{"embeddable":true,"href":"https:\/\/motoma.cn\/es\/wp-json\/wp\/v2\/media\/24852"}],"wp:attachment":[{"href":"https:\/\/motoma.cn\/es\/wp-json\/wp\/v2\/media?parent=24850"}],"wp:term":[{"taxonomy":"product_brand","embeddable":true,"href":"https:\/\/motoma.cn\/es\/wp-json\/wp\/v2\/product_brand?post=24850"},{"taxonomy":"product_cat","embeddable":true,"href":"https:\/\/motoma.cn\/es\/wp-json\/wp\/v2\/product_cat?post=24850"},{"taxonomy":"product_tag","embeddable":true,"href":"https:\/\/motoma.cn\/es\/wp-json\/wp\/v2\/product_tag?post=24850"}],"curies":[{"name":"wp","href":"https:\/\/api.w.org\/{rel}","templated":true}]}}