

{"id":24853,"date":"2023-08-23T18:26:39","date_gmt":"2023-08-23T18:26:39","guid":{"rendered":"https:\/\/motoma.cn\/es\/?post_type=product&#038;p=24853"},"modified":"2024-04-17T09:11:50","modified_gmt":"2024-04-17T09:11:50","slug":"48v-100ah-4-8-kwh-m77u","status":"publish","type":"product","link":"https:\/\/motoma.cn\/es\/product\/48v-100ah-4-8-kwh-m77u\/","title":{"rendered":"48V 100AH \/ 4.8 KWH (M77U)"},"content":{"rendered":"<p><strong>Visi\u00f3n general:<\/strong><br \/>\nLa bater\u00eda de la serie M de MOTOMA LiFePO4 est\u00e1 dise\u00f1ada con una vida \u00fatil de 15 a\u00f1os o m\u00e1s para uso general, dise\u00f1ada con tecnolog\u00eda avanzada, con un BMS inteligente incorporado para mayor seguridad, con dise\u00f1o SOC y protocolo de comunicaci\u00f3n para que coincida con diferentes inversores de marcas. Adem\u00e1s, MOTOMA puede suministrar software personalizado de computadora superior para la comunicaci\u00f3n del BMS a trav\u00e9s de RS232 para configurar par\u00e1metros o leer datos de monitoreo.<\/p>\n<p>&nbsp;<\/p>\n<p><strong>Par\u00e1metros de la bater\u00eda:<\/strong><\/p>\n<table>\n<tbody>\n<tr>\n<td>N\u00famero de modelo de la bater\u00eda<\/td>\n<td>M77U<\/td>\n<\/tr>\n<tr>\n<td>Voltaje nominal<\/td>\n<td>48V<\/td>\n<\/tr>\n<tr>\n<td>Capacidad nominal<\/td>\n<td>100Ah<\/td>\n<\/tr>\n<tr>\n<td>Capacidad de energ\u00eda<\/td>\n<td>4.8KWH<\/td>\n<\/tr>\n<tr>\n<td>Vida \u00fatil del ciclo<\/td>\n<td>\u2265 4000 ciclos @80% DOD<\/td>\n<\/tr>\n<tr>\n<td>Rango de voltaje de operaci\u00f3n<\/td>\n<td>40.5V~54.75V<\/td>\n<\/tr>\n<tr>\n<td>Corriente m\u00e1xima de carga<\/td>\n<td>100A<\/td>\n<\/tr>\n<tr>\n<td>Corriente m\u00e1xima de descarga<\/td>\n<td>100A<\/td>\n<\/tr>\n<tr>\n<td>Voltaje final de carga<\/td>\n<td>56.5V<\/td>\n<\/tr>\n<tr>\n<td>Dimensiones (L x W x H)<\/td>\n<td>530x440x132mm<\/td>\n<\/tr>\n<tr>\n<td>Peso unitario<\/td>\n<td>40Kg<\/td>\n<\/tr>\n<tr>\n<td>Comunicaci\u00f3n<\/td>\n<td>RS485 \/ RS232<\/td>\n<\/tr>\n<tr>\n<td>M\u00f3dulo en paralelo<\/td>\n<td>Soporte para hasta 10 paquetes.<\/td>\n<\/tr>\n<tr>\n<td>Protecci\u00f3n del BMS<\/td>\n<td>Soporte<\/td>\n<\/tr>\n<tr>\n<td>Rango de temperatura de carga<\/td>\n<td>0~45<sup>o<\/sup>C<\/td>\n<\/tr>\n<tr>\n<td>Rango de temperatura de descarga<\/td>\n<td>-20~60<sup>o<\/sup>C<\/td>\n<\/tr>\n<tr>\n<td>Certificaci\u00f3n<\/td>\n<td>ISO \/ UL \/ IEC \/CE \/ UN38.3 \/MSDS<\/td>\n<\/tr>\n<\/tbody>\n<\/table>\n<p>&nbsp;<\/p>\n<p><strong>Principales caracter\u00edsticas:<\/strong><\/p>\n<ul>\n<li>Con dise\u00f1o SOC.<\/li>\n<li>Soporta el monitoreo de datos a trav\u00e9s de la aplicaci\u00f3n del inversor.<\/li>\n<li>Soporta descarga de alta potencia.<\/li>\n<li>M\u00e1s peque\u00f1as, ligeras y de mayor duraci\u00f3n.<\/li>\n<\/ul>\n<p><strong>\u00a0<\/strong><\/p>\n<p><strong>Ventajas de la bater\u00eda:<\/strong><\/p>\n<ul>\n<li>Celdas de grado A superior, pasaron la prueba UL1973.<\/li>\n<li>Larga vida \u00fatil del ciclo.<\/li>\n<li>Alta eficiencia en la potencia de salida: &gt;96%.<\/li>\n<li>Bater\u00edas de baja autodescarga.<\/li>\n<li>Con protecci\u00f3n BMS inteligente, m\u00e1s seguras.<\/li>\n<li>Tama\u00f1o peque\u00f1o, peso ligero (30% del tama\u00f1o \/ peso de las bater\u00edas de \u00e1cido plomo).<\/li>\n<li>Bater\u00edas respetuosas con el medio ambiente.<\/li>\n<\/ul>\n<p><strong>\u00a0<\/strong><\/p>\n<p><strong>Aplicaciones:<\/strong><\/p>\n<ul>\n<li>Sistemas de telecomunicaciones.<\/li>\n<li>Estaciones base transceptoras.<\/li>\n<li>Sistema de almacenamiento solar.<\/li>\n<li>Equipos de comunicaci\u00f3n.<\/li>\n<li>Oficinas centrales.<\/li>\n<li>Registradoras electr\u00f3nicas.<\/li>\n<li>M\u00e1quinas de oficina basadas en microprocesadores.<\/li>\n<li>UPS.<\/li>\n<\/ul>\n","protected":false},"excerpt":{"rendered":"<p>Visi\u00f3n general: La bater\u00eda de la serie M de MOTOMA&hellip;<\/p>\n","protected":false},"featured_media":24855,"template":"","meta":{"content-type":"","om_disable_all_campaigns":false,"_monsterinsights_skip_tracking":false,"_monsterinsights_sitenote_active":false,"_monsterinsights_sitenote_note":"","_monsterinsights_sitenote_category":0},"product_brand":[],"product_cat":[72,224],"product_tag":[],"class_list":{"0":"post-24853","1":"product","2":"type-product","3":"status-publish","4":"has-post-thumbnail","6":"product_cat-lithium-battery","7":"product_cat-telecom-station-lithium-battery","9":"first","10":"instock","11":"shipping-taxable","12":"product-type-simple"},"_links":{"self":[{"href":"https:\/\/motoma.cn\/es\/wp-json\/wp\/v2\/product\/24853","targetHints":{"allow":["GET"]}}],"collection":[{"href":"https:\/\/motoma.cn\/es\/wp-json\/wp\/v2\/product"}],"about":[{"href":"https:\/\/motoma.cn\/es\/wp-json\/wp\/v2\/types\/product"}],"version-history":[{"count":4,"href":"https:\/\/motoma.cn\/es\/wp-json\/wp\/v2\/product\/24853\/revisions"}],"predecessor-version":[{"id":30725,"href":"https:\/\/motoma.cn\/es\/wp-json\/wp\/v2\/product\/24853\/revisions\/30725"}],"wp:featuredmedia":[{"embeddable":true,"href":"https:\/\/motoma.cn\/es\/wp-json\/wp\/v2\/media\/24855"}],"wp:attachment":[{"href":"https:\/\/motoma.cn\/es\/wp-json\/wp\/v2\/media?parent=24853"}],"wp:term":[{"taxonomy":"product_brand","embeddable":true,"href":"https:\/\/motoma.cn\/es\/wp-json\/wp\/v2\/product_brand?post=24853"},{"taxonomy":"product_cat","embeddable":true,"href":"https:\/\/motoma.cn\/es\/wp-json\/wp\/v2\/product_cat?post=24853"},{"taxonomy":"product_tag","embeddable":true,"href":"https:\/\/motoma.cn\/es\/wp-json\/wp\/v2\/product_tag?post=24853"}],"curies":[{"name":"wp","href":"https:\/\/api.w.org\/{rel}","templated":true}]}}