

{"id":24857,"date":"2023-08-23T18:38:38","date_gmt":"2023-08-23T18:38:38","guid":{"rendered":"https:\/\/motoma.cn\/es\/?post_type=product&#038;p=24857"},"modified":"2025-02-19T11:56:57","modified_gmt":"2025-02-19T11:56:57","slug":"48v-150ah-7-20-kwh-m72u","status":"publish","type":"product","link":"https:\/\/motoma.cn\/es\/product\/48v-150ah-7-20-kwh-m72u\/","title":{"rendered":"48V 150AH \/ 7.20 KWH (M72U)"},"content":{"rendered":"<p><strong>Visi\u00f3n general:<\/strong><br \/>\nLa bater\u00eda de la serie MOTOMA M LiFePO4 est\u00e1 dise\u00f1ada con una vida \u00fatil de 15 a\u00f1os o m\u00e1s para uso general, con tecnolog\u00eda avanzada, y cuenta con un BMS inteligente incorporado para mayor seguridad, con dise\u00f1o SOC y protocolo de comunicaci\u00f3n para coincidir con diferentes inversores de marcas. Adem\u00e1s, MOTOMA puede suministrar software personalizado para comunicaci\u00f3n BMS a trav\u00e9s de RS232 para configurar par\u00e1metros o leer datos de monitoreo.<\/p>\n<p>&nbsp;<\/p>\n<p><strong>Par\u00e1metros de la bater\u00eda:<\/strong><\/p>\n<table>\n<tbody>\n<tr>\n<td>Modelo de bater\u00eda<\/td>\n<td>M72U<\/td>\n<\/tr>\n<tr>\n<td>Voltaje nominal<\/td>\n<td>48V<\/td>\n<\/tr>\n<tr>\n<td>Capacidad nominal<\/td>\n<td>150Ah<\/td>\n<\/tr>\n<tr>\n<td>Capacidad de energ\u00eda<\/td>\n<td>7.2KWH<\/td>\n<\/tr>\n<tr>\n<td>Ciclo de vida<\/td>\n<td>\u2265 4000 ciclos @80% DOD<\/td>\n<\/tr>\n<tr>\n<td>Rango de voltaje de funcionamiento<\/td>\n<td>40.5V~54.75V<\/td>\n<\/tr>\n<tr>\n<td>Corriente m\u00e1xima de carga<\/td>\n<td>100A<\/td>\n<\/tr>\n<tr>\n<td>Corriente m\u00e1xima de descarga<\/td>\n<td>100A<\/td>\n<\/tr>\n<tr>\n<td>Voltaje final de carga<\/td>\n<td>56.5V<\/td>\n<\/tr>\n<tr>\n<td>Dimensiones (L x W x H)<\/td>\n<td>530x440x132mm<\/td>\n<\/tr>\n<tr>\n<td>Peso unitario<\/td>\n<td>53Kg<\/td>\n<\/tr>\n<tr>\n<td>Comunicaci\u00f3n<\/td>\n<td>RS485 \/ RS232<\/td>\n<\/tr>\n<tr>\n<td>M\u00f3dulo en paralelo<\/td>\n<td>Soporte para hasta 10 paquetes.<\/td>\n<\/tr>\n<tr>\n<td>Protecci\u00f3n BMS<\/td>\n<td>Soporte<\/td>\n<\/tr>\n<tr>\n<td>Rango de temperatura de carga<\/td>\n<td>0~45<sup>o<\/sup>C<\/td>\n<\/tr>\n<tr>\n<td>Rango de temperatura de descarga<\/td>\n<td>-20~60<sup>o<\/sup>C<\/td>\n<\/tr>\n<tr>\n<td>Certificaci\u00f3n<\/td>\n<td>ISO \/ UL \/ IEC \/CE \/ UN38.3 \/MSDS<\/td>\n<\/tr>\n<\/tbody>\n<\/table>\n<p>&nbsp;<\/p>\n<p><strong>Principales caracter\u00edsticas:<\/strong><\/p>\n<ul>\n<li>Con dise\u00f1o SOC.<\/li>\n<li>Soporta monitoreo de datos a trav\u00e9s de la aplicaci\u00f3n del inversor.<\/li>\n<li>Soporta descarga de alta potencia.<\/li>\n<li>M\u00e1s peque\u00f1o, m\u00e1s ligero y mayor vida \u00fatil.<\/li>\n<\/ul>\n<p><strong>\u00a0<\/strong><\/p>\n<p><strong>Ventajas de la bater\u00eda:<\/strong><\/p>\n<ul>\n<li>Celdas de grado A superior, pasaron la prueba UL1973.<\/li>\n<li>Larga vida \u00fatil del ciclo.<\/li>\n<li>Alta eficiencia de potencia de salida: &gt;96%.<\/li>\n<li>Bater\u00edas de baja autodescarga.<\/li>\n<li>Con protecci\u00f3n BMS inteligente, m\u00e1s seguro.<\/li>\n<li>Tama\u00f1o peque\u00f1o, peso ligero (30% del tama\u00f1o \/ peso de las bater\u00edas de \u00e1cido de plomo).<\/li>\n<li>Bater\u00edas ecol\u00f3gicas.<\/li>\n<\/ul>\n<p><strong>\u00a0<\/strong><\/p>\n<p><strong>Aplicaci\u00f3n:<\/strong><\/p>\n<ul>\n<li>Sistemas de telecomunicaciones.<\/li>\n<li>Estaci\u00f3n base de transceptores.<\/li>\n<li>Sistema de almacenamiento solar.<\/li>\n<li>Equipos de comunicaci\u00f3n.<\/li>\n<li>Oficina central.<\/li>\n<li>Cajas registradoras electr\u00f3nicas.<\/li>\n<li>M\u00e1quinas de oficina basadas en microprocesadores.<\/li>\n<li>Sistemas de alimentaci\u00f3n ininterrumpida (UPS).<\/li>\n<\/ul>\n","protected":false},"excerpt":{"rendered":"<p>Visi\u00f3n general: La bater\u00eda de la serie MOTOMA M LiFePO4&hellip;<\/p>\n","protected":false},"featured_media":24859,"template":"","meta":{"content-type":"","om_disable_all_campaigns":false,"_monsterinsights_skip_tracking":false,"_monsterinsights_sitenote_active":false,"_monsterinsights_sitenote_note":"","_monsterinsights_sitenote_category":0},"product_brand":[],"product_cat":[72,224],"product_tag":[],"class_list":{"0":"post-24857","1":"product","2":"type-product","3":"status-publish","4":"has-post-thumbnail","6":"product_cat-lithium-battery","7":"product_cat-telecom-station-lithium-battery","9":"first","10":"instock","11":"shipping-taxable","12":"product-type-simple"},"_links":{"self":[{"href":"https:\/\/motoma.cn\/es\/wp-json\/wp\/v2\/product\/24857","targetHints":{"allow":["GET"]}}],"collection":[{"href":"https:\/\/motoma.cn\/es\/wp-json\/wp\/v2\/product"}],"about":[{"href":"https:\/\/motoma.cn\/es\/wp-json\/wp\/v2\/types\/product"}],"version-history":[{"count":4,"href":"https:\/\/motoma.cn\/es\/wp-json\/wp\/v2\/product\/24857\/revisions"}],"predecessor-version":[{"id":31291,"href":"https:\/\/motoma.cn\/es\/wp-json\/wp\/v2\/product\/24857\/revisions\/31291"}],"wp:featuredmedia":[{"embeddable":true,"href":"https:\/\/motoma.cn\/es\/wp-json\/wp\/v2\/media\/24859"}],"wp:attachment":[{"href":"https:\/\/motoma.cn\/es\/wp-json\/wp\/v2\/media?parent=24857"}],"wp:term":[{"taxonomy":"product_brand","embeddable":true,"href":"https:\/\/motoma.cn\/es\/wp-json\/wp\/v2\/product_brand?post=24857"},{"taxonomy":"product_cat","embeddable":true,"href":"https:\/\/motoma.cn\/es\/wp-json\/wp\/v2\/product_cat?post=24857"},{"taxonomy":"product_tag","embeddable":true,"href":"https:\/\/motoma.cn\/es\/wp-json\/wp\/v2\/product_tag?post=24857"}],"curies":[{"name":"wp","href":"https:\/\/api.w.org\/{rel}","templated":true}]}}