

{"id":24862,"date":"2023-08-23T19:49:31","date_gmt":"2023-08-23T19:49:31","guid":{"rendered":"https:\/\/motoma.cn\/es\/?post_type=product&#038;p=24862"},"modified":"2024-04-17T10:16:26","modified_gmt":"2024-04-17T10:16:26","slug":"12-8v-200ah-2-56-kwh-m48","status":"publish","type":"product","link":"https:\/\/motoma.cn\/es\/product\/12-8v-200ah-2-56-kwh-m48\/","title":{"rendered":"12.8V 200AH \/ 2.56 KWH (M48)"},"content":{"rendered":"<p><strong>Visi\u00f3n general:<\/strong><br \/>\nLa bater\u00eda de la serie LiFePO4 de 12.8V est\u00e1 dise\u00f1ada con una carcasa de grado pr\u00e1ctico fabricada con material ABS, que es resistente y no inflamable.<\/p>\n<p>Adopta el proceso de soldadura l\u00e1ser de bater\u00eda de potencia de grado automotriz para el busbar de la celda, con caracter\u00edsticas de concentraci\u00f3n de energ\u00eda, alta eficiencia de soldadura, gran relaci\u00f3n de aspecto de la costura de soldadura y alta resistencia de soldadura, peque\u00f1a entrada de calor, \u00e1rea afectada por el calor peque\u00f1a, etc.<\/p>\n<p>Adopta una tecnolog\u00eda avanzada de placa de fijaci\u00f3n y perno para garantizar la estabilidad de la bater\u00eda.<\/p>\n<p>&nbsp;<\/p>\n<p><strong>Par\u00e1metros de la bater\u00eda:<\/strong><\/p>\n<table>\n<tbody>\n<tr>\n<td>N\u00famero de modelo de la bater\u00eda<\/td>\n<td>M48<\/td>\n<\/tr>\n<tr>\n<td>Voltaje nominal<\/td>\n<td>12.8V<\/td>\n<\/tr>\n<tr>\n<td>Capacidad nominal<\/td>\n<td>200Ah<\/td>\n<\/tr>\n<tr>\n<td>Capacidad de potencia<\/td>\n<td>2.56KWH<\/td>\n<\/tr>\n<tr>\n<td>Vida \u00fatil del ciclo<\/td>\n<td>\u2265 4000 ciclos @80% DOD<\/td>\n<\/tr>\n<tr>\n<td>Rango de voltaje operativo<\/td>\n<td>10V-14.6V<\/td>\n<\/tr>\n<tr>\n<td>Corriente m\u00e1xima de carga<\/td>\n<td>100A<\/td>\n<\/tr>\n<tr>\n<td>Corriente m\u00e1xima de descarga<\/td>\n<td>100A<\/td>\n<\/tr>\n<tr>\n<td>Voltaje final de carga<\/td>\n<td>14.6V<\/td>\n<\/tr>\n<tr>\n<td>Dimensiones (L x W x H)<\/td>\n<td>522*240*248mm<\/td>\n<\/tr>\n<tr>\n<td>Peso unitario<\/td>\n<td>20Kg<\/td>\n<\/tr>\n<tr>\n<td>Nivel de protecci\u00f3n IP<\/td>\n<td>IP65<\/td>\n<\/tr>\n<tr>\n<td>Soporte de bater\u00eda en serie<\/td>\n<td>4 unidades m\u00e1ximo 51.2V<\/td>\n<\/tr>\n<tr>\n<td>Protecci\u00f3n del BMS<\/td>\n<td>Soporte<\/td>\n<\/tr>\n<tr>\n<td>Rango de temperatura de carga<\/td>\n<td>0~45<sup>o<\/sup>C<\/td>\n<\/tr>\n<tr>\n<td>Rango de temperatura de descarga<\/td>\n<td>-20~60<sup>o<\/sup>C<\/td>\n<\/tr>\n<tr>\n<td>Certificaci\u00f3n<\/td>\n<td>ISO \/ UL \/ IEC \/CE \/ UN38.3 \/MSDS<\/td>\n<\/tr>\n<\/tbody>\n<\/table>\n<p>&nbsp;<\/p>\n<p><strong>Principales caracter\u00edsticas:<\/strong><\/p>\n<ul>\n<li>F\u00e1cil de reemplazar la bater\u00eda de \u00e1cido de plomo.<\/li>\n<li>Con dise\u00f1o SOC.<\/li>\n<li>Compatible con descarga de alta potencia.<\/li>\n<li>M\u00e1s peque\u00f1o, m\u00e1s ligero y m\u00e1s duradero<strong>.<\/strong><\/li>\n<\/ul>\n<p><strong>\u00a0<\/strong><\/p>\n<p><strong>Ventajas de la bater\u00eda:<\/strong><\/p>\n<ul>\n<li>Celdas de grado A superior, pasaron la prueba UL1973.<\/li>\n<li>Larga vida \u00fatil del ciclo.<\/li>\n<li>Alta eficiencia de potencia de salida: &gt;96%.<\/li>\n<li>Bater\u00edas de baja autodescarga.<\/li>\n<li>Con protecci\u00f3n BMS inteligente, m\u00e1s seguras.<\/li>\n<li>Bater\u00edas ligeras (30% del peso de las bater\u00edas de \u00e1cido de plomo).<\/li>\n<li>Bater\u00edas respetuosas con el medio ambiente.<\/li>\n<\/ul>\n<p><strong>\u00a0<\/strong><\/p>\n<p><strong>Aplicaci\u00f3n:<\/strong><\/p>\n<ul>\n<li>UPS<\/li>\n<li>RV<\/li>\n<li>Casa rodante<\/li>\n<li>Marino, Camping<\/li>\n<li>Sistema solar fuera de la red<\/li>\n<li>Sistema solar dom\u00e9stico<\/li>\n<li>Telecomunicaciones<\/li>\n<li>Respaldo.<\/li>\n<\/ul>\n","protected":false},"excerpt":{"rendered":"<p>Visi\u00f3n general: La bater\u00eda de la serie LiFePO4 de 12.8V&hellip;<\/p>\n","protected":false},"featured_media":24864,"template":"","meta":{"content-type":"","om_disable_all_campaigns":false,"_monsterinsights_skip_tracking":false,"_monsterinsights_sitenote_active":false,"_monsterinsights_sitenote_note":"","_monsterinsights_sitenote_category":0},"product_brand":[],"product_cat":[72,225],"product_tag":[],"class_list":{"0":"post-24862","1":"product","2":"type-product","3":"status-publish","4":"has-post-thumbnail","6":"product_cat-lithium-battery","7":"product_cat-ups-lithium-battery","9":"first","10":"instock","11":"shipping-taxable","12":"product-type-simple"},"_links":{"self":[{"href":"https:\/\/motoma.cn\/es\/wp-json\/wp\/v2\/product\/24862","targetHints":{"allow":["GET"]}}],"collection":[{"href":"https:\/\/motoma.cn\/es\/wp-json\/wp\/v2\/product"}],"about":[{"href":"https:\/\/motoma.cn\/es\/wp-json\/wp\/v2\/types\/product"}],"version-history":[{"count":4,"href":"https:\/\/motoma.cn\/es\/wp-json\/wp\/v2\/product\/24862\/revisions"}],"predecessor-version":[{"id":30730,"href":"https:\/\/motoma.cn\/es\/wp-json\/wp\/v2\/product\/24862\/revisions\/30730"}],"wp:featuredmedia":[{"embeddable":true,"href":"https:\/\/motoma.cn\/es\/wp-json\/wp\/v2\/media\/24864"}],"wp:attachment":[{"href":"https:\/\/motoma.cn\/es\/wp-json\/wp\/v2\/media?parent=24862"}],"wp:term":[{"taxonomy":"product_brand","embeddable":true,"href":"https:\/\/motoma.cn\/es\/wp-json\/wp\/v2\/product_brand?post=24862"},{"taxonomy":"product_cat","embeddable":true,"href":"https:\/\/motoma.cn\/es\/wp-json\/wp\/v2\/product_cat?post=24862"},{"taxonomy":"product_tag","embeddable":true,"href":"https:\/\/motoma.cn\/es\/wp-json\/wp\/v2\/product_tag?post=24862"}],"curies":[{"name":"wp","href":"https:\/\/api.w.org\/{rel}","templated":true}]}}