

{"id":28846,"date":"2023-08-17T19:00:06","date_gmt":"2023-08-17T19:00:06","guid":{"rendered":"https:\/\/motoma.cn\/es\/?post_type=product&#038;p=28846"},"modified":"2025-02-17T10:26:01","modified_gmt":"2025-02-17T10:26:01","slug":"axpert-vm-ii-premium-3-kw","status":"publish","type":"product","link":"https:\/\/motoma.cn\/es\/product\/axpert-vm-ii-premium-3-kw\/","title":{"rendered":"Axpert VM II Premium 3 KW"},"content":{"rendered":"<p><strong>Visi\u00f3n General:<\/strong><br \/>\nEste es un inversor\/cargador multifuncional que combina las funciones de inversor, cargador solar y cargador de bater\u00eda para ofrecer soporte de energ\u00eda ininterrumpida en un tama\u00f1o port\u00e1til. Su pantalla LCD integral ofrece operaci\u00f3n de botones configurable por el usuario y de f\u00e1cil acceso, tales como la corriente de carga de la bater\u00eda, la prioridad del cargador AC\/solar y el voltaje de entrada aceptable basado en diferentes aplicaciones.<\/p>\n<p>&nbsp;<\/p>\n<p><strong>Principales caracter\u00edsticas:<\/strong><\/p>\n<ul>\n<li>Inversor solar de onda sinusoidal pura<\/li>\n<li>Puerto de comunicaci\u00f3n reservado para BMS<\/li>\n<li>Amplio rango de entrada fotovoltaica<\/li>\n<li>Dise\u00f1o independiente de la bater\u00eda<\/li>\n<li>Cargador solar MPPT integrado de 100 A<\/li>\n<li>Wi-Fi integrado para monitoreo m\u00f3vil (Aplicaci\u00f3n disponible)<\/li>\n<li>Funci\u00f3n de ecualizaci\u00f3n de bater\u00eda para optimizar el rendimiento de la bater\u00eda y prolongar su ciclo de vida<\/li>\n<li>Kit antipolvo integrado<\/li>\n<li>Garant\u00eda de 2 a\u00f1os<\/li>\n<\/ul>\n","protected":false},"excerpt":{"rendered":"<p>Visi\u00f3n General: Este es un inversor\/cargador multifuncional que combina las&hellip;<\/p>\n","protected":false},"featured_media":31016,"template":"","meta":{"content-type":"","om_disable_all_campaigns":false,"_monsterinsights_skip_tracking":false,"_monsterinsights_sitenote_active":false,"_monsterinsights_sitenote_note":"","_monsterinsights_sitenote_category":0},"product_brand":[],"product_cat":[182,230],"product_tag":[],"class_list":{"0":"post-28846","1":"product","2":"type-product","3":"status-publish","4":"has-post-thumbnail","6":"product_cat-solar-inverter","7":"product_cat-low-voltage-inverter","9":"first","10":"instock","11":"shipping-taxable","12":"product-type-simple"},"_links":{"self":[{"href":"https:\/\/motoma.cn\/es\/wp-json\/wp\/v2\/product\/28846","targetHints":{"allow":["GET"]}}],"collection":[{"href":"https:\/\/motoma.cn\/es\/wp-json\/wp\/v2\/product"}],"about":[{"href":"https:\/\/motoma.cn\/es\/wp-json\/wp\/v2\/types\/product"}],"version-history":[{"count":12,"href":"https:\/\/motoma.cn\/es\/wp-json\/wp\/v2\/product\/28846\/revisions"}],"predecessor-version":[{"id":31266,"href":"https:\/\/motoma.cn\/es\/wp-json\/wp\/v2\/product\/28846\/revisions\/31266"}],"wp:featuredmedia":[{"embeddable":true,"href":"https:\/\/motoma.cn\/es\/wp-json\/wp\/v2\/media\/31016"}],"wp:attachment":[{"href":"https:\/\/motoma.cn\/es\/wp-json\/wp\/v2\/media?parent=28846"}],"wp:term":[{"taxonomy":"product_brand","embeddable":true,"href":"https:\/\/motoma.cn\/es\/wp-json\/wp\/v2\/product_brand?post=28846"},{"taxonomy":"product_cat","embeddable":true,"href":"https:\/\/motoma.cn\/es\/wp-json\/wp\/v2\/product_cat?post=28846"},{"taxonomy":"product_tag","embeddable":true,"href":"https:\/\/motoma.cn\/es\/wp-json\/wp\/v2\/product_tag?post=28846"}],"curies":[{"name":"wp","href":"https:\/\/api.w.org\/{rel}","templated":true}]}}