

{"id":30252,"date":"2024-01-06T22:02:51","date_gmt":"2024-01-06T22:02:51","guid":{"rendered":"https:\/\/motoma.cn\/es\/?post_type=product&#038;p=30252"},"modified":"2025-05-19T15:06:54","modified_gmt":"2025-05-19T15:06:54","slug":"50kw-100kwh-smart-ess-m50-100","status":"publish","type":"product","link":"https:\/\/motoma.cn\/es\/product\/50kw-100kwh-smart-ess-m50-100\/","title":{"rendered":"50KW\/100KWh Smart ESS (M50-100)"},"content":{"rendered":"<p><strong>Visi\u00f3n General:<\/strong><br \/>\nLa Unidad Smart Ess &#8211; M50-100 en un gabinete todo en uno consiste en un grupo de bater\u00edas de energ\u00eda, inversor h\u00edbrido, sistema de control de temperatura de frecuencia variable, BMS, EMS, sistema combinado de supresi\u00f3n de precisi\u00f3n y supresi\u00f3n de fuego por r\u00e1fagas, equipo el\u00e9ctrico auxiliar y gabinete de chapa met\u00e1lica resistente a la intemperie, y la capacidad del ESS es de 50kW\/103.68kWh.<\/p>\n<p>&nbsp;<\/p>\n<p><strong>Principales Caracter\u00edsticas:<\/strong><\/p>\n<p><strong>Seguro:<\/strong><\/p>\n<ul>\n<li>Percepci\u00f3n el\u00e9ctrica multidimensional de fusi\u00f3n, protecci\u00f3n de fusibles de varios niveles.<\/li>\n<li>Integraci\u00f3n interna de equipos PV\/ESS\/PCS, control de bus m\u00e1s unificado, mejorando la estabilidad del sistema.<\/li>\n<li>Dise\u00f1o de prealerta temprana de sobrecalentamiento t\u00e9rmico, integrando detecci\u00f3n, supresi\u00f3n de incendios, detecci\u00f3n de gases combustibles, prevenci\u00f3n de humo y funciones de alivio de explosiones, que interact\u00faa con BMS y EMS para realizar la extinci\u00f3n de incendios dirigida a nivel de PACK.<\/li>\n<li>Sistema de control de temperatura inteligente, diferencia de temperatura del sistema \u22645\u00b0C, vida \u00fatil de la bater\u00eda aumentada en un 12%.<\/li>\n<\/ul>\n<p><strong>\u00a0<\/strong><\/p>\n<p><strong>Simple:<\/strong><\/p>\n<ul>\n<li>Dise\u00f1o todo en uno e instalaci\u00f3n modular, un solo gabinete que cubre un \u00e1rea de solo 1.21m2.<\/li>\n<li>Aplicable a m\u00faltiples escenarios industriales y f\u00e1cil de conectar a la red.<\/li>\n<li>Error de cortocircuito en la instalaci\u00f3n, conveniente y seguro para el mantenimiento.<\/li>\n<li>Expansi\u00f3n simple de capacidad que cubre un rango de potencia de 50kW a 300kW.<\/li>\n<li>Prefabricaci\u00f3n en f\u00e1brica y transporte integrado para reducir los costos de transporte, instalaci\u00f3n y puesta en marcha en un 15%.<\/li>\n<\/ul>\n<p><strong>\u00a0<\/strong><\/p>\n<p><strong>Inteligente:<\/strong><\/p>\n<ul>\n<li>Operaci\u00f3n y mantenimiento remotos en la nube, compatible con monitoreo remoto y local;<\/li>\n<li>Estrategia de balanceo inteligente y prealerta de sistema para garantizar la consistencia del ciclo de vida de la bater\u00eda;<\/li>\n<li>Soporte para la funci\u00f3n de inicio en negro con suministro de energ\u00eda confiable en modo fuera de la red\/micro-red;<\/li>\n<li>Soporte para m\u00faltiples modos de operaci\u00f3n (VPP, conectado a la red, fuera de la red) para mejorar los ingresos.<\/li>\n<\/ul>\n<p><strong>\u00a0<\/strong><\/p>\n<p><strong>Aplicaci\u00f3n:<\/strong><\/p>\n<ul>\n<li>Locales Comerciales<\/li>\n<li>Parque Industrial<\/li>\n<li>Mina<\/li>\n<li>Pastoreo<\/li>\n<li>Estaci\u00f3n de Servicio<\/li>\n<li>Isla<\/li>\n<li>Centro de Datos<\/li>\n<\/ul>\n","protected":false},"excerpt":{"rendered":"<p>Visi\u00f3n General: La Unidad Smart Ess &#8211; M50-100 en un&hellip;<\/p>\n","protected":false},"featured_media":30254,"template":"","meta":{"content-type":"","om_disable_all_campaigns":false,"_monsterinsights_skip_tracking":false,"_monsterinsights_sitenote_active":false,"_monsterinsights_sitenote_note":"","_monsterinsights_sitenote_category":0},"product_brand":[],"product_cat":[244,72],"product_tag":[],"class_list":{"0":"post-30252","1":"product","2":"type-product","3":"status-publish","4":"has-post-thumbnail","6":"product_cat-all-in-one-smart-ess","7":"product_cat-lithium-battery","9":"first","10":"instock","11":"virtual","12":"product-type-simple"},"_links":{"self":[{"href":"https:\/\/motoma.cn\/es\/wp-json\/wp\/v2\/product\/30252","targetHints":{"allow":["GET"]}}],"collection":[{"href":"https:\/\/motoma.cn\/es\/wp-json\/wp\/v2\/product"}],"about":[{"href":"https:\/\/motoma.cn\/es\/wp-json\/wp\/v2\/types\/product"}],"version-history":[{"count":12,"href":"https:\/\/motoma.cn\/es\/wp-json\/wp\/v2\/product\/30252\/revisions"}],"predecessor-version":[{"id":54175,"href":"https:\/\/motoma.cn\/es\/wp-json\/wp\/v2\/product\/30252\/revisions\/54175"}],"wp:featuredmedia":[{"embeddable":true,"href":"https:\/\/motoma.cn\/es\/wp-json\/wp\/v2\/media\/30254"}],"wp:attachment":[{"href":"https:\/\/motoma.cn\/es\/wp-json\/wp\/v2\/media?parent=30252"}],"wp:term":[{"taxonomy":"product_brand","embeddable":true,"href":"https:\/\/motoma.cn\/es\/wp-json\/wp\/v2\/product_brand?post=30252"},{"taxonomy":"product_cat","embeddable":true,"href":"https:\/\/motoma.cn\/es\/wp-json\/wp\/v2\/product_cat?post=30252"},{"taxonomy":"product_tag","embeddable":true,"href":"https:\/\/motoma.cn\/es\/wp-json\/wp\/v2\/product_tag?post=30252"}],"curies":[{"name":"wp","href":"https:\/\/api.w.org\/{rel}","templated":true}]}}