

{"id":30307,"date":"2024-01-30T21:11:28","date_gmt":"2024-01-30T21:11:28","guid":{"rendered":"https:\/\/motoma.cn\/es\/?post_type=product&#038;p=30307"},"modified":"2025-02-17T10:33:27","modified_gmt":"2025-02-17T10:33:27","slug":"axpert-ultra-twin-8-kw","status":"publish","type":"product","link":"https:\/\/motoma.cn\/es\/product\/axpert-ultra-twin-8-kw\/","title":{"rendered":"Axpert Ultra TWIN 8 KW"},"content":{"rendered":"<p><strong>Visi\u00f3n General:<\/strong><br \/>\nEquipado con 2 entradas y 2 salidas inteligentes, sensor CT y una interfaz f\u00e1cil de usar, el Axpert Ultra es el inversor solar mejor equipado. Con dos fuentes de alimentaci\u00f3n de entrada independientes: utilidad y generador, garantiza un suministro de energ\u00eda AC ininterrumpido e incorpora un cargador super grande (150A) para una carga r\u00e1pida de la bater\u00eda, incluso con tiempo limitado disponible de fuentes AC o solares. Adem\u00e1s, el Axpert Ultra ofrece una segunda salida de CA, lo que permite a los usuarios personalizar el voltaje de corte, el porcentaje de estado de carga (SoC), el tiempo de descarga y el encendido\/apagado programado.<\/p>\n<p>&nbsp;<\/p>\n<p><strong>Principales caracter\u00edsticas:<\/strong><\/p>\n<ul>\n<li>Doble salida para gesti\u00f3n inteligente de carga.<\/li>\n<li>Dos fuentes de alimentaci\u00f3n de CA independientes conectadas y conmutadas autom\u00e1ticamente.<\/li>\n<li>Corriente m\u00e1xima de entrada de PV de 27A.<\/li>\n<li>Pantalla LCD a color de 2.8 pulgadas integrada con indicadores luminosos de potencia.<\/li>\n<li>Compatible con la funci\u00f3n USB On-the-Go.<\/li>\n<li>Puerto de comunicaci\u00f3n reservado para BMS (RS485, CAN-BUS).<\/li>\n<li>Dise\u00f1o de ventilador reemplazable para facilitar el mantenimiento.<\/li>\n<li>Dise\u00f1o independiente de la bater\u00eda.<\/li>\n<li>Temporizador y priorizaci\u00f3n de uso de salida AC\/PV configurable.<\/li>\n<li>Corriente de carga de alta potencia seleccionable.<\/li>\n<li>Rango de voltaje de entrada seleccionable para electrodom\u00e9sticos y computadoras personales.<\/li>\n<li>Kit antipolvo integrado.<\/li>\n<li>Sensor de corriente transformador integrado para aplicaciones de autoconsumo.<\/li>\n<li>Soporta detecci\u00f3n externa de BTS (Sensor de Temperatura de Bater\u00eda).<\/li>\n<li>Soporta detecciones opcionales de GFCI, cierre r\u00e1pido, AFCI.<\/li>\n<li>Wi-Fi integrado para monitoreo m\u00f3vil y actualizaci\u00f3n de firmware OTA.<\/li>\n<li>Operaci\u00f3n en paralelo con 6 unidades.<\/li>\n<li>Garant\u00eda de 2 a\u00f1os.<\/li>\n<\/ul>\n","protected":false},"excerpt":{"rendered":"<p>Visi\u00f3n General: Equipado con 2 entradas y 2 salidas inteligentes,&hellip;<\/p>\n","protected":false},"featured_media":31022,"template":"","meta":{"content-type":"","om_disable_all_campaigns":false,"_monsterinsights_skip_tracking":false,"_monsterinsights_sitenote_active":false,"_monsterinsights_sitenote_note":"","_monsterinsights_sitenote_category":0},"product_brand":[],"product_cat":[182,230],"product_tag":[],"class_list":{"0":"post-30307","1":"product","2":"type-product","3":"status-publish","4":"has-post-thumbnail","6":"product_cat-solar-inverter","7":"product_cat-low-voltage-inverter","9":"first","10":"instock","11":"shipping-taxable","12":"product-type-simple"},"_links":{"self":[{"href":"https:\/\/motoma.cn\/es\/wp-json\/wp\/v2\/product\/30307","targetHints":{"allow":["GET"]}}],"collection":[{"href":"https:\/\/motoma.cn\/es\/wp-json\/wp\/v2\/product"}],"about":[{"href":"https:\/\/motoma.cn\/es\/wp-json\/wp\/v2\/types\/product"}],"version-history":[{"count":6,"href":"https:\/\/motoma.cn\/es\/wp-json\/wp\/v2\/product\/30307\/revisions"}],"predecessor-version":[{"id":31283,"href":"https:\/\/motoma.cn\/es\/wp-json\/wp\/v2\/product\/30307\/revisions\/31283"}],"wp:featuredmedia":[{"embeddable":true,"href":"https:\/\/motoma.cn\/es\/wp-json\/wp\/v2\/media\/31022"}],"wp:attachment":[{"href":"https:\/\/motoma.cn\/es\/wp-json\/wp\/v2\/media?parent=30307"}],"wp:term":[{"taxonomy":"product_brand","embeddable":true,"href":"https:\/\/motoma.cn\/es\/wp-json\/wp\/v2\/product_brand?post=30307"},{"taxonomy":"product_cat","embeddable":true,"href":"https:\/\/motoma.cn\/es\/wp-json\/wp\/v2\/product_cat?post=30307"},{"taxonomy":"product_tag","embeddable":true,"href":"https:\/\/motoma.cn\/es\/wp-json\/wp\/v2\/product_tag?post=30307"}],"curies":[{"name":"wp","href":"https:\/\/api.w.org\/{rel}","templated":true}]}}