

{"id":31179,"date":"2025-02-05T11:25:35","date_gmt":"2025-02-05T11:25:35","guid":{"rendered":"https:\/\/motoma.cn\/es\/?post_type=product&#038;p=31179"},"modified":"2025-02-14T13:18:29","modified_gmt":"2025-02-14T13:18:29","slug":"25-6v-200ah-bess-m68pw-pro","status":"publish","type":"product","link":"https:\/\/motoma.cn\/es\/product\/25-6v-200ah-bess-m68pw-pro\/","title":{"rendered":"25.6V 200AH BESS (M68PW PRO)"},"content":{"rendered":"<p><strong>Visi\u00f3n general:<\/strong><br \/>\nLa bater\u00eda MOTOMA serie M LiFePO4 est\u00e1 dise\u00f1ada con una vida \u00fatil de 15 a\u00f1os o m\u00e1s para uso general, utilizando tecnolog\u00eda avanzada. Incorpora un BMS inteligente integrado para mayor seguridad, con dise\u00f1o SOC y protocolo de comunicaci\u00f3n para adaptarse a diferentes inversores de marcas. Adem\u00e1s, MOTOMA puede suministrar software personalizado para la comunicaci\u00f3n del BMS a trav\u00e9s de RS232 para configurar par\u00e1metros o leer datos de monitoreo.<\/p>\n<p>&nbsp;<\/p>\n<p><strong>Par\u00e1metros de la bater\u00eda:<\/strong><\/p>\n<table>\n<tbody>\n<tr>\n<td>N\u00famero de modelo de la bater\u00eda<\/td>\n<td>M68PW PRO<\/td>\n<\/tr>\n<tr>\n<td>Voltaje nominal<\/td>\n<td>25.6V<\/td>\n<\/tr>\n<tr>\n<td>Capacidad nominal<\/td>\n<td>200Ah<\/td>\n<\/tr>\n<tr>\n<td>Capacidad de potencia<\/td>\n<td>5.12KWH<\/td>\n<\/tr>\n<tr>\n<td>Vida \u00fatil de ciclos<\/td>\n<td>\u2265 6000 ciclos @80% DOD<\/td>\n<\/tr>\n<tr>\n<td>Rango de voltaje de operaci\u00f3n<\/td>\n<td>\u00a021.6V~29.2V<\/td>\n<\/tr>\n<tr>\n<td>Corriente m\u00e1xima de carga<\/td>\n<td>150A<\/td>\n<\/tr>\n<tr>\n<td>Corriente m\u00e1xima de descarga<\/td>\n<td>150A<\/td>\n<\/tr>\n<tr>\n<td>Voltaje final de carga<\/td>\n<td>28.8V<\/td>\n<\/tr>\n<tr>\n<td>Dimensiones (Largo x Ancho x Alto)<\/td>\n<td>800*650*200mm<\/td>\n<\/tr>\n<tr>\n<td>Peso unitario<\/td>\n<td>52Kg<\/td>\n<\/tr>\n<tr>\n<td>Comunicaci\u00f3n<\/td>\n<td>CAN\/RS232\/RS485<\/td>\n<\/tr>\n<tr>\n<td>M\u00f3dulo en paralelo<\/td>\n<td>Soporte para hasta 15 paquetes.<\/td>\n<\/tr>\n<tr>\n<td>Protecci\u00f3n del BMS<\/td>\n<td>Soporte<\/td>\n<\/tr>\n<tr>\n<td>Rango de temperatura de carga<\/td>\n<td>0~45<sup>o<\/sup>C<\/td>\n<\/tr>\n<tr>\n<td>Rango de temperatura de descarga<\/td>\n<td>-20~60<sup>o<\/sup>C<\/td>\n<\/tr>\n<tr>\n<td>Certificaci\u00f3n<\/td>\n<td>ISO \/ UL \/ IEC \/CE \/ UN38.3 \/MSDS<\/td>\n<\/tr>\n<\/tbody>\n<\/table>\n<p>&nbsp;<\/p>\n<p><strong>Caracter\u00edsticas principales:<\/strong><\/p>\n<ul>\n<li>Con dise\u00f1o SOC.<\/li>\n<li>Soporte para monitoreo remoto.<\/li>\n<li>Soporte para monitoreo a trav\u00e9s de la aplicaci\u00f3n del inversor.<\/li>\n<li>Soporte para descarga de alta potencia.<\/li>\n<li>M\u00e1s peque\u00f1as, m\u00e1s ligeras y de vida \u00fatil m\u00e1s larga.<\/li>\n<\/ul>\n<p>&nbsp;<\/p>\n<p><strong>Ventajas de la bater\u00eda:<\/strong><\/p>\n<ul>\n<li>Celdas de grado A superior, aprobadas en la prueba UL1973.<\/li>\n<li>Larga vida \u00fatil de ciclos.<\/li>\n<li>Alta eficiencia de salida de energ\u00eda: &gt;96%.<\/li>\n<li>Bater\u00edas de baja autodescarga.<\/li>\n<li>Con protecci\u00f3n inteligente del BMS, m\u00e1s seguras.<\/li>\n<li>Tama\u00f1o peque\u00f1o, peso ligero (30% del tama\u00f1o \/ peso de las bater\u00edas de \u00e1cido de plomo).<\/li>\n<li>Bater\u00edas respetuosas con el medio ambiente.<\/li>\n<\/ul>\n<p>&nbsp;<\/p>\n<p><strong>Aplicaciones:<\/strong><\/p>\n<ul>\n<li>Sistema de generaci\u00f3n de energ\u00eda (energ\u00eda solar o e\u00f3lica).<\/li>\n<li>Sistema de almacenamiento de energ\u00eda dom\u00e9stica.<\/li>\n<li>Sistema de control autom\u00e1tico y m\u00e1quina ATM.<\/li>\n<li>Aparatos y equipos electr\u00f3nicos.<\/li>\n<li>Luz de emergencia y respaldo de emergencia.<\/li>\n<li>Suministro de energ\u00eda y sistema de alarma \/ seguridad.<\/li>\n<li>Energ\u00eda de comunicaci\u00f3n y energ\u00eda de CC.<\/li>\n<li>Sistema de energ\u00eda el\u00e9ctrica (EPS).<\/li>\n<li>Sistema de energ\u00eda ininterrumpida (UPS).<\/li>\n<\/ul>\n<p>&nbsp;<\/p>\n","protected":false},"excerpt":{"rendered":"<p>Visi\u00f3n general: La bater\u00eda MOTOMA serie M LiFePO4 est\u00e1 dise\u00f1ada&hellip;<\/p>\n","protected":false},"featured_media":31148,"template":"","meta":{"content-type":"","om_disable_all_campaigns":false,"_monsterinsights_skip_tracking":false,"_monsterinsights_sitenote_active":false,"_monsterinsights_sitenote_note":"","_monsterinsights_sitenote_category":0},"product_brand":[],"product_cat":[72,223],"product_tag":[],"class_list":{"0":"post-31179","1":"product","2":"type-product","3":"status-publish","4":"has-post-thumbnail","6":"product_cat-lithium-battery","7":"product_cat-residential-storage-lithium-battery","9":"first","10":"instock","11":"virtual","12":"product-type-simple"},"_links":{"self":[{"href":"https:\/\/motoma.cn\/es\/wp-json\/wp\/v2\/product\/31179","targetHints":{"allow":["GET"]}}],"collection":[{"href":"https:\/\/motoma.cn\/es\/wp-json\/wp\/v2\/product"}],"about":[{"href":"https:\/\/motoma.cn\/es\/wp-json\/wp\/v2\/types\/product"}],"version-history":[{"count":6,"href":"https:\/\/motoma.cn\/es\/wp-json\/wp\/v2\/product\/31179\/revisions"}],"predecessor-version":[{"id":31260,"href":"https:\/\/motoma.cn\/es\/wp-json\/wp\/v2\/product\/31179\/revisions\/31260"}],"wp:featuredmedia":[{"embeddable":true,"href":"https:\/\/motoma.cn\/es\/wp-json\/wp\/v2\/media\/31148"}],"wp:attachment":[{"href":"https:\/\/motoma.cn\/es\/wp-json\/wp\/v2\/media?parent=31179"}],"wp:term":[{"taxonomy":"product_brand","embeddable":true,"href":"https:\/\/motoma.cn\/es\/wp-json\/wp\/v2\/product_brand?post=31179"},{"taxonomy":"product_cat","embeddable":true,"href":"https:\/\/motoma.cn\/es\/wp-json\/wp\/v2\/product_cat?post=31179"},{"taxonomy":"product_tag","embeddable":true,"href":"https:\/\/motoma.cn\/es\/wp-json\/wp\/v2\/product_tag?post=31179"}],"curies":[{"name":"wp","href":"https:\/\/api.w.org\/{rel}","templated":true}]}}