

{"id":31189,"date":"2025-02-05T11:29:10","date_gmt":"2025-02-05T11:29:10","guid":{"rendered":"https:\/\/motoma.cn\/es\/?post_type=product&#038;p=31189"},"modified":"2025-02-17T10:29:20","modified_gmt":"2025-02-17T10:29:20","slug":"axpert-king-iv-twin-6-kw","status":"publish","type":"product","link":"https:\/\/motoma.cn\/es\/product\/axpert-king-iv-twin-6-kw\/","title":{"rendered":"Axpert King IV TWIN 6 KW"},"content":{"rendered":"<p><strong>Visi\u00f3n general:<\/strong><br \/>\nAxpert King IV TWIN est\u00e1 dise\u00f1ado con un tiempo de transferencia cero, lo que lo hace perfecto para dispositivos cr\u00edticos como servidores y cajeros autom\u00e1ticos (ATMs). Est\u00e1 equipado con un potente cargador solar de 120A y un cargador de CA de 120A. El m\u00f3dulo de control LCD desmontable permite a los usuarios monitorear este inversor de forma remota. Adem\u00e1s, puede expandir su capacidad de potencia hasta 54KW\/55.8KW con 9 unidades en operaci\u00f3n en paralelo. Axpert King IV TWIN cuenta con dos salidas. La segunda salida se puede programar para encender\/apagar, establecer el voltaje de corte o el estado de carga (SOC) y el tiempo de descarga a trav\u00e9s de la configuraci\u00f3n en la pantalla LCD.<\/p>\n<p>&nbsp;<\/p>\n<p><strong>Principales caracter\u00edsticas:<\/strong><\/p>\n<ul>\n<li>Salidas duales para una gesti\u00f3n inteligente de la carga<\/li>\n<li>La corriente de entrada m\u00e1xima de PV aumenta a 27A<\/li>\n<li>Tiempo de transferencia cero (0ms) para proteger cargas cr\u00edticas como servidores y cajeros autom\u00e1ticos (ATMs)<\/li>\n<li>Amplio rango de voltaje de entrada de PV<\/li>\n<li>Bot\u00f3n t\u00e1ctil con pantalla LCD a color de 4.3&#8243; y m\u00faltiples opciones de comunicaci\u00f3n<\/li>\n<li>Corriente de carga de alta potencia seleccionable<\/li>\n<li>Wi-Fi integrado para monitoreo m\u00f3vil (App disponible)<\/li>\n<li>Prioridad de entrada CA\/Solar configurable a trav\u00e9s de la configuraci\u00f3n en la pantalla LCD<\/li>\n<li>Puerto de comunicaci\u00f3n reservado para BMS (RS485 o CAN-BUS)<\/li>\n<li>Compatible con la funci\u00f3n USB On-the-Go<\/li>\n<li>Operaci\u00f3n en paralelo hasta 9 unidades<\/li>\n<li>Garant\u00eda de 2 a\u00f1os<\/li>\n<\/ul>\n<p><strong>\u00a0<\/strong><\/p>\n<p>&nbsp;<\/p>\n<p>&nbsp;<\/p>\n","protected":false},"excerpt":{"rendered":"<p>Visi\u00f3n general: Axpert King IV TWIN est\u00e1 dise\u00f1ado con un&hellip;<\/p>\n","protected":false},"featured_media":31172,"template":"","meta":{"content-type":"","om_disable_all_campaigns":false,"_monsterinsights_skip_tracking":false,"_monsterinsights_sitenote_active":false,"_monsterinsights_sitenote_note":"","_monsterinsights_sitenote_category":0},"product_brand":[],"product_cat":[182,230],"product_tag":[],"class_list":{"0":"post-31189","1":"product","2":"type-product","3":"status-publish","4":"has-post-thumbnail","6":"product_cat-solar-inverter","7":"product_cat-low-voltage-inverter","9":"first","10":"instock","11":"shipping-taxable","12":"product-type-simple"},"_links":{"self":[{"href":"https:\/\/motoma.cn\/es\/wp-json\/wp\/v2\/product\/31189","targetHints":{"allow":["GET"]}}],"collection":[{"href":"https:\/\/motoma.cn\/es\/wp-json\/wp\/v2\/product"}],"about":[{"href":"https:\/\/motoma.cn\/es\/wp-json\/wp\/v2\/types\/product"}],"version-history":[{"count":3,"href":"https:\/\/motoma.cn\/es\/wp-json\/wp\/v2\/product\/31189\/revisions"}],"predecessor-version":[{"id":31274,"href":"https:\/\/motoma.cn\/es\/wp-json\/wp\/v2\/product\/31189\/revisions\/31274"}],"wp:featuredmedia":[{"embeddable":true,"href":"https:\/\/motoma.cn\/es\/wp-json\/wp\/v2\/media\/31172"}],"wp:attachment":[{"href":"https:\/\/motoma.cn\/es\/wp-json\/wp\/v2\/media?parent=31189"}],"wp:term":[{"taxonomy":"product_brand","embeddable":true,"href":"https:\/\/motoma.cn\/es\/wp-json\/wp\/v2\/product_brand?post=31189"},{"taxonomy":"product_cat","embeddable":true,"href":"https:\/\/motoma.cn\/es\/wp-json\/wp\/v2\/product_cat?post=31189"},{"taxonomy":"product_tag","embeddable":true,"href":"https:\/\/motoma.cn\/es\/wp-json\/wp\/v2\/product_tag?post=31189"}],"curies":[{"name":"wp","href":"https:\/\/api.w.org\/{rel}","templated":true}]}}