

{"id":31250,"date":"2025-02-13T14:30:21","date_gmt":"2025-02-13T14:30:21","guid":{"rendered":"https:\/\/motoma.cn\/es\/?post_type=product&#038;p=31250"},"modified":"2025-03-11T07:33:45","modified_gmt":"2025-03-11T07:33:45","slug":"so-spn-mc182-615-630n","status":"publish","type":"product","link":"https:\/\/motoma.cn\/es\/product\/so-spn-mc182-615-630n\/","title":{"rendered":"SO-SPN-MC182-615-630N"},"content":{"rendered":"<p><strong>Visi\u00f3n General:<\/strong><br \/>\nExperimenta el futuro de la tecnolog\u00eda solar con nuestros m\u00f3dulos bifaciales de vanguardia. Aprovechando el poder de la tecnolog\u00eda de c\u00e9lulas bifaciales de tipo N, nuestros paneles est\u00e1n dise\u00f1ados para un rendimiento y confiabilidad incomparables. Esto es lo que distingue a nuestros paneles:<\/p>\n<p>Tecnolog\u00eda de C\u00e9lulas Bifaciales de Tipo N: Utilizando las \u00faltimas innovaciones solares, nuestros paneles absorben la luz solar desde ambos lados, maximizando la captura de energ\u00eda.<\/p>\n<p>Potencia y Eficiencia Ultra Alta: Dise\u00f1ados para un rendimiento de primer nivel, nuestros m\u00f3dulos prometen una salida de potencia ultra alta, asegurando que aproveches al m\u00e1ximo cada rayo de luz solar.<\/p>\n<p>Coeficiente de Temperatura Optimizado: Con consideraciones de dise\u00f1o avanzadas, nuestros paneles mantienen una eficiencia \u00f3ptima incluso en condiciones de temperatura variables, garantizando una salida de energ\u00eda constante.<\/p>\n<p>Durabilidad con Menor Degradaci\u00f3n: Nuestros paneles est\u00e1n construidos para durar. Con una tasa de degradaci\u00f3n m\u00e1s baja, espera una vida \u00fatil prolongada y un rendimiento consistente a lo largo de los a\u00f1os.<\/p>\n<p>Mayor Ganancia Bifacial: Benef\u00edciate de hasta un 25% m\u00e1s de rendimiento el\u00e9ctrico, gracias a nuestra tecnolog\u00eda de c\u00e9lulas activas en ambos lados de los m\u00f3dulos de vidrio bifaciales.<\/p>\n<p>Rendimiento Sobresaliente en Bajas Condiciones de Luz: Ya sea al atardecer, al amanecer o en un d\u00eda nublado, nuestros m\u00f3dulos est\u00e1n dise\u00f1ados para proporcionar una salida de potencia superior incluso bajo condiciones de iluminaci\u00f3n sub\u00f3ptimas.<\/p>\n<p>Resistencia Excepcional al PID: Nuestros paneles solares est\u00e1n dise\u00f1ados para resistir la Degradaci\u00f3n Inducida por Potencial, asegurando que mantengan su eficiencia y salida de energ\u00eda con el tiempo.<\/p>\n<p>Confiabilidad Mejorada: Basados en a\u00f1os de experiencia en fabricaci\u00f3n y superando los est\u00e1ndares IEC, nuestros intensivos controles de calidad aseguran que cada m\u00f3dulo que recibas sea de la m\u00e1s alta calidad.<\/p>\n<p><strong>\u00a0<\/strong><\/p>\n<p><strong>Principales caracter\u00edsticas:<\/strong><\/p>\n<ul>\n<li>Tecnolog\u00eda de C\u00e9lulas Bifaciales de Tipo N<\/li>\n<li>Potencia y Eficiencia Ultra Alta<\/li>\n<li>Coeficiente de Temperatura Optimizado<\/li>\n<li>Degradaci\u00f3n Reducida<\/li>\n<li>Mayor Ganancia Bifacial<\/li>\n<li>Sobresaliente Rendimiento en Bajas Condiciones de Luz<\/li>\n<li>Resistencia Excepcional al PID<\/li>\n<li>Confiabilidad Mejorada<\/li>\n<\/ul>\n","protected":false},"excerpt":{"rendered":"<p>Visi\u00f3n General: Experimenta el futuro de la tecnolog\u00eda solar con&hellip;<\/p>\n","protected":false},"featured_media":28855,"template":"","meta":{"content-type":"","om_disable_all_campaigns":false,"_monsterinsights_skip_tracking":false,"_monsterinsights_sitenote_active":false,"_monsterinsights_sitenote_note":"","_monsterinsights_sitenote_category":0},"product_brand":[],"product_cat":[240,181],"product_tag":[],"class_list":{"0":"post-31250","1":"product","2":"type-product","3":"status-publish","4":"has-post-thumbnail","6":"product_cat-mono-topcon-n-type-bifacial","7":"product_cat-solar-panel","9":"first","10":"instock","11":"shipping-taxable","12":"product-type-simple"},"_links":{"self":[{"href":"https:\/\/motoma.cn\/es\/wp-json\/wp\/v2\/product\/31250","targetHints":{"allow":["GET"]}}],"collection":[{"href":"https:\/\/motoma.cn\/es\/wp-json\/wp\/v2\/product"}],"about":[{"href":"https:\/\/motoma.cn\/es\/wp-json\/wp\/v2\/types\/product"}],"version-history":[{"count":3,"href":"https:\/\/motoma.cn\/es\/wp-json\/wp\/v2\/product\/31250\/revisions"}],"predecessor-version":[{"id":31335,"href":"https:\/\/motoma.cn\/es\/wp-json\/wp\/v2\/product\/31250\/revisions\/31335"}],"wp:featuredmedia":[{"embeddable":true,"href":"https:\/\/motoma.cn\/es\/wp-json\/wp\/v2\/media\/28855"}],"wp:attachment":[{"href":"https:\/\/motoma.cn\/es\/wp-json\/wp\/v2\/media?parent=31250"}],"wp:term":[{"taxonomy":"product_brand","embeddable":true,"href":"https:\/\/motoma.cn\/es\/wp-json\/wp\/v2\/product_brand?post=31250"},{"taxonomy":"product_cat","embeddable":true,"href":"https:\/\/motoma.cn\/es\/wp-json\/wp\/v2\/product_cat?post=31250"},{"taxonomy":"product_tag","embeddable":true,"href":"https:\/\/motoma.cn\/es\/wp-json\/wp\/v2\/product_tag?post=31250"}],"curies":[{"name":"wp","href":"https:\/\/api.w.org\/{rel}","templated":true}]}}