

{"id":53914,"date":"2025-03-21T18:10:00","date_gmt":"2025-03-21T18:10:00","guid":{"rendered":"https:\/\/motoma.cn\/es\/?post_type=product&#038;p=53914"},"modified":"2025-04-28T23:18:12","modified_gmt":"2025-04-28T23:18:12","slug":"15kw-3-phase-s6-eh3p15k02-nv-yd-l","status":"publish","type":"product","link":"https:\/\/motoma.cn\/es\/product\/15kw-3-phase-s6-eh3p15k02-nv-yd-l\/","title":{"rendered":"6K\/8K &#8211; Single Phase"},"content":{"rendered":"<h6 data-start=\"115\" data-end=\"143\"><strong data-start=\"119\" data-end=\"143\">Descripci\u00f3n general:<\/strong><\/h6>\n<p class=\"\" data-start=\"145\" data-end=\"682\">La serie <strong data-start=\"154\" data-end=\"192\">MOTOMA Solis S6-EH1P (6\u20138)K-L-PLUS<\/strong> es un inversor h\u00edbrido inteligente y compacto, dise\u00f1ado para sistemas residenciales de almacenamiento de energ\u00eda solar.<br data-start=\"312\" data-end=\"315\" \/>Compatible con bater\u00edas de litio de baja tensi\u00f3n y de plomo-\u00e1cido (48V), y capaz de manejar hasta 190A de corriente de carga\/descarga, ofrece una conversi\u00f3n de energ\u00eda eficiente, integraci\u00f3n fluida y control inteligente a trav\u00e9s de aplicaciones m\u00f3viles y pantalla LCD local.<br data-start=\"589\" data-end=\"592\" \/>Ideal para hogares monof\u00e1sicos que buscan soluciones de respaldo energ\u00e9tico y autoconsumo.<\/p>\n<h6 data-start=\"689\" data-end=\"725\"><strong data-start=\"693\" data-end=\"725\">Caracter\u00edsticas principales:<\/strong><\/h6>\n<ul data-start=\"727\" data-end=\"2081\">\n<li class=\"\" data-start=\"727\" data-end=\"826\">\n<p class=\"\" data-start=\"729\" data-end=\"826\"><strong data-start=\"729\" data-end=\"761\">Compatibilidad con bater\u00edas:<\/strong> Funciona con bater\u00edas de ion-litio y de plomo-\u00e1cido (40V\u201360V).<\/p>\n<\/li>\n<li class=\"\" data-start=\"827\" data-end=\"968\">\n<p class=\"\" data-start=\"829\" data-end=\"968\"><strong data-start=\"829\" data-end=\"864\">Gesti\u00f3n inteligente de energ\u00eda:<\/strong> Incluye modos inteligentes como autoconsumo, prioridad de venta a la red y operaci\u00f3n fuera de la red.<\/p>\n<\/li>\n<li class=\"\" data-start=\"969\" data-end=\"1077\">\n<p class=\"\" data-start=\"971\" data-end=\"1077\"><strong data-start=\"971\" data-end=\"991\">Acoplamiento AC:<\/strong> Permite actualizaciones sencillas de sistemas fotovoltaicos ya conectados a la red.<\/p>\n<\/li>\n<li class=\"\" data-start=\"1078\" data-end=\"1199\">\n<p class=\"\" data-start=\"1080\" data-end=\"1199\"><strong data-start=\"1080\" data-end=\"1110\">Fuentes de energ\u00eda duales:<\/strong> El inversor y el generador pueden funcionar simult\u00e1neamente para alimentar las cargas.<\/p>\n<\/li>\n<li class=\"\" data-start=\"1200\" data-end=\"1330\">\n<p class=\"\" data-start=\"1202\" data-end=\"1330\"><strong data-start=\"1202\" data-end=\"1237\">Funci\u00f3n de cargas inteligentes:<\/strong> Soporta desconexi\u00f3n autom\u00e1tica de cargas no cr\u00edticas para priorizar las cargas esenciales.<\/p>\n<\/li>\n<li class=\"\" data-start=\"1331\" data-end=\"1455\">\n<p class=\"\" data-start=\"1333\" data-end=\"1455\"><strong data-start=\"1333\" data-end=\"1359\">Operaci\u00f3n en paralelo:<\/strong> Hasta 6 unidades pueden conectarse en paralelo para formar sistemas monof\u00e1sicos o trif\u00e1sicos.<\/p>\n<\/li>\n<li class=\"\" data-start=\"1456\" data-end=\"1583\">\n<p class=\"\" data-start=\"1458\" data-end=\"1583\"><strong data-start=\"1458\" data-end=\"1496\">Soporte de potencia de sobrecarga:<\/strong> Capacidad de sobrecarga del 200% durante 10 segundos \u2013 ideal para cargas inductivas.<\/p>\n<\/li>\n<li class=\"\" data-start=\"1584\" data-end=\"1696\">\n<p class=\"\" data-start=\"1586\" data-end=\"1696\"><strong data-start=\"1586\" data-end=\"1640\">Pantalla LCD colorida de 7&#8243; + Bluetooth integrado:<\/strong> Operaci\u00f3n local sin necesidad de conexi\u00f3n a internet.<\/p>\n<\/li>\n<li class=\"\" data-start=\"1697\" data-end=\"1769\">\n<p class=\"\" data-start=\"1699\" data-end=\"1769\"><strong data-start=\"1699\" data-end=\"1720\">Monitoreo remoto:<\/strong> Compatible con SolisCloud v\u00eda Wi-Fi, 4G y LAN.<\/p>\n<\/li>\n<li class=\"\" data-start=\"1770\" data-end=\"1866\">\n<p class=\"\" data-start=\"1772\" data-end=\"1866\"><strong data-start=\"1772\" data-end=\"1807\">Conmutaci\u00f3n a nivel UPS (&lt;4ms):<\/strong> Garantiza energ\u00eda ininterrumpida para equipos sensibles.<\/p>\n<\/li>\n<li class=\"\" data-start=\"1867\" data-end=\"1989\">\n<p class=\"\" data-start=\"1869\" data-end=\"1989\"><strong data-start=\"1869\" data-end=\"1893\">Protecci\u00f3n avanzada:<\/strong> Incluye AFCI, detecci\u00f3n de fallas a tierra, RCMU y protecci\u00f3n contra polaridad inversa en DC.<\/p>\n<\/li>\n<li class=\"\" data-start=\"1990\" data-end=\"2081\">\n<p class=\"\" data-start=\"1992\" data-end=\"2081\"><strong data-start=\"1992\" data-end=\"2029\">Dise\u00f1o preparado para exteriores:<\/strong> Clasificaci\u00f3n IP66 \u2013 resistente al polvo y al agua.<\/p>\n<\/li>\n<\/ul>\n","protected":false},"excerpt":{"rendered":"<p>Descripci\u00f3n general: La serie MOTOMA Solis S6-EH1P (6\u20138)K-L-PLUS es un&hellip;<\/p>\n","protected":false},"featured_media":53915,"template":"","meta":{"content-type":"","om_disable_all_campaigns":false,"_monsterinsights_skip_tracking":false,"_monsterinsights_sitenote_active":false,"_monsterinsights_sitenote_note":"","_monsterinsights_sitenote_category":0},"product_brand":[],"product_cat":[182,230],"product_tag":[],"class_list":{"0":"post-53914","1":"product","2":"type-product","3":"status-publish","4":"has-post-thumbnail","6":"product_cat-solar-inverter","7":"product_cat-low-voltage-inverter","9":"first","10":"instock","11":"shipping-taxable","12":"product-type-simple"},"_links":{"self":[{"href":"https:\/\/motoma.cn\/es\/wp-json\/wp\/v2\/product\/53914","targetHints":{"allow":["GET"]}}],"collection":[{"href":"https:\/\/motoma.cn\/es\/wp-json\/wp\/v2\/product"}],"about":[{"href":"https:\/\/motoma.cn\/es\/wp-json\/wp\/v2\/types\/product"}],"version-history":[{"count":5,"href":"https:\/\/motoma.cn\/es\/wp-json\/wp\/v2\/product\/53914\/revisions"}],"predecessor-version":[{"id":54168,"href":"https:\/\/motoma.cn\/es\/wp-json\/wp\/v2\/product\/53914\/revisions\/54168"}],"wp:featuredmedia":[{"embeddable":true,"href":"https:\/\/motoma.cn\/es\/wp-json\/wp\/v2\/media\/53915"}],"wp:attachment":[{"href":"https:\/\/motoma.cn\/es\/wp-json\/wp\/v2\/media?parent=53914"}],"wp:term":[{"taxonomy":"product_brand","embeddable":true,"href":"https:\/\/motoma.cn\/es\/wp-json\/wp\/v2\/product_brand?post=53914"},{"taxonomy":"product_cat","embeddable":true,"href":"https:\/\/motoma.cn\/es\/wp-json\/wp\/v2\/product_cat?post=53914"},{"taxonomy":"product_tag","embeddable":true,"href":"https:\/\/motoma.cn\/es\/wp-json\/wp\/v2\/product_tag?post=53914"}],"curies":[{"name":"wp","href":"https:\/\/api.w.org\/{rel}","templated":true}]}}