

{"id":53922,"date":"2025-03-21T18:19:00","date_gmt":"2025-03-21T18:19:00","guid":{"rendered":"https:\/\/motoma.cn\/es\/?post_type=product&#038;p=53922"},"modified":"2025-04-28T23:17:58","modified_gmt":"2025-04-28T23:17:58","slug":"50kw-3-phase-s6-eh3p50k-h","status":"publish","type":"product","link":"https:\/\/motoma.cn\/es\/product\/50kw-3-phase-s6-eh3p50k-h\/","title":{"rendered":"30K\/50K &#8211; Three Phase"},"content":{"rendered":"<h6 data-start=\"116\" data-end=\"144\"><strong data-start=\"120\" data-end=\"144\">Descripci\u00f3n general:<\/strong><\/h6>\n<p class=\"\" data-start=\"146\" data-end=\"692\">La serie <strong data-start=\"155\" data-end=\"189\">MOTOMA Solis S6-EH3P (30\u201350KW)<\/strong> es un inversor h\u00edbrido de alta capacidad y alta tensi\u00f3n, dise\u00f1ado para aplicaciones exigentes de almacenamiento de energ\u00eda trif\u00e1sica en sectores residenciales y comerciales.<br data-start=\"363\" data-end=\"366\" \/>Con una eficiencia MPPT de hasta el 99,9%, soporte para entradas de bater\u00eda duales (hasta 140A en total) y funciones inteligentes integradas como control de generador, gesti\u00f3n de picos de demanda (<strong data-start=\"563\" data-end=\"579\">peak shaving<\/strong>) y soporte para cargas inteligentes, proporciona una gesti\u00f3n energ\u00e9tica potente, flexible y altamente confiable.<\/p>\n<h6 data-start=\"699\" data-end=\"735\"><strong data-start=\"703\" data-end=\"735\">Caracter\u00edsticas principales:<\/strong><\/h6>\n<ul data-start=\"737\" data-end=\"2083\">\n<li class=\"\" data-start=\"737\" data-end=\"838\">\n<p class=\"\" data-start=\"739\" data-end=\"838\"><strong data-start=\"739\" data-end=\"768\">Entrada de doble bater\u00eda:<\/strong> Soporta 2 puertos de bater\u00eda con hasta 70A cada uno, 140A en total.<\/p>\n<\/li>\n<li class=\"\" data-start=\"839\" data-end=\"920\">\n<p class=\"\" data-start=\"841\" data-end=\"920\"><strong data-start=\"841\" data-end=\"877\">Alta potencia de carga\/descarga:<\/strong> Hasta 55KW de potencia total de bater\u00eda.<\/p>\n<\/li>\n<li class=\"\" data-start=\"921\" data-end=\"1011\">\n<p class=\"\" data-start=\"923\" data-end=\"1011\"><strong data-start=\"923\" data-end=\"954\">4 MPPTs con 20A por string:<\/strong> Compatible con m\u00f3dulos fotovoltaicos de 182mm y 210mm.<\/p>\n<\/li>\n<li class=\"\" data-start=\"1012\" data-end=\"1151\">\n<p class=\"\" data-start=\"1014\" data-end=\"1151\"><strong data-start=\"1014\" data-end=\"1061\">Sobretensi\u00f3n de 1.6\u00d7 en puerto de respaldo:<\/strong> Asegura el funcionamiento estable de cargas pesadas como bombas y aires acondicionados.<\/p>\n<\/li>\n<li class=\"\" data-start=\"1152\" data-end=\"1246\">\n<p class=\"\" data-start=\"1154\" data-end=\"1246\"><strong data-start=\"1154\" data-end=\"1202\">Soporte para desequilibrio de fases al 100%:<\/strong> Ideal para escenarios de carga complejos.<\/p>\n<\/li>\n<li class=\"\" data-start=\"1247\" data-end=\"1328\">\n<p class=\"\" data-start=\"1249\" data-end=\"1328\"><strong data-start=\"1249\" data-end=\"1284\">Hasta 6 inversores en paralelo:<\/strong> Escalable para proyectos de mayor tama\u00f1o.<\/p>\n<\/li>\n<li class=\"\" data-start=\"1329\" data-end=\"1437\">\n<p class=\"\" data-start=\"1331\" data-end=\"1437\"><strong data-start=\"1331\" data-end=\"1367\">Modos de operaci\u00f3n inteligentes:<\/strong> Autoconsumo, prioridad de venta a la red, y operaci\u00f3n fuera de red.<\/p>\n<\/li>\n<li class=\"\" data-start=\"1438\" data-end=\"1547\">\n<p class=\"\" data-start=\"1440\" data-end=\"1547\"><strong data-start=\"1440\" data-end=\"1512\">Gesti\u00f3n de cargas inteligentes + Acoplamiento AC + Gesti\u00f3n de picos:<\/strong> Optimizaci\u00f3n del uso energ\u00e9tico.<\/p>\n<\/li>\n<li class=\"\" data-start=\"1548\" data-end=\"1640\">\n<p class=\"\" data-start=\"1550\" data-end=\"1640\"><strong data-start=\"1550\" data-end=\"1595\">Conmutaci\u00f3n de respaldo en menos de 10ms:<\/strong> Rendimiento tipo UPS para cargas cr\u00edticas.<\/p>\n<\/li>\n<li class=\"\" data-start=\"1641\" data-end=\"1742\">\n<p class=\"\" data-start=\"1643\" data-end=\"1742\"><strong data-start=\"1643\" data-end=\"1686\">Pantalla LCD a color de 7\u201d + Bluetooth:<\/strong> Monitoreo local sin necesidad de conexi\u00f3n a internet.<\/p>\n<\/li>\n<li class=\"\" data-start=\"1743\" data-end=\"1830\">\n<p class=\"\" data-start=\"1745\" data-end=\"1830\"><strong data-start=\"1745\" data-end=\"1766\">Monitoreo remoto:<\/strong> Compatible con Wi-Fi, 4G, LAN y Ethernet mediante SolisCloud.<\/p>\n<\/li>\n<li class=\"\" data-start=\"1831\" data-end=\"1993\">\n<p class=\"\" data-start=\"1833\" data-end=\"1993\"><strong data-start=\"1833\" data-end=\"1870\">Paquete completo de protecciones:<\/strong> Incluye AFCI, protecci\u00f3n contra sobretensiones, monitoreo de aislamiento, polaridad inversa, cortocircuito, entre otros.<\/p>\n<\/li>\n<li class=\"\" data-start=\"1994\" data-end=\"2083\">\n<p class=\"\" data-start=\"1996\" data-end=\"2083\"><strong data-start=\"1996\" data-end=\"2026\">Preparado para exteriores:<\/strong> Clasificaci\u00f3n IP66, rango de operaci\u00f3n de -25\u00b0C a +60\u00b0C.<\/p>\n<\/li>\n<\/ul>\n","protected":false},"excerpt":{"rendered":"<p>Descripci\u00f3n general: La serie MOTOMA Solis S6-EH3P (30\u201350KW) es un&hellip;<\/p>\n","protected":false},"featured_media":53923,"template":"","meta":{"content-type":"","om_disable_all_campaigns":false,"_monsterinsights_skip_tracking":false,"_monsterinsights_sitenote_active":false,"_monsterinsights_sitenote_note":"","_monsterinsights_sitenote_category":0},"product_brand":[],"product_cat":[182,231],"product_tag":[],"class_list":{"0":"post-53922","1":"product","2":"type-product","3":"status-publish","4":"has-post-thumbnail","6":"product_cat-solar-inverter","7":"product_cat-high-voltage-inverter","9":"first","10":"instock","11":"shipping-taxable","12":"product-type-simple"},"_links":{"self":[{"href":"https:\/\/motoma.cn\/es\/wp-json\/wp\/v2\/product\/53922","targetHints":{"allow":["GET"]}}],"collection":[{"href":"https:\/\/motoma.cn\/es\/wp-json\/wp\/v2\/product"}],"about":[{"href":"https:\/\/motoma.cn\/es\/wp-json\/wp\/v2\/types\/product"}],"version-history":[{"count":6,"href":"https:\/\/motoma.cn\/es\/wp-json\/wp\/v2\/product\/53922\/revisions"}],"predecessor-version":[{"id":54163,"href":"https:\/\/motoma.cn\/es\/wp-json\/wp\/v2\/product\/53922\/revisions\/54163"}],"wp:featuredmedia":[{"embeddable":true,"href":"https:\/\/motoma.cn\/es\/wp-json\/wp\/v2\/media\/53923"}],"wp:attachment":[{"href":"https:\/\/motoma.cn\/es\/wp-json\/wp\/v2\/media?parent=53922"}],"wp:term":[{"taxonomy":"product_brand","embeddable":true,"href":"https:\/\/motoma.cn\/es\/wp-json\/wp\/v2\/product_brand?post=53922"},{"taxonomy":"product_cat","embeddable":true,"href":"https:\/\/motoma.cn\/es\/wp-json\/wp\/v2\/product_cat?post=53922"},{"taxonomy":"product_tag","embeddable":true,"href":"https:\/\/motoma.cn\/es\/wp-json\/wp\/v2\/product_tag?post=53922"}],"curies":[{"name":"wp","href":"https:\/\/api.w.org\/{rel}","templated":true}]}}