

{"id":53938,"date":"2025-03-24T07:24:00","date_gmt":"2025-03-24T07:24:00","guid":{"rendered":"https:\/\/motoma.cn\/es\/?post_type=product&#038;p=53938"},"modified":"2025-04-28T23:17:31","modified_gmt":"2025-04-28T23:17:31","slug":"12k-15k-three-phase-s6-eh3p12-15k02-nv-yd-l","status":"publish","type":"product","link":"https:\/\/motoma.cn\/es\/product\/12k-15k-three-phase-s6-eh3p12-15k02-nv-yd-l\/","title":{"rendered":"12K\/15K &#8211; Three Phase"},"content":{"rendered":"<h6 data-start=\"108\" data-end=\"136\"><strong data-start=\"112\" data-end=\"136\">Descripci\u00f3n general:<\/strong><\/h6>\n<p class=\"\" data-start=\"138\" data-end=\"706\">La serie <strong data-start=\"147\" data-end=\"183\">MOTOMA Solis S6-EH3P (12KW\u201315KW)<\/strong> representa una nueva generaci\u00f3n de inversores h\u00edbridos trif\u00e1sicos de baja tensi\u00f3n, dise\u00f1ada para sistemas de almacenamiento de energ\u00eda residenciales y comerciales de peque\u00f1a escala.<br data-start=\"365\" data-end=\"368\" \/>Es compatible con bater\u00edas de ion-litio y de plomo-\u00e1cido, ofreciendo configuraciones flexibles y una potente capacidad de carga\/descarga de hasta 290A.<br data-start=\"519\" data-end=\"522\" \/>Con gesti\u00f3n inteligente de cargas, conmutaci\u00f3n fluida al modo de respaldo y conectividad avanzada, garantiza un rendimiento confiable, independencia energ\u00e9tica y ahorros a largo plazo.<\/p>\n<h6 data-start=\"713\" data-end=\"749\"><strong data-start=\"717\" data-end=\"749\">Caracter\u00edsticas principales:<\/strong><\/h6>\n<ul data-start=\"751\" data-end=\"2149\">\n<li class=\"\" data-start=\"751\" data-end=\"842\">\n<p class=\"\" data-start=\"753\" data-end=\"842\"><strong data-start=\"753\" data-end=\"792\">Compatibilidad con bater\u00edas de 48V:<\/strong> Soporta bater\u00edas de ion-litio y de plomo-\u00e1cido.<\/p>\n<\/li>\n<li class=\"\" data-start=\"843\" data-end=\"927\">\n<p class=\"\" data-start=\"845\" data-end=\"927\"><strong data-start=\"845\" data-end=\"884\">Corriente m\u00e1xima de carga\/descarga:<\/strong> 250A (modelo 12KW) y 290A (modelo 15KW).<\/p>\n<\/li>\n<li class=\"\" data-start=\"928\" data-end=\"1011\">\n<p class=\"\" data-start=\"930\" data-end=\"1011\"><strong data-start=\"930\" data-end=\"955\">Entradas dobles MPPT:<\/strong> Hasta 4 cadenas fotovoltaicas para el modelo de 15KW.<\/p>\n<\/li>\n<li class=\"\" data-start=\"1012\" data-end=\"1118\">\n<p class=\"\" data-start=\"1014\" data-end=\"1118\"><strong data-start=\"1014\" data-end=\"1053\">Compatibilidad con acoplamiento AC:<\/strong> Permite la actualizaci\u00f3n de sistemas fotovoltaicos existentes.<\/p>\n<\/li>\n<li class=\"\" data-start=\"1119\" data-end=\"1215\">\n<p class=\"\" data-start=\"1121\" data-end=\"1215\"><strong data-start=\"1121\" data-end=\"1148\">Soporte para generador:<\/strong> Arranque\/parada autom\u00e1tica y monitoreo del estado del generador.<\/p>\n<\/li>\n<li class=\"\" data-start=\"1216\" data-end=\"1348\">\n<p class=\"\" data-start=\"1218\" data-end=\"1348\"><strong data-start=\"1218\" data-end=\"1250\">Puerto de carga inteligente:<\/strong> Suministro\/desconexi\u00f3n de cargas no cr\u00edticas basadas en el estado de carga (SOC) de la bater\u00eda.<\/p>\n<\/li>\n<li class=\"\" data-start=\"1349\" data-end=\"1477\">\n<p class=\"\" data-start=\"1351\" data-end=\"1477\"><strong data-start=\"1351\" data-end=\"1388\">Soporte de operaci\u00f3n en paralelo:<\/strong> Hasta 6 inversores conectados en paralelo, formando sistemas monof\u00e1sicos o trif\u00e1sicos.<\/p>\n<\/li>\n<li class=\"\" data-start=\"1478\" data-end=\"1579\">\n<p class=\"\" data-start=\"1480\" data-end=\"1579\"><strong data-start=\"1480\" data-end=\"1505\">3 modos de operaci\u00f3n:<\/strong> Autoconsumo \/ Prioridad de inyecci\u00f3n a la red \/ Operaci\u00f3n fuera de red.<\/p>\n<\/li>\n<li class=\"\" data-start=\"1580\" data-end=\"1688\">\n<p class=\"\" data-start=\"1582\" data-end=\"1688\"><strong data-start=\"1582\" data-end=\"1625\">Pantalla LCD a color de 7\u201d + Bluetooth:<\/strong> Control local completo sin necesidad de conexi\u00f3n a internet.<\/p>\n<\/li>\n<li class=\"\" data-start=\"1689\" data-end=\"1772\">\n<p class=\"\" data-start=\"1691\" data-end=\"1772\"><strong data-start=\"1691\" data-end=\"1712\">Monitoreo remoto:<\/strong> Compatible con Wi-Fi, 4G, LAN y la aplicaci\u00f3n SolisCloud.<\/p>\n<\/li>\n<li class=\"\" data-start=\"1773\" data-end=\"1876\">\n<p class=\"\" data-start=\"1775\" data-end=\"1876\"><strong data-start=\"1775\" data-end=\"1824\">Conmutaci\u00f3n a modo respaldo en menos de 10ms:<\/strong> Cambio r\u00e1pido y fluido durante cortes de energ\u00eda.<\/p>\n<\/li>\n<li class=\"\" data-start=\"1877\" data-end=\"1991\">\n<p class=\"\" data-start=\"1879\" data-end=\"1991\"><strong data-start=\"1879\" data-end=\"1902\">Clasificaci\u00f3n IP66:<\/strong> Adecuado para instalaciones en interiores y exteriores, resistente al polvo y al agua.<\/p>\n<\/li>\n<li class=\"\" data-start=\"1992\" data-end=\"2149\">\n<p class=\"\" data-start=\"1994\" data-end=\"2149\"><strong data-start=\"1994\" data-end=\"2021\">Protecciones avanzadas:<\/strong> Incluye AFCI (protecci\u00f3n contra fallas de arco el\u00e9ctrico), protecci\u00f3n contra sobretensiones, cortocircuito y polaridad inversa.<\/p>\n<\/li>\n<\/ul>\n","protected":false},"excerpt":{"rendered":"<p>Descripci\u00f3n general: La serie MOTOMA Solis S6-EH3P (12KW\u201315KW) representa una&hellip;<\/p>\n","protected":false},"featured_media":53939,"template":"","meta":{"content-type":"","om_disable_all_campaigns":false,"_monsterinsights_skip_tracking":false,"_monsterinsights_sitenote_active":false,"_monsterinsights_sitenote_note":"","_monsterinsights_sitenote_category":0},"product_brand":[],"product_cat":[182,230],"product_tag":[],"class_list":{"0":"post-53938","1":"product","2":"type-product","3":"status-publish","4":"has-post-thumbnail","6":"product_cat-solar-inverter","7":"product_cat-low-voltage-inverter","9":"first","10":"instock","11":"shipping-taxable","12":"product-type-simple"},"_links":{"self":[{"href":"https:\/\/motoma.cn\/es\/wp-json\/wp\/v2\/product\/53938","targetHints":{"allow":["GET"]}}],"collection":[{"href":"https:\/\/motoma.cn\/es\/wp-json\/wp\/v2\/product"}],"about":[{"href":"https:\/\/motoma.cn\/es\/wp-json\/wp\/v2\/types\/product"}],"version-history":[{"count":4,"href":"https:\/\/motoma.cn\/es\/wp-json\/wp\/v2\/product\/53938\/revisions"}],"predecessor-version":[{"id":54157,"href":"https:\/\/motoma.cn\/es\/wp-json\/wp\/v2\/product\/53938\/revisions\/54157"}],"wp:featuredmedia":[{"embeddable":true,"href":"https:\/\/motoma.cn\/es\/wp-json\/wp\/v2\/media\/53939"}],"wp:attachment":[{"href":"https:\/\/motoma.cn\/es\/wp-json\/wp\/v2\/media?parent=53938"}],"wp:term":[{"taxonomy":"product_brand","embeddable":true,"href":"https:\/\/motoma.cn\/es\/wp-json\/wp\/v2\/product_brand?post=53938"},{"taxonomy":"product_cat","embeddable":true,"href":"https:\/\/motoma.cn\/es\/wp-json\/wp\/v2\/product_cat?post=53938"},{"taxonomy":"product_tag","embeddable":true,"href":"https:\/\/motoma.cn\/es\/wp-json\/wp\/v2\/product_tag?post=53938"}],"curies":[{"name":"wp","href":"https:\/\/api.w.org\/{rel}","templated":true}]}}