

{"id":53945,"date":"2025-03-24T07:54:00","date_gmt":"2025-03-24T07:54:00","guid":{"rendered":"https:\/\/motoma.cn\/es\/?post_type=product&#038;p=53945"},"modified":"2025-04-28T23:17:18","modified_gmt":"2025-04-28T23:17:18","slug":"12k-15k-20k-three-phase-s6-eh3p12-20k-h","status":"publish","type":"product","link":"https:\/\/motoma.cn\/es\/product\/12k-15k-20k-three-phase-s6-eh3p12-20k-h\/","title":{"rendered":"20K &#8211; Three Phase"},"content":{"rendered":"<h6 data-start=\"114\" data-end=\"142\"><strong data-start=\"118\" data-end=\"142\">Descripci\u00f3n general:<\/strong><\/h6>\n<p class=\"\" data-start=\"144\" data-end=\"655\">La serie <strong data-start=\"153\" data-end=\"189\">MOTOMA Solis S6-EH3P (12KW\u201320KW)<\/strong> es un sistema robusto de inversor h\u00edbrido de alta tensi\u00f3n, dise\u00f1ado para aplicaciones de almacenamiento de energ\u00eda en sistemas trif\u00e1sicos residenciales y comerciales de peque\u00f1a escala.<br data-start=\"374\" data-end=\"377\" \/>Con soporte para m\u00faltiples funciones inteligentes, protecciones avanzadas y una conmutaci\u00f3n fluida entre operaci\u00f3n en red y fuera de red, ofrece una soluci\u00f3n confiable y eficiente para maximizar el uso de energ\u00eda solar y garantizar un suministro continuo de energ\u00eda de respaldo.<\/p>\n<h6 data-start=\"662\" data-end=\"698\"><strong data-start=\"666\" data-end=\"698\">Caracter\u00edsticas principales:<\/strong><\/h6>\n<ul data-start=\"700\" data-end=\"1934\">\n<li class=\"\" data-start=\"700\" data-end=\"794\">\n<p class=\"\" data-start=\"702\" data-end=\"794\"><strong data-start=\"702\" data-end=\"742\">Sistema de bater\u00edas de alta tensi\u00f3n:<\/strong> Compatible con bater\u00edas de ion-litio de 120\u2013800V.<\/p>\n<\/li>\n<li class=\"\" data-start=\"795\" data-end=\"922\">\n<p class=\"\" data-start=\"797\" data-end=\"922\"><strong data-start=\"797\" data-end=\"834\">Alta corriente de carga\/descarga:<\/strong> Hasta 50A por canal, con una corriente de salida AC m\u00e1xima de 30.4A (modelo de 20KW).<\/p>\n<\/li>\n<li class=\"\" data-start=\"923\" data-end=\"1029\">\n<p class=\"\" data-start=\"925\" data-end=\"1029\"><strong data-start=\"925\" data-end=\"961\">Modos de operaci\u00f3n inteligentes:<\/strong> Autoconsumo, Prioridad de inyecci\u00f3n a la red y Modo fuera de red.<\/p>\n<\/li>\n<li class=\"\" data-start=\"1030\" data-end=\"1157\">\n<p class=\"\" data-start=\"1032\" data-end=\"1157\"><strong data-start=\"1032\" data-end=\"1058\">Operaci\u00f3n en paralelo:<\/strong> Conexi\u00f3n de hasta 6 inversores para formar sistemas monof\u00e1sicos o trif\u00e1sicos de mayor capacidad.<\/p>\n<\/li>\n<li class=\"\" data-start=\"1158\" data-end=\"1261\">\n<p class=\"\" data-start=\"1160\" data-end=\"1261\"><strong data-start=\"1160\" data-end=\"1193\">Soporte para generador y ATS:<\/strong> Opciones de arranque\/parada autom\u00e1tica y enrutamiento de energ\u00eda.<\/p>\n<\/li>\n<li class=\"\" data-start=\"1262\" data-end=\"1365\">\n<p class=\"\" data-start=\"1264\" data-end=\"1365\"><strong data-start=\"1264\" data-end=\"1303\">Compatibilidad con acoplamiento AC:<\/strong> Integraci\u00f3n sencilla con sistemas fotovoltaicos existentes.<\/p>\n<\/li>\n<li class=\"\" data-start=\"1366\" data-end=\"1485\">\n<p class=\"\" data-start=\"1368\" data-end=\"1485\"><strong data-start=\"1368\" data-end=\"1403\">Funci\u00f3n de cargas inteligentes:<\/strong> Control de cargas no cr\u00edticas basado en el estado de carga (SOC) de la bater\u00eda.<\/p>\n<\/li>\n<li class=\"\" data-start=\"1486\" data-end=\"1600\">\n<p class=\"\" data-start=\"1488\" data-end=\"1600\"><strong data-start=\"1488\" data-end=\"1539\">Pantalla LCD a color de 7 pulgadas + Bluetooth:<\/strong> Control completo local sin necesidad de acceso a internet.<\/p>\n<\/li>\n<li class=\"\" data-start=\"1601\" data-end=\"1684\">\n<p class=\"\" data-start=\"1603\" data-end=\"1684\"><strong data-start=\"1603\" data-end=\"1624\">Monitoreo remoto:<\/strong> Compatible con Wi-Fi, 4G, LAN y la aplicaci\u00f3n SolisCloud.<\/p>\n<\/li>\n<li class=\"\" data-start=\"1685\" data-end=\"1785\">\n<p class=\"\" data-start=\"1687\" data-end=\"1785\"><strong data-start=\"1687\" data-end=\"1710\">Clasificaci\u00f3n IP66:<\/strong> Resistente al polvo y al agua, ideal para entornos exteriores exigentes.<\/p>\n<\/li>\n<li class=\"\" data-start=\"1786\" data-end=\"1934\">\n<p class=\"\" data-start=\"1788\" data-end=\"1934\"><strong data-start=\"1788\" data-end=\"1825\">Funciones avanzadas de seguridad:<\/strong> Protecci\u00f3n AFCI, monitoreo de aislamiento, protecci\u00f3n contra cortocircuito, RCD, protecci\u00f3n anti-isla y m\u00e1s.<\/p>\n<\/li>\n<\/ul>\n","protected":false},"excerpt":{"rendered":"<p>Descripci\u00f3n general: La serie MOTOMA Solis S6-EH3P (12KW\u201320KW) es un&hellip;<\/p>\n","protected":false},"featured_media":53946,"template":"","meta":{"content-type":"","om_disable_all_campaigns":false,"_monsterinsights_skip_tracking":false,"_monsterinsights_sitenote_active":false,"_monsterinsights_sitenote_note":"","_monsterinsights_sitenote_category":0},"product_brand":[],"product_cat":[182,231],"product_tag":[],"class_list":{"0":"post-53945","1":"product","2":"type-product","3":"status-publish","4":"has-post-thumbnail","6":"product_cat-solar-inverter","7":"product_cat-high-voltage-inverter","9":"first","10":"instock","11":"shipping-taxable","12":"product-type-simple"},"_links":{"self":[{"href":"https:\/\/motoma.cn\/es\/wp-json\/wp\/v2\/product\/53945","targetHints":{"allow":["GET"]}}],"collection":[{"href":"https:\/\/motoma.cn\/es\/wp-json\/wp\/v2\/product"}],"about":[{"href":"https:\/\/motoma.cn\/es\/wp-json\/wp\/v2\/types\/product"}],"version-history":[{"count":5,"href":"https:\/\/motoma.cn\/es\/wp-json\/wp\/v2\/product\/53945\/revisions"}],"predecessor-version":[{"id":54153,"href":"https:\/\/motoma.cn\/es\/wp-json\/wp\/v2\/product\/53945\/revisions\/54153"}],"wp:featuredmedia":[{"embeddable":true,"href":"https:\/\/motoma.cn\/es\/wp-json\/wp\/v2\/media\/53946"}],"wp:attachment":[{"href":"https:\/\/motoma.cn\/es\/wp-json\/wp\/v2\/media?parent=53945"}],"wp:term":[{"taxonomy":"product_brand","embeddable":true,"href":"https:\/\/motoma.cn\/es\/wp-json\/wp\/v2\/product_brand?post=53945"},{"taxonomy":"product_cat","embeddable":true,"href":"https:\/\/motoma.cn\/es\/wp-json\/wp\/v2\/product_cat?post=53945"},{"taxonomy":"product_tag","embeddable":true,"href":"https:\/\/motoma.cn\/es\/wp-json\/wp\/v2\/product_tag?post=53945"}],"curies":[{"name":"wp","href":"https:\/\/api.w.org\/{rel}","templated":true}]}}