

{"id":53960,"date":"2025-03-24T10:40:00","date_gmt":"2025-03-24T10:40:00","guid":{"rendered":"https:\/\/motoma.cn\/es\/?post_type=product&#038;p=53960"},"modified":"2025-04-28T23:17:01","modified_gmt":"2025-04-28T23:17:01","slug":"liquid-cooling-container-ess-m2500-5015","status":"publish","type":"product","link":"https:\/\/motoma.cn\/es\/product\/liquid-cooling-container-ess-m2500-5015\/","title":{"rendered":"Liquid-cooling Container ESS M2500-5015"},"content":{"rendered":"<h6 data-start=\"131\" data-end=\"159\"><strong data-start=\"135\" data-end=\"159\">Descripci\u00f3n general:<\/strong><\/h6>\n<p class=\"\" data-start=\"161\" data-end=\"497\">El <strong data-start=\"164\" data-end=\"183\">MOTOMA 5015 ESS<\/strong> est\u00e1 compuesto por una bater\u00eda de 314Ah, un paquete de bater\u00edas con refrigeraci\u00f3n l\u00edquida, cl\u00faster de bater\u00edas, sistema de distribuci\u00f3n de energ\u00eda, sistema de control de temperatura por refrigeraci\u00f3n l\u00edquida, sistema de protecci\u00f3n contra incendios, BMS (Sistema de Gesti\u00f3n de Bater\u00edas), entre otros componentes.<\/p>\n<p class=\"\" data-start=\"499\" data-end=\"1012\">La capacidad nominal del sistema es de <strong data-start=\"538\" data-end=\"552\">5015.96kWh<\/strong>.<br data-start=\"553\" data-end=\"556\" \/>Cada cl\u00faster est\u00e1 equipado con un subcontrolador para la gesti\u00f3n independiente de carga y descarga de un solo cl\u00faster.<br data-start=\"674\" data-end=\"677\" \/>Cada cl\u00faster est\u00e1 compuesto por ocho paquetes de bater\u00edas <strong data-start=\"735\" data-end=\"744\">1P52S<\/strong> conectados en serie.<br data-start=\"765\" data-end=\"768\" \/>Se utilizan celdas de bater\u00eda de alta densidad energ\u00e9tica de 314Ah, cuya energ\u00eda es dirigida a la interfaz externa del contenedor tras pasar por el subcontrolador.<br data-start=\"931\" data-end=\"934\" \/>El contenedor adopta un dise\u00f1o de mantenimiento externo (sin acceso interior).<\/p>\n<p class=\"\" data-start=\"1014\" data-end=\"1106\">Se recomienda su aplicaci\u00f3n en diversos escenarios de almacenamiento de energ\u00eda (ESS), como:<\/p>\n<ul data-start=\"1107\" data-end=\"1350\">\n<li class=\"\" data-start=\"1107\" data-end=\"1145\">\n<p class=\"\" data-start=\"1109\" data-end=\"1145\">Regulaci\u00f3n de frecuencia de picos,<\/p>\n<\/li>\n<li class=\"\" data-start=\"1146\" data-end=\"1181\">\n<p class=\"\" data-start=\"1148\" data-end=\"1181\">Suavizado de salida de energ\u00eda,<\/p>\n<\/li>\n<li class=\"\" data-start=\"1182\" data-end=\"1213\">\n<p class=\"\" data-start=\"1184\" data-end=\"1213\">Soporte a la red el\u00e9ctrica,<\/p>\n<\/li>\n<li class=\"\" data-start=\"1214\" data-end=\"1350\">\n<p class=\"\" data-start=\"1216\" data-end=\"1350\">&#8220;Peak shaving&#8221; y &#8220;Valley filling&#8221;<br data-start=\"1249\" data-end=\"1252\" \/>tanto en el lado de generaci\u00f3n de energ\u00eda renovable, como en el lado de la red y el usuario final.<\/p>\n<\/li>\n<\/ul>\n<h6 data-start=\"1357\" data-end=\"1380\"><strong data-start=\"1361\" data-end=\"1380\">Par\u00e1metros ESS:<\/strong><\/h6>\n<table style=\"width: 100%; border-collapse: collapse; font-family: Arial, sans-serif; font-size: 14px; text-align: center;\">\n<thead>\n<tr style=\"color: white;\">\n<th style=\"padding: 8px; border: 1px solid black; background-color: #a51d1d;\">Tipo<\/th>\n<th style=\"padding: 8px; border: 1px solid black; background-color: #a51d1d;\">Name<\/th>\n<th style=\"padding: 8px; border: 1px solid black; background-color: #a51d1d;\">Parameters<\/th>\n<th style=\"padding: 8px; border: 1px solid black; background-color: #a51d1d;\">Remarks<\/th>\n<\/tr>\n<\/thead>\n<tbody>\n<tr>\n<td style=\"background-color: #ffffff; color: black; font-weight: bold; padding: 8px; border: 1px solid black; vertical-align: middle;\" rowspan=\"11\">Par\u00e1metros de Bater\u00eda<\/td>\n<td style=\"padding: 8px; border: 1px solid black;\">Tipo de celda<\/td>\n<td style=\"padding: 8px; border: 1px solid black;\">LFP-3.2V-314Ah<\/td>\n<td style=\"padding: 8px; border: 1px solid black;\"><\/td>\n<\/tr>\n<tr>\n<td style=\"padding: 8px; border: 1px solid black;\">Capacidad nominal [kWh]<\/td>\n<td style=\"padding: 8px; border: 1px solid black;\">5015.96<\/td>\n<td style=\"padding: 8px; border: 1px solid black;\">P2, @25\u00b0C\u00b13\u00b0C<\/td>\n<\/tr>\n<tr>\n<td style=\"padding: 8px; border: 1px solid black;\">Voltaje nominal [V]<\/td>\n<td style=\"padding: 8px; border: 1px solid black;\">1331.2<\/td>\n<td style=\"padding: 8px; border: 1px solid black;\"><\/td>\n<\/tr>\n<tr>\n<td style=\"padding: 8px; border: 1px solid black;\">Rango de voltaje [V]<\/td>\n<td style=\"padding: 8px; border: 1px solid black;\">1164.8~1497.6<\/td>\n<td style=\"padding: 8px; border: 1px solid black;\"><\/td>\n<\/tr>\n<tr>\n<td style=\"padding: 8px; border: 1px solid black;\">Relaci\u00f3n carga\/descarga<\/td>\n<td style=\"padding: 8px; border: 1px solid black;\">\u22640.5CP<\/td>\n<td style=\"padding: 8px; border: 1px solid black;\"><\/td>\n<\/tr>\n<tr>\n<td style=\"padding: 8px; border: 1px solid black;\">Potencia m\u00e1xima carga\/descarga [kW]<\/td>\n<td style=\"padding: 8px; border: 1px solid black;\">2500<\/td>\n<td style=\"padding: 8px; border: 1px solid black;\">PCS modular de 215kW<\/td>\n<\/tr>\n<tr>\n<td style=\"padding: 8px; border: 1px solid black;\">Temperatura de operaci\u00f3n<\/td>\n<td style=\"padding: 8px; border: 1px solid black;\">Carga: 0~50\u00b0C<br \/>\nDescarga: -20~55\u00b0C<\/td>\n<td style=\"padding: 8px; border: 1px solid black;\"><\/td>\n<\/tr>\n<tr>\n<td style=\"padding: 8px; border: 1px solid black;\">Temperatura ambiente recomendada [\u00b0C]<\/td>\n<td style=\"padding: 8px; border: 1px solid black;\">25\u00b110<\/td>\n<td style=\"padding: 8px; border: 1px solid black;\"><\/td>\n<\/tr>\n<tr>\n<td style=\"padding: 8px; border: 1px solid black;\">Ciclos de vida \u00fatil<\/td>\n<td style=\"padding: 8px; border: 1px solid black;\">\u22656000 times<\/td>\n<td style=\"padding: 8px; border: 1px solid black;\">25\u00b110\u00b0C, 90%DOD, 80%EOL<\/td>\n<\/tr>\n<tr>\n<td style=\"padding: 8px; border: 1px solid black;\">M\u00e9todo de enfriamiento<\/td>\n<td style=\"padding: 8px; border: 1px solid black;\">Liquid cooling<\/td>\n<td style=\"padding: 8px; border: 1px solid black;\">Medio de enfriamiento: agua + glicol<\/td>\n<\/tr>\n<tr>\n<td style=\"padding: 8px; border: 1px solid black;\">BMS<\/td>\n<td style=\"padding: 8px; border: 1px solid black;\">Level 3<\/td>\n<td style=\"padding: 8px; border: 1px solid black;\"><\/td>\n<\/tr>\n<tr>\n<td style=\"background-color: #ffffff; color: black; font-weight: bold; padding: 8px; border: 1px solid black; vertical-align: middle;\" rowspan=\"17\">Par\u00e1metros del Sistema<\/td>\n<td style=\"padding: 8px; border: 1px solid black;\">Par\u00e1metro el\u00e9ctrico auxiliar<\/td>\n<td style=\"padding: 8px; border: 1px solid black;\">~40kW-400V\/50Hz<\/td>\n<td style=\"padding: 8px; border: 1px solid black;\">~3N+PE<\/td>\n<\/tr>\n<tr>\n<td style=\"padding: 8px; border: 1px solid black;\">Sistema de protecci\u00f3n contra incendios<\/td>\n<td style=\"padding: 8px; border: 1px solid black;\">Perfluorohexanone + water fire protection<\/td>\n<td style=\"padding: 8px; border: 1px solid black;\">Aerosol tipo S \/ HFC-227ea opcional<\/td>\n<\/tr>\n<tr>\n<td style=\"padding: 8px; border: 1px solid black;\">Nivel anticorrosi\u00f3n<\/td>\n<td style=\"padding: 8px; border: 1px solid black;\">C4<\/td>\n<td style=\"padding: 8px; border: 1px solid black;\">C5 opcional<\/td>\n<\/tr>\n<tr>\n<td style=\"padding: 8px; border: 1px solid black;\">Nivel de protecci\u00f3n contra rayos<\/td>\n<td style=\"padding: 8px; border: 1px solid black;\">Level II<\/td>\n<td style=\"padding: 8px; border: 1px solid black;\"><\/td>\n<\/tr>\n<tr>\n<td style=\"padding: 8px; border: 1px solid black;\">Protecci\u00f3n contra ingreso (IP)<\/td>\n<td style=\"padding: 8px; border: 1px solid black;\">IP55<\/td>\n<td style=\"padding: 8px; border: 1px solid black;\"><\/td>\n<\/tr>\n<tr>\n<td style=\"padding: 8px; border: 1px solid black;\">Rango de temperatura operativa [\u00b0C]<\/td>\n<td style=\"padding: 8px; border: 1px solid black;\">-20~+50<\/td>\n<td style=\"padding: 8px; border: 1px solid black;\">Reducci\u00f3n de potencia &gt;45\u00b0C<\/td>\n<\/tr>\n<tr>\n<td style=\"padding: 8px; border: 1px solid black;\">Temperatura de almacenamiento [\u00b0C]<\/td>\n<td style=\"padding: 8px; border: 1px solid black;\">-20~+55<\/td>\n<td style=\"padding: 8px; border: 1px solid black;\">&lt;6 meses<\/td>\n<\/tr>\n<tr>\n<td style=\"padding: 8px; border: 1px solid black;\">Rango de humedad operativa<\/td>\n<td style=\"padding: 8px; border: 1px solid black;\">0~95%RH<\/td>\n<td style=\"padding: 8px; border: 1px solid black;\">Sin condensaci\u00f3n<\/td>\n<\/tr>\n<tr>\n<td style=\"padding: 8px; border: 1px solid black;\">Modo de instalaci\u00f3n<\/td>\n<td style=\"padding: 8px; border: 1px solid black;\">Instalaci\u00f3n exterior<\/td>\n<td style=\"padding: 8px; border: 1px solid black;\"><\/td>\n<\/tr>\n<tr>\n<td style=\"padding: 8px; border: 1px solid black;\">Condiciones de operaci\u00f3n<\/td>\n<td style=\"padding: 8px; border: 1px solid black;\">M\u00e1x. 2 ciclos de carga\/descarga por d\u00eda<\/td>\n<td style=\"padding: 8px; border: 1px solid black;\"><\/td>\n<\/tr>\n<tr>\n<td style=\"padding: 8px; border: 1px solid black;\">Interfaz de comunicaci\u00f3n del sistema<\/td>\n<td style=\"padding: 8px; border: 1px solid black;\">CAN\/Ethernet\/RS485<\/td>\n<td style=\"padding: 8px; border: 1px solid black;\"><\/td>\n<\/tr>\n<tr>\n<td style=\"padding: 8px; border: 1px solid black;\">Protocolo de comunicaci\u00f3n externo<\/td>\n<td style=\"padding: 8px; border: 1px solid black;\">Modbus TCP<\/td>\n<td style=\"padding: 8px; border: 1px solid black;\"><\/td>\n<\/tr>\n<tr>\n<td style=\"padding: 8px; border: 1px solid black;\">Altitud [m]<\/td>\n<td style=\"padding: 8px; border: 1px solid black;\">\u22643000<\/td>\n<td style=\"padding: 8px; border: 1px solid black;\"><\/td>\n<\/tr>\n<tr>\n<td style=\"padding: 8px; border: 1px solid black;\">Dimensiones [Ancho x Profundidad x Altura mm]<\/td>\n<td style=\"padding: 8px; border: 1px solid black;\">6058*2438*2896<\/td>\n<td style=\"padding: 8px; border: 1px solid black;\">20 feet<\/td>\n<\/tr>\n<tr>\n<td style=\"padding: 8px; border: 1px solid black;\">Peso [Toneladas]<\/td>\n<td style=\"padding: 8px; border: 1px solid black;\">~41<\/td>\n<td style=\"padding: 8px; border: 1px solid black;\"><\/td>\n<\/tr>\n<tr>\n<td style=\"padding: 8px; border: 1px solid black;\">N\u00famero de modelo de bater\u00eda<\/td>\n<td style=\"padding: 8px; border: 1px solid black;\">M2500-5015<\/td>\n<td style=\"padding: 8px; border: 1px solid black;\"><\/td>\n<\/tr>\n<tr>\n<td style=\"padding: 8px; border: 1px solid black;\">Certificaciones<\/td>\n<td style=\"padding: 8px; border: 1px solid black;\" colspan=\"2\">GB\/T 36276, GB\/T 34131<\/td>\n<\/tr>\n<\/tbody>\n<\/table>\n<h6 data-start=\"5632\" data-end=\"5668\"><strong data-start=\"5636\" data-end=\"5668\">Caracter\u00edsticas principales:<\/strong><\/h6>\n<h6 data-start=\"5675\" data-end=\"5693\"><strong data-start=\"5679\" data-end=\"5693\">Seguridad:<\/strong><\/h6>\n<ul data-start=\"5694\" data-end=\"6336\">\n<li class=\"\" data-start=\"5694\" data-end=\"5808\">\n<p class=\"\" data-start=\"5696\" data-end=\"5808\">Detecci\u00f3n de nivel PACK y contenedor en milisegundos para lograr extinci\u00f3n de incendios dirigida mediante gas.<\/p>\n<\/li>\n<li class=\"\" data-start=\"5809\" data-end=\"5871\">\n<p class=\"\" data-start=\"5811\" data-end=\"5871\">Extinci\u00f3n de incendios por agua para evitar la reignici\u00f3n.<\/p>\n<\/li>\n<li class=\"\" data-start=\"5872\" data-end=\"5976\">\n<p class=\"\" data-start=\"5874\" data-end=\"5976\">Sistema de ventilaci\u00f3n de explosi\u00f3n de tercer nivel + escape activo para prevenir da\u00f1os secundarios.<\/p>\n<\/li>\n<li class=\"\" data-start=\"5977\" data-end=\"6092\">\n<p class=\"\" data-start=\"5979\" data-end=\"6092\">Aislamiento t\u00e9rmico de tres niveles para celdas, PACK y cl\u00fasteres, con resistencia al fuego superior a 2 horas.<\/p>\n<\/li>\n<li class=\"\" data-start=\"6093\" data-end=\"6231\">\n<p class=\"\" data-start=\"6095\" data-end=\"6231\">Mecanismo de protecci\u00f3n de cuatro niveles (PACK, cl\u00faster, conjunto y sistema) con fusibles, reduciendo riesgos de seguridad en un 30%.<\/p>\n<\/li>\n<li class=\"\" data-start=\"6232\" data-end=\"6336\">\n<p class=\"\" data-start=\"6234\" data-end=\"6336\">Material aislante ign\u00edfugo de nivel 5VA, incrementando la capacidad de resistencia al fuego en un 25%.<\/p>\n<\/li>\n<\/ul>\n<h6 data-start=\"6343\" data-end=\"6363\"><strong data-start=\"6347\" data-end=\"6363\">Simplicidad:<\/strong><\/h6>\n<ul data-start=\"6364\" data-end=\"6810\">\n<li class=\"\" data-start=\"6364\" data-end=\"6545\">\n<p class=\"\" data-start=\"6366\" data-end=\"6545\">Bater\u00eda de 314Ah, placa fr\u00eda extremadamente estrecha, contenedor HQ est\u00e1ndar de 20 pies con energ\u00eda nominal de 5.015 MWh, ocupando menos de 15m\u00b2, lo que optimiza los costos EPC.<\/p>\n<\/li>\n<li class=\"\" data-start=\"6546\" data-end=\"6680\">\n<p class=\"\" data-start=\"6548\" data-end=\"6680\">Arquitectura de strings y acoplamiento en lado AC que evita circulaci\u00f3n entre cl\u00fasteres y aumenta la potencia disponible en un 9%.<\/p>\n<\/li>\n<li class=\"\" data-start=\"6681\" data-end=\"6810\">\n<p class=\"\" data-start=\"6683\" data-end=\"6810\">El contenedor completo es prefabricado, instalado y probado en f\u00e1brica, reduciendo el tiempo de entrega del proyecto en un 50%.<\/p>\n<\/li>\n<\/ul>\n<h6 data-start=\"6817\" data-end=\"6838\"><strong data-start=\"6821\" data-end=\"6838\">Inteligencia:<\/strong><\/h6>\n<ul data-start=\"6839\" data-end=\"7363\">\n<li class=\"\" data-start=\"6839\" data-end=\"6913\">\n<p class=\"\" data-start=\"6841\" data-end=\"6913\">Diferencia de temperatura en el n\u00facleo de la bater\u00eda inferior a 2.5\u00b0C.<\/p>\n<\/li>\n<li class=\"\" data-start=\"6914\" data-end=\"7092\">\n<p class=\"\" data-start=\"6916\" data-end=\"7092\">Modelos de IA que predicen la vida \u00fatil restante y los riesgos de seguridad del n\u00facleo, guiando el mantenimiento preventivo y aumentando la vida \u00fatil de la bater\u00eda en un 12%.<\/p>\n<\/li>\n<li class=\"\" data-start=\"7093\" data-end=\"7276\">\n<p class=\"\" data-start=\"7095\" data-end=\"7276\">Ecualizaci\u00f3n activa sin p\u00e9rdidas, autorreparaci\u00f3n y autoequilibrio, control de cambio autom\u00e1tico por cl\u00faster \u00fanico, eliminando la necesidad de mantenimiento especializado in situ.<\/p>\n<\/li>\n<li class=\"\" data-start=\"7277\" data-end=\"7363\">\n<p class=\"\" data-start=\"7279\" data-end=\"7363\">Sistema inteligente de detecci\u00f3n y depuraci\u00f3n para prever errores de forma temprana.<\/p>\n<\/li>\n<\/ul>\n","protected":false},"excerpt":{"rendered":"<p>Descripci\u00f3n general: El MOTOMA 5015 ESS est\u00e1 compuesto por una&hellip;<\/p>\n","protected":false},"featured_media":53961,"template":"","meta":{"content-type":"","om_disable_all_campaigns":false,"_monsterinsights_skip_tracking":false,"_monsterinsights_sitenote_active":false,"_monsterinsights_sitenote_note":"","_monsterinsights_sitenote_category":0},"product_brand":[],"product_cat":[255,72],"product_tag":[],"class_list":{"0":"post-53960","1":"product","2":"type-product","3":"status-publish","4":"has-post-thumbnail","6":"product_cat-utilities-ess","7":"product_cat-lithium-battery","9":"first","10":"instock","11":"shipping-taxable","12":"product-type-simple"},"_links":{"self":[{"href":"https:\/\/motoma.cn\/es\/wp-json\/wp\/v2\/product\/53960","targetHints":{"allow":["GET"]}}],"collection":[{"href":"https:\/\/motoma.cn\/es\/wp-json\/wp\/v2\/product"}],"about":[{"href":"https:\/\/motoma.cn\/es\/wp-json\/wp\/v2\/types\/product"}],"version-history":[{"count":5,"href":"https:\/\/motoma.cn\/es\/wp-json\/wp\/v2\/product\/53960\/revisions"}],"predecessor-version":[{"id":54139,"href":"https:\/\/motoma.cn\/es\/wp-json\/wp\/v2\/product\/53960\/revisions\/54139"}],"wp:featuredmedia":[{"embeddable":true,"href":"https:\/\/motoma.cn\/es\/wp-json\/wp\/v2\/media\/53961"}],"wp:attachment":[{"href":"https:\/\/motoma.cn\/es\/wp-json\/wp\/v2\/media?parent=53960"}],"wp:term":[{"taxonomy":"product_brand","embeddable":true,"href":"https:\/\/motoma.cn\/es\/wp-json\/wp\/v2\/product_brand?post=53960"},{"taxonomy":"product_cat","embeddable":true,"href":"https:\/\/motoma.cn\/es\/wp-json\/wp\/v2\/product_cat?post=53960"},{"taxonomy":"product_tag","embeddable":true,"href":"https:\/\/motoma.cn\/es\/wp-json\/wp\/v2\/product_tag?post=53960"}],"curies":[{"name":"wp","href":"https:\/\/api.w.org\/{rel}","templated":true}]}}