

{"id":53980,"date":"2025-03-24T17:21:00","date_gmt":"2025-03-24T17:21:00","guid":{"rendered":"https:\/\/motoma.cn\/es\/?post_type=product&#038;p=53980"},"modified":"2025-04-28T23:16:53","modified_gmt":"2025-04-28T23:16:53","slug":"centralized-medium-voltage-converter-system-ft25-690v-3450kw","status":"publish","type":"product","link":"https:\/\/motoma.cn\/es\/product\/centralized-medium-voltage-converter-system-ft25-690v-3450kw\/","title":{"rendered":"Centralized Medium-Voltage Converter System FT25-690V 3450KW"},"content":{"rendered":"<h6 data-start=\"111\" data-end=\"139\"><strong data-start=\"115\" data-end=\"139\">Descripci\u00f3n general:<\/strong><\/h6>\n<p class=\"\" data-start=\"141\" data-end=\"498\">El <strong data-start=\"144\" data-end=\"170\">MOTOMA FT25-690V3450KW<\/strong> es un sistema de conversi\u00f3n de media tensi\u00f3n altamente integrado, dise\u00f1ado para aplicaciones del lado de la red, del lado del usuario y de energ\u00edas renovables.<br data-start=\"330\" data-end=\"333\" \/>Combina m\u00faltiples componentes de gesti\u00f3n de energ\u00eda en un solo contenedor compacto, asegurando un despliegue r\u00e1pido, alta fiabilidad y un mantenimiento simplificado.<\/p>\n<p class=\"\" data-start=\"500\" data-end=\"1014\">Gracias a su avanzada adaptabilidad a la red, incluyendo la capacidad de soportar sobre\/subtensiones, funci\u00f3n de \u201cblack start\u201d (arranque aut\u00f3nomo) y despacho r\u00e1pido de energ\u00eda, este sistema ofrece una estabilidad y eficiencia excepcionales.<br data-start=\"740\" data-end=\"743\" \/>Su arquitectura de doble bater\u00eda garantiza ciclos de carga\/descarga independientes, mejorando la vida \u00fatil de las bater\u00edas y reduciendo los riesgos operativos.<br data-start=\"902\" data-end=\"905\" \/>La unidad est\u00e1 optimizada para condiciones ambientales severas, siendo ideal para aplicaciones a gran escala.<\/p>\n<h6 data-start=\"1021\" data-end=\"1048\"><strong data-start=\"1025\" data-end=\"1048\">Par\u00e1metros del ESS:<\/strong><\/h6>\n<table style=\"width: 100%; border-collapse: collapse; font-family: Arial, sans-serif; font-size: 14px; text-align: center;\">\n<thead>\n<tr style=\"color: white;\">\n<th style=\"padding: 8px; border: 1px solid black; background-color: #a51d1d;\"><strong data-start=\"1052\" data-end=\"1065\">Categor\u00eda<\/strong><\/th>\n<th style=\"padding: 8px; border: 1px solid black; background-color: #a51d1d;\">Nombre<\/th>\n<th style=\"padding: 8px; border: 1px solid black; background-color: #a51d1d;\"><strong data-start=\"1121\" data-end=\"1134\">Par\u00e1metro<\/strong><\/th>\n<th style=\"padding: 8px; border: 1px solid black; background-color: #a51d1d;\">Nota<\/th>\n<\/tr>\n<\/thead>\n<tbody>\n<tr>\n<td style=\"background-color: #ffffff; color: black; font-weight: bold; padding: 8px; border: 1px solid black; vertical-align: middle;\" rowspan=\"4\"><strong data-start=\"1340\" data-end=\"1357\">Par\u00e1metros DC<\/strong><\/td>\n<td style=\"padding: 8px; border: 1px solid black;\">Voltaje m\u00e1ximo de entrada<\/td>\n<td style=\"padding: 8px; border: 1px solid black;\">1500V<\/td>\n<td style=\"padding: 8px; border: 1px solid black;\"><\/td>\n<\/tr>\n<tr>\n<td style=\"padding: 8px; border: 1px solid black;\">Corriente m\u00e1xima DC<\/td>\n<td style=\"padding: 8px; border: 1px solid black;\">3872A<\/td>\n<td style=\"padding: 8px; border: 1px solid black;\"><\/td>\n<\/tr>\n<tr>\n<td style=\"padding: 8px; border: 1px solid black;\">Rango de voltaje del grupo de bater\u00edas<\/td>\n<td style=\"padding: 8px; border: 1px solid black;\">1000~1500V<\/td>\n<td style=\"padding: 8px; border: 1px solid black;\"><\/td>\n<\/tr>\n<tr>\n<td style=\"padding: 8px; border: 1px solid black;\">N\u00famero m\u00e1ximo de grupos de bater\u00edas<\/td>\n<td style=\"padding: 8px; border: 1px solid black;\">2<\/td>\n<td style=\"padding: 8px; border: 1px solid black;\"><\/td>\n<\/tr>\n<tr>\n<td style=\"background-color: #ffffff; color: black; font-weight: bold; padding: 8px; border: 1px solid black; vertical-align: middle;\" rowspan=\"7\">Par\u00e1metros AC (Conexi\u00f3n a red)<\/td>\n<td style=\"padding: 8px; border: 1px solid black;\">Potencia nominal de salida AC<\/td>\n<td style=\"padding: 8px; border: 1px solid black;\">3450kW<\/td>\n<td style=\"padding: 8px; border: 1px solid black;\"><\/td>\n<\/tr>\n<tr>\n<td style=\"padding: 8px; border: 1px solid black;\">Potencia m\u00e1xima AC<\/td>\n<td style=\"padding: 8px; border: 1px solid black;\">3795kW<\/td>\n<td style=\"padding: 8px; border: 1px solid black;\"><\/td>\n<\/tr>\n<tr>\n<td style=\"padding: 8px; border: 1px solid black;\">Voltaje AC<\/td>\n<td style=\"padding: 8px; border: 1px solid black;\">690V<\/td>\n<td style=\"padding: 8px; border: 1px solid black;\"><\/td>\n<\/tr>\n<tr>\n<td style=\"padding: 8px; border: 1px solid black;\">Voltaje nominal de red<\/td>\n<td style=\"padding: 8px; border: 1px solid black;\">10kV\/20kV\/35kV<\/td>\n<td style=\"padding: 8px; border: 1px solid black;\"><\/td>\n<\/tr>\n<tr>\n<td style=\"padding: 8px; border: 1px solid black;\">Frecuencia nominal de red<\/td>\n<td style=\"padding: 8px; border: 1px solid black;\">50\/60Hz<\/td>\n<td style=\"padding: 8px; border: 1px solid black;\"><\/td>\n<\/tr>\n<tr>\n<td style=\"padding: 8px; border: 1px solid black;\">Distorsi\u00f3n arm\u00f3nica total (THD)<\/td>\n<td style=\"padding: 8px; border: 1px solid black;\">&lt;1.5%<\/td>\n<td style=\"padding: 8px; border: 1px solid black;\"><\/td>\n<\/tr>\n<tr>\n<td style=\"padding: 8px; border: 1px solid black;\">Factor de potencia<\/td>\n<td style=\"padding: 8px; border: 1px solid black;\">&gt;0.99 (at rated power)<\/td>\n<td style=\"padding: 8px; border: 1px solid black;\"><\/td>\n<\/tr>\n<tr>\n<td style=\"background-color: #ffffff; color: black; font-weight: bold; padding: 8px; border: 1px solid black; vertical-align: middle;\" rowspan=\"6\">Par\u00e1metros del Sistema<\/td>\n<td style=\"padding: 8px; border: 1px solid black;\">Eficiencia m\u00e1xima del sistema<\/td>\n<td style=\"padding: 8px; border: 1px solid black;\">98.31%<\/td>\n<td style=\"padding: 8px; border: 1px solid black;\"><\/td>\n<\/tr>\n<tr>\n<td style=\"padding: 8px; border: 1px solid black;\">Rango de temperatura de operaci\u00f3n<\/td>\n<td style=\"padding: 8px; border: 1px solid black;\">-30\u00b0C ~ +60\u00b0C<\/td>\n<td style=\"padding: 8px; border: 1px solid black;\"><\/td>\n<\/tr>\n<tr>\n<td style=\"padding: 8px; border: 1px solid black;\">Rango de humedad<\/td>\n<td style=\"padding: 8px; border: 1px solid black;\">0~100%RH<\/td>\n<td style=\"padding: 8px; border: 1px solid black;\">Sin condensaci\u00f3n<\/td>\n<\/tr>\n<tr>\n<td style=\"padding: 8px; border: 1px solid black;\">Altitud m\u00e1xima de operaci\u00f3n<\/td>\n<td style=\"padding: 8px; border: 1px solid black;\">5000m<\/td>\n<td style=\"padding: 8px; border: 1px solid black;\"><\/td>\n<\/tr>\n<tr>\n<td style=\"padding: 8px; border: 1px solid black;\">Interfaces de comunicaci\u00f3n del sistema<\/td>\n<td style=\"padding: 8px; border: 1px solid black;\">RS485\/Ethernet\/CAN<\/td>\n<td style=\"padding: 8px; border: 1px solid black;\"><\/td>\n<\/tr>\n<tr>\n<td style=\"padding: 8px; border: 1px solid black;\">Protocolos de comunicaci\u00f3n externos<\/td>\n<td style=\"padding: 8px; border: 1px solid black;\">Modbus TCP\/Modbus RTU<\/td>\n<td style=\"padding: 8px; border: 1px solid black;\"><\/td>\n<\/tr>\n<tr>\n<td style=\"background-color: #ffffff; color: black; font-weight: bold; padding: 8px; border: 1px solid black; vertical-align: middle;\" rowspan=\"4\">Par\u00e1metros Mec\u00e1nicos<\/td>\n<td style=\"padding: 8px; border: 1px solid black;\">Dimensiones (Largo \u00d7 Ancho \u00d7 Alto)<\/td>\n<td style=\"padding: 8px; border: 1px solid black;\">7620\u00d72438\u00d72896mm<\/td>\n<td style=\"padding: 8px; border: 1px solid black;\"><\/td>\n<\/tr>\n<tr>\n<td style=\"padding: 8px; border: 1px solid black;\">Peso<\/td>\n<td style=\"padding: 8px; border: 1px solid black;\">14500kg<\/td>\n<td style=\"padding: 8px; border: 1px solid black;\">Transformador tipo seco<\/td>\n<\/tr>\n<tr>\n<td style=\"padding: 8px; border: 1px solid black;\">Nivel de protecci\u00f3n<\/td>\n<td style=\"padding: 8px; border: 1px solid black;\">IP54<\/td>\n<td style=\"padding: 8px; border: 1px solid black;\"><\/td>\n<\/tr>\n<tr>\n<td style=\"padding: 8px; border: 1px solid black;\">Nivel de protecci\u00f3n contra corrosi\u00f3n<\/td>\n<td style=\"padding: 8px; border: 1px solid black;\">C3<\/td>\n<td style=\"padding: 8px; border: 1px solid black;\">C4 and C5 are optional<\/td>\n<\/tr>\n<tr>\n<td style=\"background-color: #ffffff; color: black; font-weight: bold; padding: 8px; border: 1px solid black; vertical-align: middle;\">Certificaciones<\/td>\n<td style=\"padding: 8px; border: 1px solid black;\" colspan=\"2\">GB\/T 34120, GB\/T 34133<\/td>\n<td style=\"padding: 8px; border: 1px solid black;\"><\/td>\n<\/tr>\n<\/tbody>\n<\/table>\n<p>&nbsp;<\/p>\n<h6 data-start=\"4482\" data-end=\"4518\"><strong data-start=\"4486\" data-end=\"4518\">Caracter\u00edsticas principales:<\/strong><\/h6>\n<ul data-start=\"4520\" data-end=\"5493\">\n<li class=\"\" data-start=\"4520\" data-end=\"4614\">\n<p class=\"\" data-start=\"4522\" data-end=\"4614\">Compatible con funciones <strong data-start=\"4547\" data-end=\"4568\">PQ, VF, SVG y VSG<\/strong>, y soporte para sobre\/subtensi\u00f3n de la red.<\/p>\n<\/li>\n<li class=\"\" data-start=\"4615\" data-end=\"4704\">\n<p class=\"\" data-start=\"4617\" data-end=\"4704\">Despacho r\u00e1pido de energ\u00eda, operaci\u00f3n fuera de la red y capacidad de <strong data-start=\"4686\" data-end=\"4701\">black start<\/strong>.<\/p>\n<\/li>\n<li class=\"\" data-start=\"4705\" data-end=\"4810\">\n<p class=\"\" data-start=\"4707\" data-end=\"4810\">Soporta dos grupos de bater\u00edas con gesti\u00f3n de carga\/descarga independiente, prolongando la vida \u00fatil.<\/p>\n<\/li>\n<li class=\"\" data-start=\"4811\" data-end=\"4875\">\n<p class=\"\" data-start=\"4813\" data-end=\"4875\">Dise\u00f1o racional y eficiente que maximiza el uso del espacio.<\/p>\n<\/li>\n<li class=\"\" data-start=\"4876\" data-end=\"4961\">\n<p class=\"\" data-start=\"4878\" data-end=\"4961\">Circuito secundario integrado con medici\u00f3n, protecci\u00f3n y comunicaci\u00f3n unificadas.<\/p>\n<\/li>\n<li class=\"\" data-start=\"4962\" data-end=\"5069\">\n<p class=\"\" data-start=\"4964\" data-end=\"5069\">Dise\u00f1o integrado de &#8220;transformaci\u00f3n&#8221; y &#8220;elevaci\u00f3n de tensi\u00f3n&#8221; para una entrega de producto todo en uno.<\/p>\n<\/li>\n<li class=\"\" data-start=\"5070\" data-end=\"5139\">\n<p class=\"\" data-start=\"5072\" data-end=\"5139\">Transporte, instalaci\u00f3n y mantenimiento m\u00e1s c\u00f3modos y eficientes.<\/p>\n<\/li>\n<li class=\"\" data-start=\"5140\" data-end=\"5246\">\n<p class=\"\" data-start=\"5142\" data-end=\"5246\">Apto para ambientes severos, incluyendo alta temperatura, alta humedad, gran altitud y alta salinidad.<\/p>\n<\/li>\n<li class=\"\" data-start=\"5247\" data-end=\"5375\">\n<p class=\"\" data-start=\"5249\" data-end=\"5375\">Control inteligente de la velocidad de ventiladores en m\u00faltiples etapas, operaci\u00f3n estable a 50\u00b0C sin reducci\u00f3n de potencia.<\/p>\n<\/li>\n<li class=\"\" data-start=\"5376\" data-end=\"5493\">\n<p class=\"\" data-start=\"5378\" data-end=\"5493\">Topolog\u00eda de tres niveles con eficiencia de conversi\u00f3n de hasta el 99%, proporcionando calidad de energ\u00eda superior.<\/p>\n<\/li>\n<\/ul>\n","protected":false},"excerpt":{"rendered":"<p>Descripci\u00f3n general: El MOTOMA FT25-690V3450KW es un sistema de conversi\u00f3n&hellip;<\/p>\n","protected":false},"featured_media":53981,"template":"","meta":{"content-type":"","om_disable_all_campaigns":false,"_monsterinsights_skip_tracking":false,"_monsterinsights_sitenote_active":false,"_monsterinsights_sitenote_note":"","_monsterinsights_sitenote_category":0},"product_brand":[],"product_cat":[255,72],"product_tag":[],"class_list":{"0":"post-53980","1":"product","2":"type-product","3":"status-publish","4":"has-post-thumbnail","6":"product_cat-utilities-ess","7":"product_cat-lithium-battery","9":"first","10":"instock","11":"shipping-taxable","12":"product-type-simple"},"_links":{"self":[{"href":"https:\/\/motoma.cn\/es\/wp-json\/wp\/v2\/product\/53980","targetHints":{"allow":["GET"]}}],"collection":[{"href":"https:\/\/motoma.cn\/es\/wp-json\/wp\/v2\/product"}],"about":[{"href":"https:\/\/motoma.cn\/es\/wp-json\/wp\/v2\/types\/product"}],"version-history":[{"count":6,"href":"https:\/\/motoma.cn\/es\/wp-json\/wp\/v2\/product\/53980\/revisions"}],"predecessor-version":[{"id":54133,"href":"https:\/\/motoma.cn\/es\/wp-json\/wp\/v2\/product\/53980\/revisions\/54133"}],"wp:featuredmedia":[{"embeddable":true,"href":"https:\/\/motoma.cn\/es\/wp-json\/wp\/v2\/media\/53981"}],"wp:attachment":[{"href":"https:\/\/motoma.cn\/es\/wp-json\/wp\/v2\/media?parent=53980"}],"wp:term":[{"taxonomy":"product_brand","embeddable":true,"href":"https:\/\/motoma.cn\/es\/wp-json\/wp\/v2\/product_brand?post=53980"},{"taxonomy":"product_cat","embeddable":true,"href":"https:\/\/motoma.cn\/es\/wp-json\/wp\/v2\/product_cat?post=53980"},{"taxonomy":"product_tag","embeddable":true,"href":"https:\/\/motoma.cn\/es\/wp-json\/wp\/v2\/product_tag?post=53980"}],"curies":[{"name":"wp","href":"https:\/\/api.w.org\/{rel}","templated":true}]}}