

{"id":24678,"date":"2023-08-17T19:04:45","date_gmt":"2023-08-17T19:04:45","guid":{"rendered":"https:\/\/motoma.cn\/fr\/?post_type=product&#038;p=24678"},"modified":"2025-02-17T10:16:23","modified_gmt":"2025-02-17T10:16:23","slug":"axpert-vm-iii-twin-4-kw","status":"publish","type":"product","link":"https:\/\/motoma.cn\/fr\/product\/axpert-vm-iii-twin-4-kw\/","title":{"rendered":"Axpert VM III TWIN 4 KW"},"content":{"rendered":"<p><strong>Vue d&#8217;ensemble:<\/strong><\/p>\n<p>L&#8217;Axpert VM III TWIN est \u00e9quip\u00e9 de deux sorties. La seconde sortie peut \u00eatre programm\u00e9e pour un arr\u00eat\/activation selon la tension de coupure ou le SOC et le temps de d\u00e9charge via les r\u00e9glages LCD. Cela permet une gestion intelligente de la charge par l&#8217;utilisateur. Con\u00e7u avec un courant d&#8217;entr\u00e9e PV de 27A, l&#8217;Axpert VM III TWIN est compatible avec la tendance du march\u00e9 \u00e0 augmenter l&#8217;Imp dans les panneaux solaires. Il permet \u00e9galement une large plage de tension d&#8217;entr\u00e9e PV de 60VDC \u00e0 450VDC. Ces caract\u00e9ristiques permettent de r\u00e9duire le nombre de panneaux solaires n\u00e9cessaires dans le syst\u00e8me et de gagner de la place.<\/p>\n<p>&nbsp;<\/p>\n<p><strong>Caract\u00e9ristiques Principales:<\/strong><\/p>\n<ul>\n<li>Sorties doubles pour la gestion intelligente des charges.<\/li>\n<li>Courant d&#8217;entr\u00e9e PV maximum 27A<\/li>\n<li>Large plage de tension d&#8217;entr\u00e9e PV 60VDC ~ 450VDC<\/li>\n<li>Module de contr\u00f4le LCD d\u00e9tachable avec diverses communications<\/li>\n<li>Wi-Fi int\u00e9gr\u00e9 pour la surveillance mobile (application disponible)<\/li>\n<li>Supporte la fonction USB On-the-Go.<\/li>\n<li>Port de communication r\u00e9serv\u00e9 (RS-485 CAN-BUS ou RS-232) pour BMS.<\/li>\n<li>L&#8217;\u00e9quilibrage des batteries prolonge le cycle de vie.<\/li>\n<li>Ind\u00e9pendance de la batterie<\/li>\n<li>Op\u00e9ration LCD conviviale<\/li>\n<li>Design de ventilateur rempla\u00e7able<\/li>\n<li>2 ans de garantie<\/li>\n<\/ul>\n","protected":false},"excerpt":{"rendered":"<p>Vue d&#8217;ensemble: L&#8217;Axpert VM III TWIN est \u00e9quip\u00e9 de deux&hellip;<\/p>\n","protected":false},"featured_media":31282,"template":"","meta":{"content-type":"","om_disable_all_campaigns":false,"_monsterinsights_skip_tracking":false,"_monsterinsights_sitenote_active":false,"_monsterinsights_sitenote_note":"","_monsterinsights_sitenote_category":0},"product_brand":[],"product_cat":[182,230],"product_tag":[],"class_list":{"0":"post-24678","1":"product","2":"type-product","3":"status-publish","4":"has-post-thumbnail","6":"product_cat-solar-inverter","7":"product_cat-low-voltage-inverter","9":"first","10":"instock","11":"shipping-taxable","12":"product-type-simple"},"_links":{"self":[{"href":"https:\/\/motoma.cn\/fr\/wp-json\/wp\/v2\/product\/24678","targetHints":{"allow":["GET"]}}],"collection":[{"href":"https:\/\/motoma.cn\/fr\/wp-json\/wp\/v2\/product"}],"about":[{"href":"https:\/\/motoma.cn\/fr\/wp-json\/wp\/v2\/types\/product"}],"version-history":[{"count":12,"href":"https:\/\/motoma.cn\/fr\/wp-json\/wp\/v2\/product\/24678\/revisions"}],"predecessor-version":[{"id":31714,"href":"https:\/\/motoma.cn\/fr\/wp-json\/wp\/v2\/product\/24678\/revisions\/31714"}],"wp:featuredmedia":[{"embeddable":true,"href":"https:\/\/motoma.cn\/fr\/wp-json\/wp\/v2\/media\/31282"}],"wp:attachment":[{"href":"https:\/\/motoma.cn\/fr\/wp-json\/wp\/v2\/media?parent=24678"}],"wp:term":[{"taxonomy":"product_brand","embeddable":true,"href":"https:\/\/motoma.cn\/fr\/wp-json\/wp\/v2\/product_brand?post=24678"},{"taxonomy":"product_cat","embeddable":true,"href":"https:\/\/motoma.cn\/fr\/wp-json\/wp\/v2\/product_cat?post=24678"},{"taxonomy":"product_tag","embeddable":true,"href":"https:\/\/motoma.cn\/fr\/wp-json\/wp\/v2\/product_tag?post=24678"}],"curies":[{"name":"wp","href":"https:\/\/api.w.org\/{rel}","templated":true}]}}