

{"id":24683,"date":"2023-08-17T19:12:13","date_gmt":"2023-08-17T19:12:13","guid":{"rendered":"https:\/\/motoma.cn\/fr\/?post_type=product&#038;p=24683"},"modified":"2025-02-17T10:15:51","modified_gmt":"2025-02-17T10:15:51","slug":"axpert-vm-iii-twin-6-kw","status":"publish","type":"product","link":"https:\/\/motoma.cn\/fr\/product\/axpert-vm-iii-twin-6-kw\/","title":{"rendered":"Axpert VM III TWIN 6 KW"},"content":{"rendered":"<p><strong>Vue d\u2019ensemble:<\/strong><\/p>\n<p>L&#8217;Axpert VM III TWIN dispose de deux sorties. La deuxi\u00e8me sortie peut \u00eatre programm\u00e9e pour s&#8217;allumer ou s&#8217;\u00e9teindre en fonction de la tension de coupure ou du SOC et du temps de d\u00e9charge via les r\u00e9glages LCD. Cela permet une gestion intelligente de la charge pour les utilisateurs. Con\u00e7u avec un courant d&#8217;entr\u00e9e PV de 27A, l&#8217;Axpert VM III TWIN est compatible avec la tendance actuelle du march\u00e9 \u00e0 augmenter l&#8217;Imp dans les panneaux solaires. Il offre \u00e9galement une large plage de tension d&#8217;entr\u00e9e PV de 60VDC \u00e0 450VDC. Ces caract\u00e9ristiques permettent de r\u00e9duire le nombre de panneaux solaires n\u00e9cessaires dans le syst\u00e8me et d&#8217;\u00e9conomiser de l&#8217;espace.<\/p>\n<p>&nbsp;<\/p>\n<p><strong>Caract\u00e9ristiques Principales:<\/strong><\/p>\n<ul>\n<li>Sorties doubles pour la gestion intelligente des charges.<\/li>\n<li>Courant d&#8217;entr\u00e9e PV maximum 27A<\/li>\n<li>Large plage de tension d&#8217;entr\u00e9e PV 60VDC ~ 450VDC<\/li>\n<li>Module de contr\u00f4le LCD d\u00e9tachable avec diverses communications<\/li>\n<li>Wi-Fi int\u00e9gr\u00e9 pour la surveillance mobile (application disponible)<\/li>\n<li>Supporte la fonction USB On-the-Go<\/li>\n<li>Port de communication r\u00e9serv\u00e9 (RS-485, CAN-BUS ou RS-232) pour BMS.<\/li>\n<li>L&#8217;\u00e9quilibrage des batteries prolonge le cycle de vie.<\/li>\n<li>Ind\u00e9pendance de la batterie<\/li>\n<li>Op\u00e9ration LCD conviviale<\/li>\n<li>Design de ventilateur rempla\u00e7able<\/li>\n<li>2 ans de garantie<\/li>\n<\/ul>\n","protected":false},"excerpt":{"rendered":"<p>Vue d\u2019ensemble: L&#8217;Axpert VM III TWIN dispose de deux sorties.&hellip;<\/p>\n","protected":false},"featured_media":31282,"template":"","meta":{"content-type":"","om_disable_all_campaigns":false,"_monsterinsights_skip_tracking":false,"_monsterinsights_sitenote_active":false,"_monsterinsights_sitenote_note":"","_monsterinsights_sitenote_category":0},"product_brand":[],"product_cat":[182,230],"product_tag":[],"class_list":{"0":"post-24683","1":"product","2":"type-product","3":"status-publish","4":"has-post-thumbnail","6":"product_cat-solar-inverter","7":"product_cat-low-voltage-inverter","9":"first","10":"instock","11":"shipping-taxable","12":"product-type-simple"},"_links":{"self":[{"href":"https:\/\/motoma.cn\/fr\/wp-json\/wp\/v2\/product\/24683","targetHints":{"allow":["GET"]}}],"collection":[{"href":"https:\/\/motoma.cn\/fr\/wp-json\/wp\/v2\/product"}],"about":[{"href":"https:\/\/motoma.cn\/fr\/wp-json\/wp\/v2\/types\/product"}],"version-history":[{"count":12,"href":"https:\/\/motoma.cn\/fr\/wp-json\/wp\/v2\/product\/24683\/revisions"}],"predecessor-version":[{"id":31713,"href":"https:\/\/motoma.cn\/fr\/wp-json\/wp\/v2\/product\/24683\/revisions\/31713"}],"wp:featuredmedia":[{"embeddable":true,"href":"https:\/\/motoma.cn\/fr\/wp-json\/wp\/v2\/media\/31282"}],"wp:attachment":[{"href":"https:\/\/motoma.cn\/fr\/wp-json\/wp\/v2\/media?parent=24683"}],"wp:term":[{"taxonomy":"product_brand","embeddable":true,"href":"https:\/\/motoma.cn\/fr\/wp-json\/wp\/v2\/product_brand?post=24683"},{"taxonomy":"product_cat","embeddable":true,"href":"https:\/\/motoma.cn\/fr\/wp-json\/wp\/v2\/product_cat?post=24683"},{"taxonomy":"product_tag","embeddable":true,"href":"https:\/\/motoma.cn\/fr\/wp-json\/wp\/v2\/product_tag?post=24683"}],"curies":[{"name":"wp","href":"https:\/\/api.w.org\/{rel}","templated":true}]}}