

{"id":24685,"date":"2023-08-17T19:27:53","date_gmt":"2023-08-17T19:27:53","guid":{"rendered":"https:\/\/motoma.cn\/fr\/?post_type=product&#038;p=24685"},"modified":"2025-02-17T10:17:34","modified_gmt":"2025-02-17T10:17:34","slug":"axpert-vm-iv-twin-4-kw","status":"publish","type":"product","link":"https:\/\/motoma.cn\/fr\/product\/axpert-vm-iv-twin-4-kw\/","title":{"rendered":"Axpert VM IV TWIN 4 KW"},"content":{"rendered":"<p><strong>Overview:<\/strong><\/p>\n<p>L&#8217;Axpert VM IV TWIN dispose de deux sorties. La deuxi\u00e8me sortie peut \u00eatre programm\u00e9e pour des r\u00e9glages de mise en marche\/arr\u00eat, de tension de coupure ou de SOC et de temps de d\u00e9charge via l&#8217;\u00e9cran LCD. Cela facilite le contr\u00f4le intelligent de la charge par les utilisateurs. Con\u00e7u avec un courant d&#8217;entr\u00e9e PV de 27A, l&#8217;Axpert VM 4 TWIN est compatible avec la tendance du march\u00e9 \u00e0 augmenter l&#8217;Imp dans les panneaux solaires. Il permet \u00e9galement une large plage de tension d&#8217;entr\u00e9e PV de 60VDC \u00e0 450VDC. Ces caract\u00e9ristiques permettent de r\u00e9duire le nombre de panneaux solaires n\u00e9cessaires dans le syst\u00e8me et d&#8217;\u00e9conomiser de l&#8217;espace.<\/p>\n<p>&nbsp;<\/p>\n<p><strong>Caract\u00e9ristiques Principales:<\/strong><\/p>\n<ul>\n<li>Double sorties pour la gestion intelligente des charges.<\/li>\n<li>Courant d&#8217;entr\u00e9e PV maximum de 27A<\/li>\n<li>Plage de tension d&#8217;entr\u00e9e PV large de 60VDC \u00e0 450VDC<\/li>\n<li>Anneau LED personnalisable avec lumi\u00e8res RGB<\/li>\n<li>Bouton tactile avec grand \u00e9cran LCD color\u00e9 de 4.3 pouces<\/li>\n<li>WiFi int\u00e9gr\u00e9 pour la surveillance mobile (Application disponible)<\/li>\n<li>Supporte la fonction USB On-The-Go<\/li>\n<li>Port de communication r\u00e9serv\u00e9 (RS-485, CAN-BUS ou RS-232) pour BMS.<\/li>\n<li>Conception ind\u00e9pendante de la batterie<\/li>\n<li>\u00c9galisation de la batterie prolongeant le cycle de vie.<\/li>\n<li>Puissance de charge am\u00e9lior\u00e9e<\/li>\n<li>Kit anti-poussi\u00e8re int\u00e9gr\u00e9<\/li>\n<li>Garantie de 2 ans<\/li>\n<\/ul>\n","protected":false},"excerpt":{"rendered":"<p>Overview: L&#8217;Axpert VM IV TWIN dispose de deux sorties. La&hellip;<\/p>\n","protected":false},"featured_media":31281,"template":"","meta":{"content-type":"","om_disable_all_campaigns":false,"_monsterinsights_skip_tracking":false,"_monsterinsights_sitenote_active":false,"_monsterinsights_sitenote_note":"","_monsterinsights_sitenote_category":0},"product_brand":[],"product_cat":[182,230],"product_tag":[],"class_list":{"0":"post-24685","1":"product","2":"type-product","3":"status-publish","4":"has-post-thumbnail","6":"product_cat-solar-inverter","7":"product_cat-low-voltage-inverter","9":"first","10":"instock","11":"shipping-taxable","12":"product-type-simple"},"_links":{"self":[{"href":"https:\/\/motoma.cn\/fr\/wp-json\/wp\/v2\/product\/24685","targetHints":{"allow":["GET"]}}],"collection":[{"href":"https:\/\/motoma.cn\/fr\/wp-json\/wp\/v2\/product"}],"about":[{"href":"https:\/\/motoma.cn\/fr\/wp-json\/wp\/v2\/types\/product"}],"version-history":[{"count":11,"href":"https:\/\/motoma.cn\/fr\/wp-json\/wp\/v2\/product\/24685\/revisions"}],"predecessor-version":[{"id":31717,"href":"https:\/\/motoma.cn\/fr\/wp-json\/wp\/v2\/product\/24685\/revisions\/31717"}],"wp:featuredmedia":[{"embeddable":true,"href":"https:\/\/motoma.cn\/fr\/wp-json\/wp\/v2\/media\/31281"}],"wp:attachment":[{"href":"https:\/\/motoma.cn\/fr\/wp-json\/wp\/v2\/media?parent=24685"}],"wp:term":[{"taxonomy":"product_brand","embeddable":true,"href":"https:\/\/motoma.cn\/fr\/wp-json\/wp\/v2\/product_brand?post=24685"},{"taxonomy":"product_cat","embeddable":true,"href":"https:\/\/motoma.cn\/fr\/wp-json\/wp\/v2\/product_cat?post=24685"},{"taxonomy":"product_tag","embeddable":true,"href":"https:\/\/motoma.cn\/fr\/wp-json\/wp\/v2\/product_tag?post=24685"}],"curies":[{"name":"wp","href":"https:\/\/api.w.org\/{rel}","templated":true}]}}