

{"id":24692,"date":"2023-08-17T19:47:08","date_gmt":"2023-08-17T19:47:08","guid":{"rendered":"https:\/\/motoma.cn\/fr\/?post_type=product&#038;p=24692"},"modified":"2025-02-17T10:18:51","modified_gmt":"2025-02-17T10:18:51","slug":"axpert-king-ii-twin-6-kw","status":"publish","type":"product","link":"https:\/\/motoma.cn\/fr\/product\/axpert-king-ii-twin-6-kw\/","title":{"rendered":"Axpert King II TWIN 6 KW"},"content":{"rendered":"<p><strong>Vue d&#8217;ensemble:<\/strong><\/p>\n<p>Axpert King II TWIN est con\u00e7u avec un temps de transfert nul, ce qui est parfait pour les dispositifs critiques tels que les serveurs et les DAB. Il est \u00e9quip\u00e9 d&#8217;un puissant chargeur solaire de 120A et d&#8217;un chargeur AC de 120A. Le module de contr\u00f4le LCD d\u00e9tachable permet aux utilisateurs de surveiller cet onduleur \u00e0 distance. Il peut \u00e9galement \u00e9tendre la capacit\u00e9 de puissance \u00e0 54KW\/55.8KW avec 9 unit\u00e9s en fonctionnement parall\u00e8le. Axpert King II TWIN dispose de deux sorties. La seconde sortie peut \u00eatre programm\u00e9e pour un allumage\/arr\u00eat, une tension de coupure ou un SOC et un temps de d\u00e9charge via les r\u00e9glages LCD.<\/p>\n<p>&nbsp;<\/p>\n<p><strong>Caract\u00e9ristiques Principales:<\/strong><\/p>\n<ul>\n<li>Doubles sorties pour une gestion intelligente des charges.<\/li>\n<li>Courant d&#8217;entr\u00e9e PV maximum augment\u00e9 \u00e0 27A<\/li>\n<li>Temps de transfert nul (0 ms) pour prot\u00e9ger les charges critiques comme les serveurs et les DAB.<\/li>\n<li>Plage de tension d&#8217;entr\u00e9e PV \u00e9lev\u00e9e<\/li>\n<li>Module de contr\u00f4le LCD d\u00e9tachable avec plusieurs communications<\/li>\n<li>Choix du courant de charge \u00e9lev\u00e9<\/li>\n<li>Wi-Fi int\u00e9gr\u00e9 pour la surveillance mobile (application disponible)<\/li>\n<li>Priorit\u00e9 d&#8217;entr\u00e9e AC\/Solaire configurable via les r\u00e9glages LCD<\/li>\n<li>Port de communication r\u00e9serv\u00e9 pour BMS (RS485 ou CAN-BUS)<\/li>\n<li>Supporte la fonction USB On-the-Go.<\/li>\n<li>Fonctionnement parall\u00e8le jusqu&#8217;\u00e0 9 unit\u00e9s<\/li>\n<li>Garantie de 2 ans<\/li>\n<\/ul>\n","protected":false},"excerpt":{"rendered":"<p>Vue d&#8217;ensemble: Axpert King II TWIN est con\u00e7u avec un&hellip;<\/p>\n","protected":false},"featured_media":31289,"template":"","meta":{"content-type":"","om_disable_all_campaigns":false,"_monsterinsights_skip_tracking":false,"_monsterinsights_sitenote_active":false,"_monsterinsights_sitenote_note":"","_monsterinsights_sitenote_category":0},"product_brand":[],"product_cat":[182,230],"product_tag":[],"class_list":{"0":"post-24692","1":"product","2":"type-product","3":"status-publish","4":"has-post-thumbnail","6":"product_cat-solar-inverter","7":"product_cat-low-voltage-inverter","9":"first","10":"instock","11":"shipping-taxable","12":"product-type-simple"},"_links":{"self":[{"href":"https:\/\/motoma.cn\/fr\/wp-json\/wp\/v2\/product\/24692","targetHints":{"allow":["GET"]}}],"collection":[{"href":"https:\/\/motoma.cn\/fr\/wp-json\/wp\/v2\/product"}],"about":[{"href":"https:\/\/motoma.cn\/fr\/wp-json\/wp\/v2\/types\/product"}],"version-history":[{"count":9,"href":"https:\/\/motoma.cn\/fr\/wp-json\/wp\/v2\/product\/24692\/revisions"}],"predecessor-version":[{"id":31721,"href":"https:\/\/motoma.cn\/fr\/wp-json\/wp\/v2\/product\/24692\/revisions\/31721"}],"wp:featuredmedia":[{"embeddable":true,"href":"https:\/\/motoma.cn\/fr\/wp-json\/wp\/v2\/media\/31289"}],"wp:attachment":[{"href":"https:\/\/motoma.cn\/fr\/wp-json\/wp\/v2\/media?parent=24692"}],"wp:term":[{"taxonomy":"product_brand","embeddable":true,"href":"https:\/\/motoma.cn\/fr\/wp-json\/wp\/v2\/product_brand?post=24692"},{"taxonomy":"product_cat","embeddable":true,"href":"https:\/\/motoma.cn\/fr\/wp-json\/wp\/v2\/product_cat?post=24692"},{"taxonomy":"product_tag","embeddable":true,"href":"https:\/\/motoma.cn\/fr\/wp-json\/wp\/v2\/product_tag?post=24692"}],"curies":[{"name":"wp","href":"https:\/\/api.w.org\/{rel}","templated":true}]}}