

{"id":24702,"date":"2023-08-17T20:21:39","date_gmt":"2023-08-17T20:21:39","guid":{"rendered":"https:\/\/motoma.cn\/fr\/?post_type=product&#038;p=24702"},"modified":"2025-02-17T10:18:18","modified_gmt":"2025-02-17T10:18:18","slug":"axpert-mks-iv-twin-6-kw","status":"publish","type":"product","link":"https:\/\/motoma.cn\/fr\/product\/axpert-mks-iv-twin-6-kw\/","title":{"rendered":"Axpert King IV TWIN 6 KW"},"content":{"rendered":"<p><strong>Vue d&#8217;ensemble:<\/strong><\/p>\n<p>Axpert King IV TWIN est con\u00e7u avec un temps de transfert z\u00e9ro, ce qui le rend parfait pour les appareils critiques tels que les serveurs et les distributeurs automatiques de billets (DAB). Il est \u00e9quip\u00e9 d\u2019un puissant chargeur solaire de 120A et d\u2019un chargeur AC de 120A. Le module de contr\u00f4le LCD d\u00e9tachable permet aux utilisateurs de surveiller cet onduleur \u00e0 distance. Il peut \u00e9galement \u00e9tendre sa capacit\u00e9 de puissance jusqu&#8217;\u00e0 54KW\/55.8KW avec 9 unit\u00e9s en fonctionnement parall\u00e8le. Axpert King IV TWIN dispose de deux sorties. La deuxi\u00e8me sortie peut \u00eatre programm\u00e9e pour s\u2019allumer\/s\u2019\u00e9teindre, d\u00e9finir la tension de coupure ou l\u2019\u00e9tat de charge (SOC) et le temps de d\u00e9charge via les r\u00e9glages de l\u2019\u00e9cran LCD.<\/p>\n<p>&nbsp;<\/p>\n<p><strong>Caract\u00e9ristiques Principales:<\/strong><\/p>\n<ul>\n<li>Sorties doubles pour une gestion intelligente de la charge<\/li>\n<li>Courant d\u2019entr\u00e9e PV maximum augment\u00e9 \u00e0 27A<\/li>\n<li>Temps de transfert z\u00e9ro (0ms) pour prot\u00e9ger les charges critiques telles que les serveurs et les distributeurs automatiques de billets (DAB)<\/li>\n<li>Large plage de tension d\u2019entr\u00e9e PV<\/li>\n<li>Bouton tactile avec \u00e9cran LCD couleur de 4,3&#8243; et multiples options de communication<\/li>\n<li>Courant de charge haute puissance s\u00e9lectionnable<\/li>\n<li>Wi-Fi int\u00e9gr\u00e9 pour le suivi mobile (application disponible)<\/li>\n<li>Priorit\u00e9 d\u2019entr\u00e9e CA\/Solaire configurable via les r\u00e9glages de l\u2019\u00e9cran LCD<\/li>\n<li>Port de communication r\u00e9serv\u00e9 pour BMS (RS485 ou CAN-BUS)<\/li>\n<li>Compatible avec la fonction USB On-the-Go<\/li>\n<li>Fonctionnement en parall\u00e8le jusqu\u2019\u00e0 9 unit\u00e9s<\/li>\n<li>Garantie de 2 ans<\/li>\n<\/ul>\n","protected":false},"excerpt":{"rendered":"<p>Vue d&#8217;ensemble: Axpert King IV TWIN est con\u00e7u avec un&hellip;<\/p>\n","protected":false},"featured_media":31546,"template":"","meta":{"content-type":"","om_disable_all_campaigns":false,"_monsterinsights_skip_tracking":false,"_monsterinsights_sitenote_active":false,"_monsterinsights_sitenote_note":"","_monsterinsights_sitenote_category":0},"product_brand":[],"product_cat":[182,230],"product_tag":[],"class_list":{"0":"post-24702","1":"product","2":"type-product","3":"status-publish","4":"has-post-thumbnail","6":"product_cat-solar-inverter","7":"product_cat-low-voltage-inverter","9":"first","10":"instock","11":"shipping-taxable","12":"product-type-simple"},"_links":{"self":[{"href":"https:\/\/motoma.cn\/fr\/wp-json\/wp\/v2\/product\/24702","targetHints":{"allow":["GET"]}}],"collection":[{"href":"https:\/\/motoma.cn\/fr\/wp-json\/wp\/v2\/product"}],"about":[{"href":"https:\/\/motoma.cn\/fr\/wp-json\/wp\/v2\/types\/product"}],"version-history":[{"count":11,"href":"https:\/\/motoma.cn\/fr\/wp-json\/wp\/v2\/product\/24702\/revisions"}],"predecessor-version":[{"id":31719,"href":"https:\/\/motoma.cn\/fr\/wp-json\/wp\/v2\/product\/24702\/revisions\/31719"}],"wp:featuredmedia":[{"embeddable":true,"href":"https:\/\/motoma.cn\/fr\/wp-json\/wp\/v2\/media\/31546"}],"wp:attachment":[{"href":"https:\/\/motoma.cn\/fr\/wp-json\/wp\/v2\/media?parent=24702"}],"wp:term":[{"taxonomy":"product_brand","embeddable":true,"href":"https:\/\/motoma.cn\/fr\/wp-json\/wp\/v2\/product_brand?post=24702"},{"taxonomy":"product_cat","embeddable":true,"href":"https:\/\/motoma.cn\/fr\/wp-json\/wp\/v2\/product_cat?post=24702"},{"taxonomy":"product_tag","embeddable":true,"href":"https:\/\/motoma.cn\/fr\/wp-json\/wp\/v2\/product_tag?post=24702"}],"curies":[{"name":"wp","href":"https:\/\/api.w.org\/{rel}","templated":true}]}}