

{"id":24707,"date":"2023-08-17T20:28:48","date_gmt":"2023-08-17T20:28:48","guid":{"rendered":"https:\/\/motoma.cn\/fr\/?post_type=product&#038;p=24707"},"modified":"2025-02-17T10:19:43","modified_gmt":"2025-02-17T10:19:43","slug":"axpert-max-twin-8-kw","status":"publish","type":"product","link":"https:\/\/motoma.cn\/fr\/product\/axpert-max-twin-8-kw\/","title":{"rendered":"Axpert MAX TWIN 8 KW"},"content":{"rendered":"<p><strong>Vue d&#8217;ensemble<\/strong><\/p>\n<p>Axpert MAX TWIN est un onduleur hors r\u00e9seau haute performance avec un chargeur solaire MPPT de 120A et une barre LED de statut personnalisable avec des lumi\u00e8res RGB. Axpert MAX TWIN est \u00e9quip\u00e9 de deux sorties. La seconde sortie peut \u00eatre programm\u00e9e pour un allumage\/arr\u00eat, une tension de coupure ou un SOC et un temps de d\u00e9charge via les r\u00e9glages LCD.<\/p>\n<p>&nbsp;<\/p>\n<p><strong>Caract\u00e9ristiques Principales :<\/strong><\/p>\n<ul>\n<li>Doubles sorties pour une gestion intelligente des charges.<\/li>\n<li>Courant d&#8217;entr\u00e9e PV maximum augment\u00e9 \u00e0 27A<\/li>\n<li>Large gamme de tension d&#8217;entr\u00e9e PV de 90VDC \u00e0 450VDC<\/li>\n<li>Indication de statut avec des lumi\u00e8res RGB<\/li>\n<li>Wi-Fi int\u00e9gr\u00e9 pour la surveillance mobile (application Android\/iOS disponible)<\/li>\n<li>Supporte la fonction USB On-the-Go.<\/li>\n<li>Port de communication r\u00e9serv\u00e9 pour BMS (RS485, CAN-BUS ou RS232)<\/li>\n<li>Conception de ventilateur rempla\u00e7able pour une maintenance facile<\/li>\n<li>Conception ind\u00e9pendante de la batterie<\/li>\n<li>Choix du courant de charge \u00e9lev\u00e9<\/li>\n<li>Compatible avec l&#8217;entr\u00e9e de r\u00e9seau ou de g\u00e9n\u00e9rateur<\/li>\n<li>Kit anti-poussi\u00e8re int\u00e9gr\u00e9<\/li>\n<li>Fonctionnement parall\u00e8le avec 6 unit\u00e9s<\/li>\n<li>Garantie de 2 ans<\/li>\n<\/ul>\n","protected":false},"excerpt":{"rendered":"<p>Vue d&#8217;ensemble Axpert MAX TWIN est un onduleur hors r\u00e9seau&hellip;<\/p>\n","protected":false},"featured_media":31290,"template":"","meta":{"content-type":"","om_disable_all_campaigns":false,"_monsterinsights_skip_tracking":false,"_monsterinsights_sitenote_active":false,"_monsterinsights_sitenote_note":"","_monsterinsights_sitenote_category":0},"product_brand":[],"product_cat":[182,230],"product_tag":[],"class_list":{"0":"post-24707","1":"product","2":"type-product","3":"status-publish","4":"has-post-thumbnail","6":"product_cat-solar-inverter","7":"product_cat-low-voltage-inverter","9":"first","10":"instock","11":"shipping-taxable","12":"product-type-simple"},"_links":{"self":[{"href":"https:\/\/motoma.cn\/fr\/wp-json\/wp\/v2\/product\/24707","targetHints":{"allow":["GET"]}}],"collection":[{"href":"https:\/\/motoma.cn\/fr\/wp-json\/wp\/v2\/product"}],"about":[{"href":"https:\/\/motoma.cn\/fr\/wp-json\/wp\/v2\/types\/product"}],"version-history":[{"count":10,"href":"https:\/\/motoma.cn\/fr\/wp-json\/wp\/v2\/product\/24707\/revisions"}],"predecessor-version":[{"id":31723,"href":"https:\/\/motoma.cn\/fr\/wp-json\/wp\/v2\/product\/24707\/revisions\/31723"}],"wp:featuredmedia":[{"embeddable":true,"href":"https:\/\/motoma.cn\/fr\/wp-json\/wp\/v2\/media\/31290"}],"wp:attachment":[{"href":"https:\/\/motoma.cn\/fr\/wp-json\/wp\/v2\/media?parent=24707"}],"wp:term":[{"taxonomy":"product_brand","embeddable":true,"href":"https:\/\/motoma.cn\/fr\/wp-json\/wp\/v2\/product_brand?post=24707"},{"taxonomy":"product_cat","embeddable":true,"href":"https:\/\/motoma.cn\/fr\/wp-json\/wp\/v2\/product_cat?post=24707"},{"taxonomy":"product_tag","embeddable":true,"href":"https:\/\/motoma.cn\/fr\/wp-json\/wp\/v2\/product_tag?post=24707"}],"curies":[{"name":"wp","href":"https:\/\/api.w.org\/{rel}","templated":true}]}}