

{"id":24728,"date":"2023-08-17T21:40:06","date_gmt":"2023-08-17T21:40:06","guid":{"rendered":"https:\/\/motoma.cn\/fr\/?post_type=product&#038;p=24728"},"modified":"2025-02-17T10:22:49","modified_gmt":"2025-02-17T10:22:49","slug":"infinisolar-v-iv-twin-6-kw","status":"publish","type":"product","link":"https:\/\/motoma.cn\/fr\/product\/infinisolar-v-iv-twin-6-kw\/","title":{"rendered":"InfiniSolar V IV TWIN 6 KW"},"content":{"rendered":"<p><strong>Vue d&#8217;ensemble<\/strong><br \/>\nAnneau LED de statut personnalisable avec lumi\u00e8res RGB. InfiniSolar V IV TWIN est une version am\u00e9lior\u00e9e de la troisi\u00e8me g\u00e9n\u00e9ration de notre InfiniSolar V. \u00c9quip\u00e9 d&#8217;un bouton tactile LCD couleur de 4,3 pouces et d&#8217;un anneau LED de statut personnalisable avec des lumi\u00e8res RGB. La haute plage de tension PV peut \u00eatre accept\u00e9e, ce qui facilitera l&#8217;installation du syst\u00e8me PV. De plus, la caract\u00e9ristique d&#8217;ind\u00e9pendance de la batterie permettra \u00e0 l&#8217;onduleur de fonctionner que la batterie soit connect\u00e9e ou non. Nous offrons \u00e9galement une fonction d&#8217;op\u00e9ration parall\u00e8le jusqu&#8217;\u00e0 9 unit\u00e9s. Il offre une grande flexibilit\u00e9 pour l&#8217;expansion de puissance future.<\/p>\n<p><strong>Caract\u00e9ristiques Principales:<\/strong><\/p>\n<ul>\n<li>Courant d&#8217;entr\u00e9e PV maximum 27A<\/li>\n<li>Sorties doubles pour la gestion intelligente des charges.<\/li>\n<li>Bouton tactile avec LCD couleur de 4,3 pouces<\/li>\n<li>Wi-Fi int\u00e9gr\u00e9 pour la surveillance mobile (application disponible)<\/li>\n<li>Priorit\u00e9 d&#8217;alimentation programmable pour PV, batterie ou r\u00e9seau<\/li>\n<li>Courant et tension de charge ajustables par l&#8217;utilisateur<\/li>\n<li>Modes d&#8217;op\u00e9ration multiples programmables : raccordement au r\u00e9seau, hors r\u00e9seau et raccordement au r\u00e9seau avec sauvegarde<\/li>\n<li>Port de communication r\u00e9serv\u00e9 pour BMS (RS485, CAN-BUS ou RS232)<\/li>\n<li>Op\u00e9ration parall\u00e8le jusqu&#8217;\u00e0 9 unit\u00e9s<\/li>\n<\/ul>\n","protected":false},"excerpt":{"rendered":"<p>Vue d&#8217;ensemble Anneau LED de statut personnalisable avec lumi\u00e8res RGB.&hellip;<\/p>\n","protected":false},"featured_media":31292,"template":"","meta":{"content-type":"","om_disable_all_campaigns":false,"_monsterinsights_skip_tracking":false,"_monsterinsights_sitenote_active":false,"_monsterinsights_sitenote_note":"","_monsterinsights_sitenote_category":0},"product_brand":[],"product_cat":[182,231],"product_tag":[],"class_list":{"0":"post-24728","1":"product","2":"type-product","3":"status-publish","4":"has-post-thumbnail","6":"product_cat-solar-inverter","7":"product_cat-high-voltage-inverter","9":"first","10":"instock","11":"shipping-taxable","12":"product-type-simple"},"_links":{"self":[{"href":"https:\/\/motoma.cn\/fr\/wp-json\/wp\/v2\/product\/24728","targetHints":{"allow":["GET"]}}],"collection":[{"href":"https:\/\/motoma.cn\/fr\/wp-json\/wp\/v2\/product"}],"about":[{"href":"https:\/\/motoma.cn\/fr\/wp-json\/wp\/v2\/types\/product"}],"version-history":[{"count":7,"href":"https:\/\/motoma.cn\/fr\/wp-json\/wp\/v2\/product\/24728\/revisions"}],"predecessor-version":[{"id":31730,"href":"https:\/\/motoma.cn\/fr\/wp-json\/wp\/v2\/product\/24728\/revisions\/31730"}],"wp:featuredmedia":[{"embeddable":true,"href":"https:\/\/motoma.cn\/fr\/wp-json\/wp\/v2\/media\/31292"}],"wp:attachment":[{"href":"https:\/\/motoma.cn\/fr\/wp-json\/wp\/v2\/media?parent=24728"}],"wp:term":[{"taxonomy":"product_brand","embeddable":true,"href":"https:\/\/motoma.cn\/fr\/wp-json\/wp\/v2\/product_brand?post=24728"},{"taxonomy":"product_cat","embeddable":true,"href":"https:\/\/motoma.cn\/fr\/wp-json\/wp\/v2\/product_cat?post=24728"},{"taxonomy":"product_tag","embeddable":true,"href":"https:\/\/motoma.cn\/fr\/wp-json\/wp\/v2\/product_tag?post=24728"}],"curies":[{"name":"wp","href":"https:\/\/api.w.org\/{rel}","templated":true}]}}