

{"id":24818,"date":"2023-08-21T20:13:49","date_gmt":"2023-08-21T20:13:49","guid":{"rendered":"https:\/\/motoma.cn\/fr\/?post_type=product&#038;p=24818"},"modified":"2025-09-19T17:53:39","modified_gmt":"2025-09-19T17:53:39","slug":"infinisolar-wp-twin-15-kw-3p","status":"publish","type":"product","link":"https:\/\/motoma.cn\/fr\/product\/infinisolar-wp-twin-15-kw-3p\/","title":{"rendered":"InfiniSolar WP TWIN HMI 15 KW 3P"},"content":{"rendered":"<p><strong>Vue d&#8217;ensemble:<\/strong><\/p>\n<p>Onduleur hybride avec un bo\u00eetier class\u00e9 IP65. Avec une protection contre les infiltrations IP65, l&#8217;InfiniSolar WP HMI 15KW est adapt\u00e9 pour une utilisation en ext\u00e9rieur et dans des environnements int\u00e9rieurs o\u00f9 l&#8217;humidit\u00e9 atmosph\u00e9rique et la poussi\u00e8re sont pr\u00e9sentes. Le fonctionnement en parall\u00e8le jusqu&#8217;\u00e0 6 unit\u00e9s pour une plus grande puissance et capacit\u00e9 permet une puissance nominale allant jusqu&#8217;\u00e0 90KW. Cela permet de cr\u00e9er des solutions \u00e9nerg\u00e9tiques pour des habitations, des bureaux et des applications de b\u00e2timents commerciaux de petite taille.<\/p>\n<p>&nbsp;<\/p>\n<p><strong>Caract\u00e9ristiques Principales :<\/strong><\/p>\n<ul>\n<li>\u00c9tanch\u00e9it\u00e9 IP65 et anti-poussi\u00e8re rendent l&#8217;onduleur utilisable dans diverses conditions de travail<\/li>\n<li>Autoconsommation et injection au r\u00e9seau<\/li>\n<li>Priorit\u00e9 d&#8217;alimentation programmable pour PV, Batterie ou R\u00e9seau<\/li>\n<li>Port de communication r\u00e9serv\u00e9 pour BMS (RS485, CAN-BUS ou RS232)<\/li>\n<li>Wi-Fi int\u00e9gr\u00e9 pour la surveillance mobile (application disponible)<\/li>\n<li>Courant et tension de charge ajustables par l&#8217;utilisateur<\/li>\n<li>Modes d&#8217;op\u00e9ration multiples programmables : raccordement au r\u00e9seau, hors r\u00e9seau et raccordement au r\u00e9seau avec sauvegarde<\/li>\n<li>Minuteur int\u00e9gr\u00e9 pour divers modes d&#8217;op\u00e9ration on\/off.<\/li>\n<li>Port de communication r\u00e9serv\u00e9 pour BMS (RS485)<\/li>\n<li>Op\u00e9ration parall\u00e8le jusqu&#8217;\u00e0 6 unit\u00e9s<\/li>\n<li>Garantie de 2 ans<\/li>\n<\/ul>\n","protected":false},"excerpt":{"rendered":"<p>Vue d&#8217;ensemble: Onduleur hybride avec un bo\u00eetier class\u00e9 IP65. Avec&hellip;<\/p>\n","protected":false},"featured_media":31293,"template":"","meta":{"content-type":"","om_disable_all_campaigns":false,"_monsterinsights_skip_tracking":false,"_monsterinsights_sitenote_active":false,"_monsterinsights_sitenote_note":"","_monsterinsights_sitenote_category":0},"product_brand":[],"product_cat":[182,231],"product_tag":[],"class_list":{"0":"post-24818","1":"product","2":"type-product","3":"status-publish","4":"has-post-thumbnail","6":"product_cat-solar-inverter","7":"product_cat-high-voltage-inverter","9":"first","10":"instock","11":"shipping-taxable","12":"product-type-simple"},"_links":{"self":[{"href":"https:\/\/motoma.cn\/fr\/wp-json\/wp\/v2\/product\/24818","targetHints":{"allow":["GET"]}}],"collection":[{"href":"https:\/\/motoma.cn\/fr\/wp-json\/wp\/v2\/product"}],"about":[{"href":"https:\/\/motoma.cn\/fr\/wp-json\/wp\/v2\/types\/product"}],"version-history":[{"count":10,"href":"https:\/\/motoma.cn\/fr\/wp-json\/wp\/v2\/product\/24818\/revisions"}],"predecessor-version":[{"id":54212,"href":"https:\/\/motoma.cn\/fr\/wp-json\/wp\/v2\/product\/24818\/revisions\/54212"}],"wp:featuredmedia":[{"embeddable":true,"href":"https:\/\/motoma.cn\/fr\/wp-json\/wp\/v2\/media\/31293"}],"wp:attachment":[{"href":"https:\/\/motoma.cn\/fr\/wp-json\/wp\/v2\/media?parent=24818"}],"wp:term":[{"taxonomy":"product_brand","embeddable":true,"href":"https:\/\/motoma.cn\/fr\/wp-json\/wp\/v2\/product_brand?post=24818"},{"taxonomy":"product_cat","embeddable":true,"href":"https:\/\/motoma.cn\/fr\/wp-json\/wp\/v2\/product_cat?post=24818"},{"taxonomy":"product_tag","embeddable":true,"href":"https:\/\/motoma.cn\/fr\/wp-json\/wp\/v2\/product_tag?post=24818"}],"curies":[{"name":"wp","href":"https:\/\/api.w.org\/{rel}","templated":true}]}}