

{"id":24830,"date":"2023-08-21T20:45:23","date_gmt":"2023-08-21T20:45:23","guid":{"rendered":"https:\/\/motoma.cn\/fr\/?post_type=product&#038;p=24830"},"modified":"2024-06-24T10:52:52","modified_gmt":"2024-06-24T10:52:52","slug":"snmp-web-card-box","status":"publish","type":"product","link":"https:\/\/motoma.cn\/fr\/product\/snmp-web-card-box\/","title":{"rendered":"SNMP Web Card \/ Box"},"content":{"rendered":"<p><strong>Caract\u00e9ristiques Principales<\/strong><\/p>\n<ul>\n<li>Permet le contr\u00f4le et la surveillance de plusieurs onduleurs via une connexion r\u00e9seau RJ-45<\/li>\n<li>Graphiques dynamiques en temps r\u00e9el des donn\u00e9es de l&#8217;onduleur<\/li>\n<li>Notifications d&#8217;alerte via une alarme sonore, diffusion mobile, messagerie \u00e9lectronique et pi\u00e8ges SNMP<\/li>\n<li>Journal des donn\u00e9es historiques stock\u00e9es dans une base de donn\u00e9es PC centralis\u00e9e.<\/li>\n<li>Mise \u00e0 niveau du firmware simple avec un clic<\/li>\n<li>Protection de la s\u00e9curit\u00e9 par mot de passe et gestion de l&#8217;acc\u00e8s \u00e0 distance<\/li>\n<li>Supporte un d\u00e9tecteur de surveillance environnementale optionnel pour la temp\u00e9rature, l&#8217;humidit\u00e9 et la fum\u00e9e<\/li>\n<\/ul>\n","protected":false},"excerpt":{"rendered":"<p>Caract\u00e9ristiques Principales Permet le contr\u00f4le et la surveillance de plusieurs&hellip;<\/p>\n","protected":false},"featured_media":24833,"template":"","meta":{"content-type":"","om_disable_all_campaigns":false,"_monsterinsights_skip_tracking":false,"_monsterinsights_sitenote_active":false,"_monsterinsights_sitenote_note":"","_monsterinsights_sitenote_category":0},"product_brand":[],"product_cat":[182,232],"product_tag":[],"class_list":{"0":"post-24830","1":"product","2":"type-product","3":"status-publish","4":"has-post-thumbnail","6":"product_cat-solar-inverter","7":"product_cat-accessory-inverters","9":"first","10":"instock","11":"shipping-taxable","12":"product-type-simple"},"_links":{"self":[{"href":"https:\/\/motoma.cn\/fr\/wp-json\/wp\/v2\/product\/24830","targetHints":{"allow":["GET"]}}],"collection":[{"href":"https:\/\/motoma.cn\/fr\/wp-json\/wp\/v2\/product"}],"about":[{"href":"https:\/\/motoma.cn\/fr\/wp-json\/wp\/v2\/types\/product"}],"version-history":[{"count":6,"href":"https:\/\/motoma.cn\/fr\/wp-json\/wp\/v2\/product\/24830\/revisions"}],"predecessor-version":[{"id":31184,"href":"https:\/\/motoma.cn\/fr\/wp-json\/wp\/v2\/product\/24830\/revisions\/31184"}],"wp:featuredmedia":[{"embeddable":true,"href":"https:\/\/motoma.cn\/fr\/wp-json\/wp\/v2\/media\/24833"}],"wp:attachment":[{"href":"https:\/\/motoma.cn\/fr\/wp-json\/wp\/v2\/media?parent=24830"}],"wp:term":[{"taxonomy":"product_brand","embeddable":true,"href":"https:\/\/motoma.cn\/fr\/wp-json\/wp\/v2\/product_brand?post=24830"},{"taxonomy":"product_cat","embeddable":true,"href":"https:\/\/motoma.cn\/fr\/wp-json\/wp\/v2\/product_cat?post=24830"},{"taxonomy":"product_tag","embeddable":true,"href":"https:\/\/motoma.cn\/fr\/wp-json\/wp\/v2\/product_tag?post=24830"}],"curies":[{"name":"wp","href":"https:\/\/api.w.org\/{rel}","templated":true}]}}