

{"id":24849,"date":"2023-08-21T20:15:25","date_gmt":"2023-08-21T20:15:25","guid":{"rendered":"https:\/\/motoma.cn\/fr\/?post_type=product&#038;p=24849"},"modified":"2026-01-08T07:26:37","modified_gmt":"2026-01-08T07:26:37","slug":"infinisolar-wp-30-kw-3p","status":"publish","type":"product","link":"https:\/\/motoma.cn\/fr\/product\/infinisolar-wp-30-kw-3p\/","title":{"rendered":"InfiniSolar WP 30KW-50KW 3P"},"content":{"rendered":"<p><strong>Vue d&#8217;ensemble:<\/strong><\/p>\n<p>Onduleur solaire hybride triphas\u00e9 IP65 supportant 150% de charge d\u00e9s\u00e9quilibr\u00e9e. Avec une protection contre les infiltrations IP65, l&#8217;InfiniSolar WP 30kW est adapt\u00e9 \u00e0 une utilisation en ext\u00e9rieur et dans des environnements int\u00e9rieurs o\u00f9 l&#8217;humidit\u00e9 atmosph\u00e9rique et la poussi\u00e8re sont pr\u00e9sentes. Il supporte 150% de charge d\u00e9s\u00e9quilibr\u00e9e et la charge maximale est de 15kw pour chaque phase. Cette flexibilit\u00e9 peut faciliter diverses consommations \u00e9nerg\u00e9tiques dans un environnement domestique. Avec la fonction AC coupl\u00e9e int\u00e9gr\u00e9e, le syst\u00e8me connect\u00e9 au r\u00e9seau existant peut \u00eatre facilement mis \u00e0 niveau et \u00e9tendu \u00e0 un syst\u00e8me hybride. L&#8217;InfiniSolar WP 30Kw offre \u00e9galement une deuxi\u00e8me borne pour le choix de l&#8217;utilisateur comme entr\u00e9e de g\u00e9n\u00e9rateur ou sortie programmable.<\/p>\n<p>&nbsp;<\/p>\n<p><strong>Caract\u00e9ristiques Principales :<\/strong><\/p>\n<ul>\n<li>Support de charge d\u00e9s\u00e9quilibr\u00e9e de 150%.<\/li>\n<li>Doubles sorties s\u00e9lectionn\u00e9es soit comme sortie programmable, soit comme entr\u00e9e de g\u00e9n\u00e9rateur.<\/li>\n<li>Fonction AC coupl\u00e9e int\u00e9gr\u00e9e.<\/li>\n<li>Wi-Fi int\u00e9gr\u00e9 pour la surveillance mobile (application disponible)<\/li>\n<li>Courant de charge ajustable par l&#8217;utilisateur jusqu&#8217;\u00e0 80A<\/li>\n<li>Plage de tension de batterie \u00e9tendue<\/li>\n<li>Port de communication int\u00e9gr\u00e9 pour BMS (RS485)<\/li>\n<li>Garantie de 5 ans<\/li>\n<li>Op\u00e9ration parall\u00e8le jusqu&#8217;\u00e0 4 unit\u00e9s<\/li>\n<\/ul>\n","protected":false},"excerpt":{"rendered":"<p>Vue d&#8217;ensemble: Onduleur solaire hybride triphas\u00e9 IP65 supportant 150% de&hellip;<\/p>\n","protected":false},"featured_media":31775,"template":"","meta":{"content-type":"","om_disable_all_campaigns":false,"_monsterinsights_skip_tracking":false,"_monsterinsights_sitenote_active":false,"_monsterinsights_sitenote_note":"","_monsterinsights_sitenote_category":0},"product_brand":[],"product_cat":[182,231],"product_tag":[],"class_list":{"0":"post-24849","1":"product","2":"type-product","3":"status-publish","4":"has-post-thumbnail","6":"product_cat-solar-inverter","7":"product_cat-high-voltage-inverter","9":"first","10":"instock","11":"shipping-taxable","12":"product-type-simple"},"_links":{"self":[{"href":"https:\/\/motoma.cn\/fr\/wp-json\/wp\/v2\/product\/24849","targetHints":{"allow":["GET"]}}],"collection":[{"href":"https:\/\/motoma.cn\/fr\/wp-json\/wp\/v2\/product"}],"about":[{"href":"https:\/\/motoma.cn\/fr\/wp-json\/wp\/v2\/types\/product"}],"version-history":[{"count":13,"href":"https:\/\/motoma.cn\/fr\/wp-json\/wp\/v2\/product\/24849\/revisions"}],"predecessor-version":[{"id":54303,"href":"https:\/\/motoma.cn\/fr\/wp-json\/wp\/v2\/product\/24849\/revisions\/54303"}],"wp:featuredmedia":[{"embeddable":true,"href":"https:\/\/motoma.cn\/fr\/wp-json\/wp\/v2\/media\/31775"}],"wp:attachment":[{"href":"https:\/\/motoma.cn\/fr\/wp-json\/wp\/v2\/media?parent=24849"}],"wp:term":[{"taxonomy":"product_brand","embeddable":true,"href":"https:\/\/motoma.cn\/fr\/wp-json\/wp\/v2\/product_brand?post=24849"},{"taxonomy":"product_cat","embeddable":true,"href":"https:\/\/motoma.cn\/fr\/wp-json\/wp\/v2\/product_cat?post=24849"},{"taxonomy":"product_tag","embeddable":true,"href":"https:\/\/motoma.cn\/fr\/wp-json\/wp\/v2\/product_tag?post=24849"}],"curies":[{"name":"wp","href":"https:\/\/api.w.org\/{rel}","templated":true}]}}