

{"id":24850,"date":"2023-08-21T21:48:12","date_gmt":"2023-08-21T21:48:12","guid":{"rendered":"https:\/\/motoma.cn\/fr\/?post_type=product&#038;p=24850"},"modified":"2024-06-27T10:32:24","modified_gmt":"2024-06-27T10:32:24","slug":"so-spn-mc182-530-555","status":"publish","type":"product","link":"https:\/\/motoma.cn\/fr\/product\/so-spn-mc182-530-555\/","title":{"rendered":"SO-SPN-MC182-530-555"},"content":{"rendered":"<p><strong>Vue d&#8217;ensemble<\/strong><\/p>\n<p>Ces derni\u00e8res ann\u00e9es, les panneaux solaires PERC (Passivated Emitter and Rear Contact) gagnent en popularit\u00e9 dans l&#8217;industrie des panneaux solaires comme une option viable pour cr\u00e9er une \u00e9nergie solaire plus efficace. Ces panneaux utilisent des cellules solaires PERC, une version am\u00e9lior\u00e9e des cellules solaires conventionnelles. Leur conception modifi\u00e9e leur permet de g\u00e9n\u00e9rer de 6 \u00e0 12 pour cent plus d&#8217;\u00e9nergie que leurs homologues traditionnels.<\/p>\n<p>PERC signifie Passivated Emitter and Rear Cell. La cellule solaire PERC dispose d&#8217;une couche de passivation \u00e0 l&#8217;arri\u00e8re de la cellule qui aide \u00e0 minimiser les pertes de recombinaison et \u00e0 augmenter l&#8217;absorption de la lumi\u00e8re. Le r\u00f4le cl\u00e9 de la couche de passivation arri\u00e8re est de refl\u00e9ter la lumi\u00e8re qui traverse la cellule de silicium sans \u00eatre absorb\u00e9e de nouveau dans le silicium. En r\u00e9fl\u00e9chissant cette lumi\u00e8re, la couche de passivation donne \u00e0 la cellule solaire une seconde chance de l&#8217;absorber, entra\u00eenant ainsi une am\u00e9lioration significative de l&#8217;efficacit\u00e9.<\/p>\n<p>&nbsp;<\/p>\n<p><strong>Caract\u00e9ristiques Principales:<\/strong><\/p>\n<ul>\n<li>Technologie de Cellule Mono PERC<\/li>\n<li>Haute Efficacit\u00e9<\/li>\n<li>Meilleure Performance dans les Conditions de Faible Luminosit\u00e9<\/li>\n<li>R\u00e9duction de la Recombinaison des \u00c9lectrons<\/li>\n<li>Long\u00e9vit\u00e9<\/li>\n<li>R\u00e9duction de la D\u00e9gradation Induite par la Chaleur.<\/li>\n<\/ul>\n","protected":false},"excerpt":{"rendered":"<p>Vue d&#8217;ensemble Ces derni\u00e8res ann\u00e9es, les panneaux solaires PERC (Passivated&hellip;<\/p>\n","protected":false},"featured_media":24852,"template":"","meta":{"content-type":"","om_disable_all_campaigns":false,"_monsterinsights_skip_tracking":false,"_monsterinsights_sitenote_active":false,"_monsterinsights_sitenote_note":"","_monsterinsights_sitenote_category":0},"product_brand":[],"product_cat":[181,233],"product_tag":[],"class_list":{"0":"post-24850","1":"product","2":"type-product","3":"status-publish","4":"has-post-thumbnail","6":"product_cat-solar-panel","7":"product_cat-mono-perc","9":"first","10":"instock","11":"shipping-taxable","12":"product-type-simple"},"_links":{"self":[{"href":"https:\/\/motoma.cn\/fr\/wp-json\/wp\/v2\/product\/24850","targetHints":{"allow":["GET"]}}],"collection":[{"href":"https:\/\/motoma.cn\/fr\/wp-json\/wp\/v2\/product"}],"about":[{"href":"https:\/\/motoma.cn\/fr\/wp-json\/wp\/v2\/types\/product"}],"version-history":[{"count":12,"href":"https:\/\/motoma.cn\/fr\/wp-json\/wp\/v2\/product\/24850\/revisions"}],"predecessor-version":[{"id":31241,"href":"https:\/\/motoma.cn\/fr\/wp-json\/wp\/v2\/product\/24850\/revisions\/31241"}],"wp:featuredmedia":[{"embeddable":true,"href":"https:\/\/motoma.cn\/fr\/wp-json\/wp\/v2\/media\/24852"}],"wp:attachment":[{"href":"https:\/\/motoma.cn\/fr\/wp-json\/wp\/v2\/media?parent=24850"}],"wp:term":[{"taxonomy":"product_brand","embeddable":true,"href":"https:\/\/motoma.cn\/fr\/wp-json\/wp\/v2\/product_brand?post=24850"},{"taxonomy":"product_cat","embeddable":true,"href":"https:\/\/motoma.cn\/fr\/wp-json\/wp\/v2\/product_cat?post=24850"},{"taxonomy":"product_tag","embeddable":true,"href":"https:\/\/motoma.cn\/fr\/wp-json\/wp\/v2\/product_tag?post=24850"}],"curies":[{"name":"wp","href":"https:\/\/api.w.org\/{rel}","templated":true}]}}