

{"id":24857,"date":"2023-08-23T18:38:38","date_gmt":"2023-08-23T18:38:38","guid":{"rendered":"https:\/\/motoma.cn\/fr\/?post_type=product&#038;p=24857"},"modified":"2025-02-19T11:53:01","modified_gmt":"2025-02-19T11:53:01","slug":"48v-150ah-7-20-kwh-m72u","status":"publish","type":"product","link":"https:\/\/motoma.cn\/fr\/product\/48v-150ah-7-20-kwh-m72u\/","title":{"rendered":"48V 150AH \/ 7.20 KWH (M72U)"},"content":{"rendered":"<p><strong>Vue d&#8217;ensemble:<\/strong><br \/>\nLa batterie LiFePO4 s\u00e9rie M de MOTOMA est con\u00e7ue avec une dur\u00e9e de vie de service de 15 ans ou plus pour un usage g\u00e9n\u00e9ral. Elle est con\u00e7ue avec une technologie avanc\u00e9e int\u00e9grant un BMS intelligent pour plus de s\u00e9curit\u00e9 avec un design SOC et un protocole de communication pour s&#8217;adapter \u00e0 diff\u00e9rents onduleurs de marque. Motoma peut \u00e9galement fournir un logiciel informatique sup\u00e9rieur personnalis\u00e9 pour la communication BMS via RS232 pour configurer les param\u00e8tres ou lire les donn\u00e9es de surveillance.<\/p>\n<p>&nbsp;<\/p>\n<p><strong>Param\u00e8tres de la Batterie:<\/strong><\/p>\n<table>\n<tbody>\n<tr>\n<td>Num\u00e9ro de mod\u00e8le de la batterie<\/td>\n<td>M72U<\/td>\n<\/tr>\n<tr>\n<td>Tension nominale<\/td>\n<td>48V<\/td>\n<\/tr>\n<tr>\n<td>Capacit\u00e9 nominale<\/td>\n<td>150Ah<\/td>\n<\/tr>\n<tr>\n<td>Capacit\u00e9 de puissance<\/td>\n<td>7.2KWH<\/td>\n<\/tr>\n<tr>\n<td>Dur\u00e9e de vie du cycle\/td&gt;<\/td>\n<td>\u2265 4000 cycles \u00e0 80% DOD<\/td>\n<\/tr>\n<tr>\n<td>Plage de tension op\u00e9rationnelle<\/td>\n<td>40.5V~54.75V<\/td>\n<\/tr>\n<tr>\n<td>Courant maximum de charge<\/td>\n<td>100A<\/td>\n<\/tr>\n<tr>\n<td>Courant maximum de d\u00e9charge<\/td>\n<td>100A<\/td>\n<\/tr>\n<tr>\n<td>Tension de fin de charge<\/td>\n<td>56.5V<\/td>\n<\/tr>\n<tr>\n<td>Dimensions (L x W x H)<\/td>\n<td>530x440x132mm<\/td>\n<\/tr>\n<tr>\n<td>Poids de l&#8217;unit\u00e9<\/td>\n<td>53Kg<\/td>\n<\/tr>\n<tr>\n<td>Communication<\/td>\n<td>RS485 \/ RS232<\/td>\n<\/tr>\n<tr>\n<td>Module parall\u00e8le<\/td>\n<td>Support up to 10 packs<\/td>\n<\/tr>\n<tr>\n<td>Protection BMS<\/td>\n<td>Support<\/td>\n<\/tr>\n<tr>\n<td>Plage de temp\u00e9rature de charge<\/td>\n<td>0~45<sup>o<\/sup>C<\/td>\n<\/tr>\n<tr>\n<td>Plage de temp\u00e9rature de d\u00e9charge<\/td>\n<td>-20~60<sup>o<\/sup>C<\/td>\n<\/tr>\n<tr>\n<td>Certifications<\/td>\n<td>ISO \/ UL \/ IEC \/CE \/ UN38.3 \/MSDS<\/td>\n<\/tr>\n<\/tbody>\n<\/table>\n<p>&nbsp;<\/p>\n<p><strong>Caract\u00e9ristiques Principales:<\/strong><\/p>\n<ul>\n<li>Avec conception SOC.<\/li>\n<li>Supporte la surveillance des donn\u00e9es par l&#8217;application d&#8217;onduleur.<\/li>\n<li>Supporte les d\u00e9charges de haute puissance.<\/li>\n<li>Plus petit, plus l\u00e9ger et de plus longue dur\u00e9e de vie.<\/li>\n<\/ul>\n<p>&nbsp;<\/p>\n<p><strong>Avantages de la Batterie:<\/strong><\/p>\n<ul>\n<li>Cellules de grade A sup\u00e9rieur ayant pass\u00e9 le test UL1973<\/li>\n<li>Longue dur\u00e9e de vie des cycles.<\/li>\n<li>Haute efficacit\u00e9 de la puissance de sortie : &gt;96%<\/li>\n<li>Batteries \u00e0 faible auto-d\u00e9charge.<\/li>\n<li>Avec protection BMS intelligente, plus s\u00fbre.<\/li>\n<li>Petite taille, poids l\u00e9ger (30% de la taille \/ poids des batteries au plomb)<\/li>\n<li>Batteries respectueuses de l&#8217;environnement.<\/li>\n<\/ul>\n<p>&nbsp;<\/p>\n<p><strong>Applications:<\/strong><\/p>\n<ul>\n<li>Syst\u00e8mes de t\u00e9l\u00e9communication<\/li>\n<li>Station de base transmettrice<\/li>\n<li>Syst\u00e8me de stockage solaire<\/li>\n<li>\u00c9quipements de communication<\/li>\n<li>Bureau central<\/li>\n<li>Caisses enregistreuses \u00e9lectroniques<\/li>\n<li>Machine de bureau bas\u00e9e sur microprocesseur.<\/li>\n<li>UPS<\/li>\n<\/ul>\n","protected":false},"excerpt":{"rendered":"<p>Vue d&#8217;ensemble: La batterie LiFePO4 s\u00e9rie M de MOTOMA est&hellip;<\/p>\n","protected":false},"featured_media":24859,"template":"","meta":{"content-type":"","om_disable_all_campaigns":false,"_monsterinsights_skip_tracking":false,"_monsterinsights_sitenote_active":false,"_monsterinsights_sitenote_note":"","_monsterinsights_sitenote_category":0},"product_brand":[],"product_cat":[72,224],"product_tag":[],"class_list":{"0":"post-24857","1":"product","2":"type-product","3":"status-publish","4":"has-post-thumbnail","6":"product_cat-lithium-battery","7":"product_cat-telecom-station-lithium-battery","9":"first","10":"instock","11":"shipping-taxable","12":"product-type-simple"},"_links":{"self":[{"href":"https:\/\/motoma.cn\/fr\/wp-json\/wp\/v2\/product\/24857","targetHints":{"allow":["GET"]}}],"collection":[{"href":"https:\/\/motoma.cn\/fr\/wp-json\/wp\/v2\/product"}],"about":[{"href":"https:\/\/motoma.cn\/fr\/wp-json\/wp\/v2\/types\/product"}],"version-history":[{"count":7,"href":"https:\/\/motoma.cn\/fr\/wp-json\/wp\/v2\/product\/24857\/revisions"}],"predecessor-version":[{"id":31740,"href":"https:\/\/motoma.cn\/fr\/wp-json\/wp\/v2\/product\/24857\/revisions\/31740"}],"wp:featuredmedia":[{"embeddable":true,"href":"https:\/\/motoma.cn\/fr\/wp-json\/wp\/v2\/media\/24859"}],"wp:attachment":[{"href":"https:\/\/motoma.cn\/fr\/wp-json\/wp\/v2\/media?parent=24857"}],"wp:term":[{"taxonomy":"product_brand","embeddable":true,"href":"https:\/\/motoma.cn\/fr\/wp-json\/wp\/v2\/product_brand?post=24857"},{"taxonomy":"product_cat","embeddable":true,"href":"https:\/\/motoma.cn\/fr\/wp-json\/wp\/v2\/product_cat?post=24857"},{"taxonomy":"product_tag","embeddable":true,"href":"https:\/\/motoma.cn\/fr\/wp-json\/wp\/v2\/product_tag?post=24857"}],"curies":[{"name":"wp","href":"https:\/\/api.w.org\/{rel}","templated":true}]}}