

{"id":24866,"date":"2023-08-23T19:54:49","date_gmt":"2023-08-23T19:54:49","guid":{"rendered":"https:\/\/motoma.cn\/fr\/?post_type=product&#038;p=24866"},"modified":"2025-02-19T11:22:13","modified_gmt":"2025-02-19T11:22:13","slug":"12-8v-100ah-1-28-kwh-m47","status":"publish","type":"product","link":"https:\/\/motoma.cn\/fr\/product\/12-8v-100ah-1-28-kwh-m47\/","title":{"rendered":"12.8V 100AH \/ 1.28 KWH (M47)"},"content":{"rendered":"<p><strong>Vue d&#8217;ensemble:<\/strong><br \/>\nLe pack de batteries LiFePO4 s\u00e9rie 12.8V est con\u00e7u avec un bo\u00eetier pratique en mat\u00e9riau ABS, qui est dur et non inflammable. Adoptant un processus de soudage laser pour la barre omnibus des cellules de batterie de grade automobile, caract\u00e9ris\u00e9 par une concentration d&#8217;\u00e9nergie, une haute efficacit\u00e9 de soudage, un grand rapport d&#8217;aspect de soudure et une haute r\u00e9sistance de soudure, un faible apport de chaleur, une petite zone affect\u00e9e par la chaleur, etc. Adoptant une technologie avanc\u00e9e de plaque de fixation et de boulon pour garantir la stabilit\u00e9 de la batterie.<\/p>\n<p>&nbsp;<\/p>\n<p><strong>Param\u00e8tres de la Batterie:<\/strong><\/p>\n<table>\n<tbody>\n<tr>\n<td>Num\u00e9ro de Mod\u00e8le de la Batterie<\/td>\n<td>M47<\/td>\n<\/tr>\n<tr>\n<td>Tension Nominale<\/td>\n<td>12.8V<\/td>\n<\/tr>\n<tr>\n<td>Capacit\u00e9 Nominale<\/td>\n<td>100Ah<\/td>\n<\/tr>\n<tr>\n<td>Capacit\u00e9 de Puissance<\/td>\n<td>1.28KWH<\/td>\n<\/tr>\n<tr>\n<td>Dur\u00e9e de Vie du Cycle<\/td>\n<td>\u2265 4000 cycles @80% DOD<\/td>\n<\/tr>\n<tr>\n<td>Plage de Tension Op\u00e9rationnelle<\/td>\n<td>10V-14.6V<\/td>\n<\/tr>\n<tr>\n<td>Courant Maximal de Charge<\/td>\n<td>100A<\/td>\n<\/tr>\n<tr>\n<td>Courant Maximal de D\u00e9charge<\/td>\n<td>100A<\/td>\n<\/tr>\n<tr>\n<td>Tension Finale de Charge<\/td>\n<td>14.6V<\/td>\n<\/tr>\n<tr>\n<td>Dimensions (L x W x H)<\/td>\n<td>330*172*215mm<\/td>\n<\/tr>\n<tr>\n<td>Poids Unitaire<\/td>\n<td>12Kg<\/td>\n<\/tr>\n<tr>\n<td>Niveau IP<\/td>\n<td>IP65<\/td>\n<\/tr>\n<tr>\n<td>Support des batteries en s\u00e9rie<\/td>\n<td>4 pcs maximum 51.2v<\/td>\n<\/tr>\n<tr>\n<td>Protection BMS<\/td>\n<td>Support<\/td>\n<\/tr>\n<tr>\n<td>Plage de Temp\u00e9rature de Charge<\/td>\n<td>0~45<sup>o<\/sup>C<\/td>\n<\/tr>\n<tr>\n<td>Plage de Temp\u00e9rature de D\u00e9charge<\/td>\n<td>-20~60<sup>o<\/sup>C<\/td>\n<\/tr>\n<tr>\n<td>Certifications<\/td>\n<td>ISO \/ UL \/ IEC \/CE \/ UN38.3 \/MSDS<\/td>\n<\/tr>\n<\/tbody>\n<\/table>\n<p>&nbsp;<\/p>\n<p><strong>Caract\u00e9ristiques Principales:<\/strong><\/p>\n<ul>\n<li>Facile \u00e0 remplacer la batterie au plomb.<\/li>\n<li>Avec conception SOC.<\/li>\n<li>Supporte la d\u00e9charge de haute puissance.<\/li>\n<li>Plus petite, plus l\u00e9g\u00e8re et de plus longue dur\u00e9e.<\/li>\n<\/ul>\n<p>&nbsp;<\/p>\n<p><strong>Avantages de la Batterie:<\/strong><\/p>\n<ul>\n<li>Cellules de grade A sup\u00e9rieur ayant pass\u00e9 le test UL1973.<\/li>\n<li>Longue dur\u00e9e de vie du cycle.<\/li>\n<li>Haute efficacit\u00e9 de sortie: &gt;96%.<\/li>\n<li>Batteries \u00e0 faible auto-d\u00e9charge.<\/li>\n<li>Avec protection BMS intelligente, plus s\u00fbre.<\/li>\n<li>L\u00e9g\u00e8ret\u00e9 (30% du poids des batteries au plomb).<\/li>\n<li>Batteries \u00e9cologiques.<\/li>\n<\/ul>\n<p>&nbsp;<\/p>\n<p><strong>Applications:<\/strong><\/p>\n<ul>\n<li>UPS<\/li>\n<li>VR<\/li>\n<li>Camping-car<\/li>\n<li>Camping maritime<\/li>\n<li>Syst\u00e8me solaire hors r\u00e9seau<\/li>\n<li>Syst\u00e8me solaire domestique<\/li>\n<li>T\u00e9l\u00e9communications<\/li>\n<li>Sauvegarde.<\/li>\n<\/ul>\n","protected":false},"excerpt":{"rendered":"<p>Vue d&#8217;ensemble: Le pack de batteries LiFePO4 s\u00e9rie 12.8V est&hellip;<\/p>\n","protected":false},"featured_media":24868,"template":"","meta":{"content-type":"","om_disable_all_campaigns":false,"_monsterinsights_skip_tracking":false,"_monsterinsights_sitenote_active":false,"_monsterinsights_sitenote_note":"","_monsterinsights_sitenote_category":0},"product_brand":[],"product_cat":[72,225],"product_tag":[],"class_list":{"0":"post-24866","1":"product","2":"type-product","3":"status-publish","4":"has-post-thumbnail","6":"product_cat-lithium-battery","7":"product_cat-ups-lithium-battery","9":"first","10":"instock","11":"shipping-taxable","12":"product-type-simple"},"_links":{"self":[{"href":"https:\/\/motoma.cn\/fr\/wp-json\/wp\/v2\/product\/24866","targetHints":{"allow":["GET"]}}],"collection":[{"href":"https:\/\/motoma.cn\/fr\/wp-json\/wp\/v2\/product"}],"about":[{"href":"https:\/\/motoma.cn\/fr\/wp-json\/wp\/v2\/types\/product"}],"version-history":[{"count":12,"href":"https:\/\/motoma.cn\/fr\/wp-json\/wp\/v2\/product\/24866\/revisions"}],"predecessor-version":[{"id":31738,"href":"https:\/\/motoma.cn\/fr\/wp-json\/wp\/v2\/product\/24866\/revisions\/31738"}],"wp:featuredmedia":[{"embeddable":true,"href":"https:\/\/motoma.cn\/fr\/wp-json\/wp\/v2\/media\/24868"}],"wp:attachment":[{"href":"https:\/\/motoma.cn\/fr\/wp-json\/wp\/v2\/media?parent=24866"}],"wp:term":[{"taxonomy":"product_brand","embeddable":true,"href":"https:\/\/motoma.cn\/fr\/wp-json\/wp\/v2\/product_brand?post=24866"},{"taxonomy":"product_cat","embeddable":true,"href":"https:\/\/motoma.cn\/fr\/wp-json\/wp\/v2\/product_cat?post=24866"},{"taxonomy":"product_tag","embeddable":true,"href":"https:\/\/motoma.cn\/fr\/wp-json\/wp\/v2\/product_tag?post=24866"}],"curies":[{"name":"wp","href":"https:\/\/api.w.org\/{rel}","templated":true}]}}