

{"id":24871,"date":"2023-08-23T19:57:54","date_gmt":"2023-08-23T19:57:54","guid":{"rendered":"https:\/\/motoma.cn\/fr\/?post_type=product&#038;p=24871"},"modified":"2025-02-19T11:21:39","modified_gmt":"2025-02-19T11:21:39","slug":"12-8v-40ah-0-51-kwh","status":"publish","type":"product","link":"https:\/\/motoma.cn\/fr\/product\/12-8v-40ah-0-51-kwh\/","title":{"rendered":"12.8V 40AH \/ 0.51 KWH"},"content":{"rendered":"<p><strong>Vue d&#8217;ensemble:<\/strong><br \/>\nLe pack de batteries LiFePO4 s\u00e9rie 12.8V est con\u00e7u avec un bo\u00eetier pratique en mat\u00e9riau ABS, qui est dur et non inflammable. Adoptant un processus de soudage laser pour la barre omnibus des cellules de batterie de grade automobile, caract\u00e9ris\u00e9 par une concentration d&#8217;\u00e9nergie, une haute efficacit\u00e9 de soudage, un grand rapport d&#8217;aspect de soudure et une haute r\u00e9sistance de soudure, un faible apport de chaleur, une petite zone affect\u00e9e par la chaleur, etc. Adoptant une technologie avanc\u00e9e de plaque de fixation et de boulon pour garantir la stabilit\u00e9 de la batterie.<\/p>\n<p>&nbsp;<\/p>\n<p><strong>Battery Parameters:<\/strong><\/p>\n<table>\n<tbody>\n<tr>\n<td>Battery Model Number<\/td>\n<td>12.8V 40Ah<\/td>\n<\/tr>\n<tr>\n<td>Nominal Voltage<\/td>\n<td>12.8V<\/td>\n<\/tr>\n<tr>\n<td>Nominal Capacity<\/td>\n<td>40Ah<\/td>\n<\/tr>\n<tr>\n<td>Power Capacity<\/td>\n<td>0.512 KWh<\/td>\n<\/tr>\n<tr>\n<td>Cycle Life<\/td>\n<td>\u2265 4000 cycles @80% DOD<\/td>\n<\/tr>\n<tr>\n<td>Operational Voltage Range<\/td>\n<td>10V-14.6V<\/td>\n<\/tr>\n<tr>\n<td>Maximum Charge Current<\/td>\n<td>20A<\/td>\n<\/tr>\n<tr>\n<td>Maximum Discharge Current<\/td>\n<td>20A<\/td>\n<\/tr>\n<tr>\n<td>Final Charge Voltage<\/td>\n<td>14.6V<\/td>\n<\/tr>\n<tr>\n<td>Dimensions (L x W x H)<\/td>\n<td>198*166*170mm<\/td>\n<\/tr>\n<tr>\n<td>Unit Weight<\/td>\n<td>4.5Kg<\/td>\n<\/tr>\n<tr>\n<td>IP Level<\/td>\n<td>IP65<\/td>\n<\/tr>\n<tr>\n<td>Support for Series Batteries<\/td>\n<td>4 pcs maximum 51.2V<\/td>\n<\/tr>\n<tr>\n<td>BMS Protection<\/td>\n<td>Support<\/td>\n<\/tr>\n<tr>\n<td>Charge Temperature Range<\/td>\n<td>0~45\u00b0C<\/td>\n<\/tr>\n<tr>\n<td>Discharge Temperature Range<\/td>\n<td>-20~60\u00b0C<\/td>\n<\/tr>\n<tr>\n<td>Certifications<\/td>\n<td>ISO \/ UL \/ IEC \/ CE \/ UN38.3 \/ MSDS<\/td>\n<\/tr>\n<\/tbody>\n<\/table>\n<p>&nbsp;<\/p>\n<p><strong>Caract\u00e9ristiques Principales<\/strong><\/p>\n<p>\u2022 Facile \u00e0 remplacer la batterie au plomb.<br \/>\n\u2022 Avec conception SOC.<br \/>\n\u2022 Supporte la d\u00e9charge de haute puissance.<br \/>\n\u2022 Plus petite, plus l\u00e9g\u00e8re et de plus longue dur\u00e9e.<\/p>\n<p>&nbsp;<\/p>\n<p><strong>Avantages de la Batterie<\/strong><\/p>\n<p>\u2022 Cellules de grade A sup\u00e9rieur ayant pass\u00e9 le test UL1973.<br \/>\n\u2022 Longue dur\u00e9e de vie du cycle.<br \/>\n\u2022 Haute efficacit\u00e9 de sortie: &gt;96%.<br \/>\n\u2022 Batteries \u00e0 faible auto-d\u00e9charge.<br \/>\n\u2022 Avec protection BMS intelligente, plus s\u00fbre.<br \/>\n\u2022 L\u00e9g\u00e8ret\u00e9 (30% du poids des batteries au plomb).<br \/>\n\u2022 Batteries \u00e9cologiques.<\/p>\n<p>&nbsp;<\/p>\n<p><strong>Applications<\/strong><br \/>\n\u2022 UPS<br \/>\n\u2022 VR<br \/>\n\u2022 Camping-car<br \/>\n\u2022 Camping maritime<br \/>\n\u2022 Syst\u00e8me solaire hors r\u00e9seau<br \/>\n\u2022 Syst\u00e8me solaire domestique<br \/>\n\u2022 T\u00e9l\u00e9communications<br \/>\n\u2022 Sauvegarde.<\/p>\n","protected":false},"excerpt":{"rendered":"<p>Vue d&#8217;ensemble: Le pack de batteries LiFePO4 s\u00e9rie 12.8V est&hellip;<\/p>\n","protected":false},"featured_media":24873,"template":"","meta":{"content-type":"","om_disable_all_campaigns":false,"_monsterinsights_skip_tracking":false,"_monsterinsights_sitenote_active":false,"_monsterinsights_sitenote_note":"","_monsterinsights_sitenote_category":0},"product_brand":[],"product_cat":[72,225],"product_tag":[],"class_list":{"0":"post-24871","1":"product","2":"type-product","3":"status-publish","4":"has-post-thumbnail","6":"product_cat-lithium-battery","7":"product_cat-ups-lithium-battery","9":"first","10":"instock","11":"shipping-taxable","12":"product-type-simple"},"_links":{"self":[{"href":"https:\/\/motoma.cn\/fr\/wp-json\/wp\/v2\/product\/24871","targetHints":{"allow":["GET"]}}],"collection":[{"href":"https:\/\/motoma.cn\/fr\/wp-json\/wp\/v2\/product"}],"about":[{"href":"https:\/\/motoma.cn\/fr\/wp-json\/wp\/v2\/types\/product"}],"version-history":[{"count":9,"href":"https:\/\/motoma.cn\/fr\/wp-json\/wp\/v2\/product\/24871\/revisions"}],"predecessor-version":[{"id":31737,"href":"https:\/\/motoma.cn\/fr\/wp-json\/wp\/v2\/product\/24871\/revisions\/31737"}],"wp:featuredmedia":[{"embeddable":true,"href":"https:\/\/motoma.cn\/fr\/wp-json\/wp\/v2\/media\/24873"}],"wp:attachment":[{"href":"https:\/\/motoma.cn\/fr\/wp-json\/wp\/v2\/media?parent=24871"}],"wp:term":[{"taxonomy":"product_brand","embeddable":true,"href":"https:\/\/motoma.cn\/fr\/wp-json\/wp\/v2\/product_brand?post=24871"},{"taxonomy":"product_cat","embeddable":true,"href":"https:\/\/motoma.cn\/fr\/wp-json\/wp\/v2\/product_cat?post=24871"},{"taxonomy":"product_tag","embeddable":true,"href":"https:\/\/motoma.cn\/fr\/wp-json\/wp\/v2\/product_tag?post=24871"}],"curies":[{"name":"wp","href":"https:\/\/api.w.org\/{rel}","templated":true}]}}