

{"id":24875,"date":"2023-08-23T20:00:38","date_gmt":"2023-08-23T20:00:38","guid":{"rendered":"https:\/\/motoma.cn\/fr\/?post_type=product&#038;p=24875"},"modified":"2025-02-20T13:58:08","modified_gmt":"2025-02-20T13:58:08","slug":"12-8v-20ah-0-25-kwh","status":"publish","type":"product","link":"https:\/\/motoma.cn\/fr\/product\/12-8v-20ah-0-25-kwh\/","title":{"rendered":"12.8V 20AH \/ 0.25 KWH"},"content":{"rendered":"<p><strong>Aper\u00e7u :<\/strong><\/p>\n<p>La batterie LiFePO4 de la s\u00e9rie 12.8V est con\u00e7ue avec un bo\u00eetier de qualit\u00e9 pratique en mat\u00e9riau ABS, dur et non inflammable. Elle utilise le processus de soudage laser des batteries de puissance automobile de qualit\u00e9, pour le busbar de cellules, avec des caract\u00e9ristiques de concentration d&#8217;\u00e9nergie, une haute efficacit\u00e9 de soudage, un grand rapport d&#8217;aspect de soudure, une haute r\u00e9sistance de soudure, une faible entr\u00e9e de chaleur, une petite zone affect\u00e9e par la chaleur, etc. Elle adopte une technologie de plaque de fixation et de boulons avanc\u00e9e pour assurer la stabilit\u00e9 de la batterie.<\/p>\n<p>&nbsp;<\/p>\n<p><strong>Param\u00e8tres de la batterie :<\/strong><\/p>\n<ul>\n<li>Mod\u00e8le de batterie : 12.8V 20Ah<\/li>\n<li>Tension nominale : 12.8V<\/li>\n<li>Capacit\u00e9 nominale : 20Ah<\/li>\n<li>Capacit\u00e9 \u00e9nerg\u00e9tique : 0.256 KWH<\/li>\n<li>Cycle de vie : \u2265 4000 cycles @80% DOD<\/li>\n<li>Plage de tension de fonctionnement : 10V-14.6V<\/li>\n<li>Courant de charge maximal : 20A<\/li>\n<li>Courant de d\u00e9charge maximal : 20A<\/li>\n<li>Tension de fin de charge : 14.6V<\/li>\n<li>Dimensions (L x l x H) : 181*77*167mm<\/li>\n<li>Poids unitaire : 2.2Kg<\/li>\n<li>Niveau IP : IP65<\/li>\n<li>Support de batterie en s\u00e9rie : Maximum 4 pi\u00e8ces pour 51.2V<\/li>\n<li>Protection BMS : Prise en charge<\/li>\n<li>Plage de temp\u00e9rature de charge : 0~45\u00b0C<\/li>\n<li>Plage de temp\u00e9rature de d\u00e9charge : -20~60\u00b0C<\/li>\n<li>Certification : ISO \/ UL \/ IEC \/CE \/ UN38.3 \/MSDS<\/li>\n<\/ul>\n<p>&nbsp;<\/p>\n<p><strong>Principales caract\u00e9ristiques :<\/strong><\/p>\n<ul>\n<li>Facile \u00e0 remplacer la batterie au plomb.<\/li>\n<li>Avec conception SOC.<\/li>\n<li>Supporte la d\u00e9charge haute puissance.<\/li>\n<li>Plus petit, plus l\u00e9ger et plus longue dur\u00e9e de vie.<\/li>\n<\/ul>\n<p>&nbsp;<\/p>\n<p><strong>Avantages de la batterie :<\/strong><\/p>\n<ul>\n<li>Cellules de qualit\u00e9 sup\u00e9rieure, ayant pass\u00e9 le test UL1973.<\/li>\n<li>Longue dur\u00e9e de vie du cycle.<\/li>\n<li>Puissance de sortie \u00e0 haute efficacit\u00e9 : &gt;96%.<\/li>\n<li>Faible autod\u00e9charge des batteries.<\/li>\n<li>Avec une protection BMS intelligente, plus s\u00fbre.<\/li>\n<li>L\u00e9g\u00e8re (30% du poids des batteries au plomb).<\/li>\n<li>Batteries respectueuses de l&#8217;environnement.<\/li>\n<\/ul>\n<p>&nbsp;<\/p>\n<p><strong>Application :<\/strong><\/p>\n<ul>\n<li>Alimentation sans coupure (UPS).<\/li>\n<li>Camping-car (RV).<\/li>\n<li>Camping-car.<\/li>\n<li>Marine, camping.<\/li>\n<li>Syst\u00e8me solaire hors r\u00e9seau.<\/li>\n<li>Syst\u00e8me solaire domestique.<\/li>\n<li>T\u00e9l\u00e9communications.<\/li>\n<li>Sauvegarde.<\/li>\n<\/ul>\n","protected":false},"excerpt":{"rendered":"<p>Aper\u00e7u : La batterie LiFePO4 de la s\u00e9rie 12.8V est&hellip;<\/p>\n","protected":false},"featured_media":24877,"template":"","meta":{"content-type":"","om_disable_all_campaigns":false,"_monsterinsights_skip_tracking":false,"_monsterinsights_sitenote_active":false,"_monsterinsights_sitenote_note":"","_monsterinsights_sitenote_category":0},"product_brand":[],"product_cat":[72,225],"product_tag":[],"class_list":{"0":"post-24875","1":"product","2":"type-product","3":"status-publish","4":"has-post-thumbnail","6":"product_cat-lithium-battery","7":"product_cat-ups-lithium-battery","9":"first","10":"instock","11":"shipping-taxable","12":"product-type-simple"},"_links":{"self":[{"href":"https:\/\/motoma.cn\/fr\/wp-json\/wp\/v2\/product\/24875","targetHints":{"allow":["GET"]}}],"collection":[{"href":"https:\/\/motoma.cn\/fr\/wp-json\/wp\/v2\/product"}],"about":[{"href":"https:\/\/motoma.cn\/fr\/wp-json\/wp\/v2\/types\/product"}],"version-history":[{"count":8,"href":"https:\/\/motoma.cn\/fr\/wp-json\/wp\/v2\/product\/24875\/revisions"}],"predecessor-version":[{"id":31743,"href":"https:\/\/motoma.cn\/fr\/wp-json\/wp\/v2\/product\/24875\/revisions\/31743"}],"wp:featuredmedia":[{"embeddable":true,"href":"https:\/\/motoma.cn\/fr\/wp-json\/wp\/v2\/media\/24877"}],"wp:attachment":[{"href":"https:\/\/motoma.cn\/fr\/wp-json\/wp\/v2\/media?parent=24875"}],"wp:term":[{"taxonomy":"product_brand","embeddable":true,"href":"https:\/\/motoma.cn\/fr\/wp-json\/wp\/v2\/product_brand?post=24875"},{"taxonomy":"product_cat","embeddable":true,"href":"https:\/\/motoma.cn\/fr\/wp-json\/wp\/v2\/product_cat?post=24875"},{"taxonomy":"product_tag","embeddable":true,"href":"https:\/\/motoma.cn\/fr\/wp-json\/wp\/v2\/product_tag?post=24875"}],"curies":[{"name":"wp","href":"https:\/\/api.w.org\/{rel}","templated":true}]}}