

{"id":28833,"date":"2023-10-26T21:42:57","date_gmt":"2023-10-26T21:42:57","guid":{"rendered":"https:\/\/motoma.cn\/fr\/?post_type=product&#038;p=28833"},"modified":"2025-04-04T09:44:52","modified_gmt":"2025-04-04T09:44:52","slug":"so-spn-mc182-560-585n","status":"publish","type":"product","link":"https:\/\/motoma.cn\/fr\/product\/so-spn-mc182-560-585n\/","title":{"rendered":"SO-SPN-MC182-580-590N"},"content":{"rendered":"<p><strong>Vue d&#8217;ensemble<\/strong><\/p>\n<p>Vivez le futur de la technologie solaire avec nos modules bifaciaux de pointe. Exploitant la puissance de la technologie cellulaire bifaciale de type N, nos panneaux sont con\u00e7us pour une performance et une fiabilit\u00e9 in\u00e9gal\u00e9es. Voici ce qui distingue nos panneaux :<\/p>\n<p>Technologie cellulaire bifaciale de type N : Utilisant les derni\u00e8res innovations solaires, nos panneaux absorbent la lumi\u00e8re solaire des deux c\u00f4t\u00e9s, maximisant la capture d&#8217;\u00e9nergie.<\/p>\n<p>Puissance et efficacit\u00e9 ultra-\u00e9lev\u00e9es : Con\u00e7us pour des performances de premier ordre, nos modules promettent une sortie de puissance ultra-\u00e9lev\u00e9e, vous assurant de tirer le maximum de chaque rayon de soleil.<\/p>\n<p>Coefficient de temp\u00e9rature optimis\u00e9 : Avec des consid\u00e9rations de conception avanc\u00e9es, nos panneaux maintiennent une efficacit\u00e9 optimale m\u00eame dans des conditions de temp\u00e9rature variables, assurant une production d&#8217;\u00e9nergie constante.<\/p>\n<p>Durabilit\u00e9 avec une moindre d\u00e9gradation : Nos panneaux sont construits pour durer. Avec un taux de d\u00e9gradation plus faible, attendez-vous \u00e0 une long\u00e9vit\u00e9 prolong\u00e9e et \u00e0 des performances constantes au fil des ann\u00e9es.<\/p>\n<p>Gain bifacial plus \u00e9lev\u00e9 : B\u00e9n\u00e9ficiez de rendements \u00e9lectriques jusqu&#8217;\u00e0 25 % plus \u00e9lev\u00e9s, gr\u00e2ce \u00e0 notre technologie de cellules actives des deux c\u00f4t\u00e9s des modules en verre bifacial.<\/p>\n<p>Performances exceptionnelles en faible luminosit\u00e9 : Que ce soit au coucher du soleil, \u00e0 l&#8217;aube ou lors d&#8217;une journ\u00e9e nuageuse, nos modules sont con\u00e7us pour fournir une sortie de puissance sup\u00e9rieure, m\u00eame dans des conditions d&#8217;\u00e9clairage sous-optimales.<\/p>\n<p>R\u00e9sistance PID exceptionnelle : Nos panneaux solaires sont con\u00e7us pour r\u00e9sister \u00e0 la d\u00e9gradation induite par le potentiel, assurant qu&#8217;ils maintiennent leur efficacit\u00e9 et leur production d&#8217;\u00e9nergie au fil du temps.<\/p>\n<p>Fiabilit\u00e9 renforc\u00e9e : Construits sur des ann\u00e9es d&#8217;exp\u00e9rience de fabrication et d\u00e9passant les normes IEC, nos tests de qualit\u00e9 intensifs garantissent que chaque module que vous recevez est du plus haut calibre.<\/p>\n<p>&nbsp;<\/p>\n<p><strong>Caract\u00e9ristiques Principales:<\/strong><\/p>\n<ul>\n<li>Technologie cellulaire bifaciale N-type<\/li>\n<li>Ultra-haute puissance et efficacit\u00e9<\/li>\n<li>Coefficient de temp\u00e9rature optimis\u00e9<\/li>\n<li>Faible d\u00e9gradation<\/li>\n<li>Gain bifacial plus \u00e9lev\u00e9.<\/li>\n<li>Performances exceptionnelles en basse lumi\u00e8re<\/li>\n<li>R\u00e9sistance PID exceptionnelle<\/li>\n<li>Fiabilit\u00e9 am\u00e9lior\u00e9e<\/li>\n<\/ul>\n","protected":false},"excerpt":{"rendered":"<p>Vue d&#8217;ensemble Vivez le futur de la technologie solaire avec&hellip;<\/p>\n","protected":false},"featured_media":28855,"template":"","meta":{"content-type":"","om_disable_all_campaigns":false,"_monsterinsights_skip_tracking":false,"_monsterinsights_sitenote_active":false,"_monsterinsights_sitenote_note":"","_monsterinsights_sitenote_category":0},"product_brand":[],"product_cat":[181,240],"product_tag":[],"class_list":{"0":"post-28833","1":"product","2":"type-product","3":"status-publish","4":"has-post-thumbnail","6":"product_cat-solar-panel","7":"product_cat-mono-topcon-n-type-bifacial","9":"first","10":"instock","11":"shipping-taxable","12":"product-type-simple"},"_links":{"self":[{"href":"https:\/\/motoma.cn\/fr\/wp-json\/wp\/v2\/product\/28833","targetHints":{"allow":["GET"]}}],"collection":[{"href":"https:\/\/motoma.cn\/fr\/wp-json\/wp\/v2\/product"}],"about":[{"href":"https:\/\/motoma.cn\/fr\/wp-json\/wp\/v2\/types\/product"}],"version-history":[{"count":16,"href":"https:\/\/motoma.cn\/fr\/wp-json\/wp\/v2\/product\/28833\/revisions"}],"predecessor-version":[{"id":32620,"href":"https:\/\/motoma.cn\/fr\/wp-json\/wp\/v2\/product\/28833\/revisions\/32620"}],"wp:featuredmedia":[{"embeddable":true,"href":"https:\/\/motoma.cn\/fr\/wp-json\/wp\/v2\/media\/28855"}],"wp:attachment":[{"href":"https:\/\/motoma.cn\/fr\/wp-json\/wp\/v2\/media?parent=28833"}],"wp:term":[{"taxonomy":"product_brand","embeddable":true,"href":"https:\/\/motoma.cn\/fr\/wp-json\/wp\/v2\/product_brand?post=28833"},{"taxonomy":"product_cat","embeddable":true,"href":"https:\/\/motoma.cn\/fr\/wp-json\/wp\/v2\/product_cat?post=28833"},{"taxonomy":"product_tag","embeddable":true,"href":"https:\/\/motoma.cn\/fr\/wp-json\/wp\/v2\/product_tag?post=28833"}],"curies":[{"name":"wp","href":"https:\/\/api.w.org\/{rel}","templated":true}]}}