

{"id":28846,"date":"2023-08-17T19:00:06","date_gmt":"2023-08-17T19:00:06","guid":{"rendered":"https:\/\/motoma.cn\/fr\/?post_type=product&#038;p=28846"},"modified":"2025-02-17T10:14:49","modified_gmt":"2025-02-17T10:14:49","slug":"axpert-vm-ii-premium-3-kw","status":"publish","type":"product","link":"https:\/\/motoma.cn\/fr\/product\/axpert-vm-ii-premium-3-kw\/","title":{"rendered":"Axpert VM II Premium 3 KW"},"content":{"rendered":"<p><strong>Vue d&#8217;ensemble: <\/strong><\/p>\n<p>Il s&#8217;agit d&#8217;un onduleur\/chargeur multifonctionnel combinant les fonctions d&#8217;onduleur, de chargeur solaire et de chargeur de batterie pour offrir un soutien de puissance ininterrompu dans un format portable. Son affichage LCD complet offre une op\u00e9ration de bouton configurable par l&#8217;utilisateur et facilement accessible, tel que le courant de charge de la batterie, la priorit\u00e9 du chargeur AC\/solaire et la tension d&#8217;entr\u00e9e acceptable bas\u00e9e sur diff\u00e9rentes applications.<\/p>\n<p>&nbsp;<\/p>\n<p><strong>Caract\u00e9ristiques Principales:<\/strong><\/p>\n<ul>\n<li>Onduleur solaire \u00e0 onde sinuso\u00efdale pure<\/li>\n<li>Port de communication r\u00e9serv\u00e9 pour BMS.<\/li>\n<li>Large plage de tension d&#8217;entr\u00e9e PV<\/li>\n<li>Conception ind\u00e9pendante de la batterie<\/li>\n<li>Chargeur solaire MPPT int\u00e9gr\u00e9 de 100A<\/li>\n<li>Wi-Fi int\u00e9gr\u00e9 pour la surveillance mobile (une application est disponible)<\/li>\n<li>Fonction d&#8217;\u00e9galisation de la batterie pour optimiser les performances de la batterie et prolonger son cycle de vie.<\/li>\n<li>Kit anti-poussi\u00e8re int\u00e9gr\u00e9<\/li>\n<li>Garantie de 2 ans<\/li>\n<\/ul>\n","protected":false},"excerpt":{"rendered":"<p>Vue d&#8217;ensemble: Il s&#8217;agit d&#8217;un onduleur\/chargeur multifonctionnel combinant les fonctions&hellip;<\/p>\n","protected":false},"featured_media":31284,"template":"","meta":{"content-type":"","om_disable_all_campaigns":false,"_monsterinsights_skip_tracking":false,"_monsterinsights_sitenote_active":false,"_monsterinsights_sitenote_note":"","_monsterinsights_sitenote_category":0},"product_brand":[],"product_cat":[182,230],"product_tag":[],"class_list":{"0":"post-28846","1":"product","2":"type-product","3":"status-publish","4":"has-post-thumbnail","6":"product_cat-solar-inverter","7":"product_cat-low-voltage-inverter","9":"first","10":"instock","11":"shipping-taxable","12":"product-type-simple"},"_links":{"self":[{"href":"https:\/\/motoma.cn\/fr\/wp-json\/wp\/v2\/product\/28846","targetHints":{"allow":["GET"]}}],"collection":[{"href":"https:\/\/motoma.cn\/fr\/wp-json\/wp\/v2\/product"}],"about":[{"href":"https:\/\/motoma.cn\/fr\/wp-json\/wp\/v2\/types\/product"}],"version-history":[{"count":16,"href":"https:\/\/motoma.cn\/fr\/wp-json\/wp\/v2\/product\/28846\/revisions"}],"predecessor-version":[{"id":31711,"href":"https:\/\/motoma.cn\/fr\/wp-json\/wp\/v2\/product\/28846\/revisions\/31711"}],"wp:featuredmedia":[{"embeddable":true,"href":"https:\/\/motoma.cn\/fr\/wp-json\/wp\/v2\/media\/31284"}],"wp:attachment":[{"href":"https:\/\/motoma.cn\/fr\/wp-json\/wp\/v2\/media?parent=28846"}],"wp:term":[{"taxonomy":"product_brand","embeddable":true,"href":"https:\/\/motoma.cn\/fr\/wp-json\/wp\/v2\/product_brand?post=28846"},{"taxonomy":"product_cat","embeddable":true,"href":"https:\/\/motoma.cn\/fr\/wp-json\/wp\/v2\/product_cat?post=28846"},{"taxonomy":"product_tag","embeddable":true,"href":"https:\/\/motoma.cn\/fr\/wp-json\/wp\/v2\/product_tag?post=28846"}],"curies":[{"name":"wp","href":"https:\/\/api.w.org\/{rel}","templated":true}]}}