

{"id":30252,"date":"2024-01-06T22:02:51","date_gmt":"2024-01-06T22:02:51","guid":{"rendered":"https:\/\/motoma.cn\/fr\/?post_type=product&#038;p=30252"},"modified":"2025-11-25T11:11:37","modified_gmt":"2025-11-25T11:11:37","slug":"50kw-100kwh-smart-ess-m50-100","status":"publish","type":"product","link":"https:\/\/motoma.cn\/fr\/product\/50kw-100kwh-smart-ess-m50-100\/","title":{"rendered":"50KW\/100KWh Smart ESS (M50-100)"},"content":{"rendered":"<p><strong>Vue d&#8217;ensemble<\/strong><br \/>\nUnit\u00e9 Smart Ess \u2013 M50-100 Cabinet tout-en-un consiste en un cluster de batterie de puissance, onduleur hybride, syst\u00e8me de contr\u00f4le de temp\u00e9rature \u00e0 fr\u00e9quence variable, BMS, EMS, combin\u00e9 avec suppression de pr\u00e9cision et suppression d&#8217;explosion, syst\u00e8me de protection incendie, \u00e9quipement \u00e9lectrique auxiliaire et armoire en t\u00f4le r\u00e9sistante aux intemp\u00e9ries et la capacit\u00e9 du ESS est de 50kW\/103.68kWh.<\/p>\n<p>&nbsp;<\/p>\n<p><strong>Caract\u00e9ristiques Principales:<\/strong><\/p>\n<p><strong>S\u00e9curit\u00e9<\/strong><\/p>\n<ul>\n<li>Perception de fusion multi-dimensionnelle \u00e9lectrique, protection par fusible multi-niveaux.<\/li>\n<li>Int\u00e9gration interne de l&#8217;\u00e9quipement PV\/ESS\/PCS, contr\u00f4le de bus plus unifi\u00e9, am\u00e9lioration de la stabilit\u00e9 du syst\u00e8me.<\/li>\n<li>Conception de pr\u00e9-alerte de d\u00e9rive thermique pr\u00e9coce, int\u00e9grant d\u00e9tection, suppression d&#8217;incendie, d\u00e9tection de gaz combustibles, pr\u00e9vention de fum\u00e9e et fonctions de soulagement d&#8217;explosion qui interagit avec BMS et EMS pour r\u00e9aliser l&#8217;extinction cibl\u00e9e au niveau PACK.<\/li>\n<li>Syst\u00e8me de contr\u00f4le de temp\u00e9rature intelligent, diff\u00e9rence de temp\u00e9rature du syst\u00e8me \u22645\u00b0C, dur\u00e9e de vie de la batterie augment\u00e9e de 12%.<\/li>\n<\/ul>\n<p>&nbsp;<\/p>\n<p><strong>Simplicit\u00e9<\/strong><\/p>\n<ul>\n<li>Conception tout-en-un et installation modulaire, un seul cabinet couvrant une surface de seulement 1,21m2.<\/li>\n<li>Applicable \u00e0 de multiples sc\u00e9narios industriels et facile \u00e0 connecter au r\u00e9seau.<\/li>\n<li>Erreur de court-circuit anti-installation, pratique et s\u00fbre pour la maintenance.<\/li>\n<li>Expansion de capacit\u00e9 simple, couvrant une plage de puissance de 50kW \u00e0 300kW.<\/li>\n<li>Pr\u00e9fabrication en usine et transport int\u00e9gr\u00e9 pour r\u00e9duire les frais de transport, installation et mise en service de 15%.<\/li>\n<\/ul>\n<p>&nbsp;<\/p>\n<p><strong>Intelligence<\/strong><\/p>\n<ul>\n<li>Op\u00e9ration et maintenance \u00e0 distance via le cloud, supportant la surveillance \u00e0 distance et locale.<\/li>\n<li>Strat\u00e9gie d&#8217;\u00e9quilibrage intelligente et pr\u00e9alerte syst\u00e8me Al pour garantir la coh\u00e9rence du cycle de vie de la batterie.<\/li>\n<li>Supporte la fonction de d\u00e9marrage noir avec alimentation fiable en mode hors r\u00e9seau\/micro-r\u00e9seau.<\/li>\n<li>Supporte plusieurs modes de fonctionnement (VPP, connect\u00e9 au r\u00e9seau, hors r\u00e9seau) pour am\u00e9liorer les revenus.<\/li>\n<\/ul>\n<p>&nbsp;<\/p>\n<p><strong>Applications<\/strong><\/p>\n<ul>\n<li>Locaux Commerciaux<\/li>\n<li>Zone Industriel<\/li>\n<li>Mine<\/li>\n<li>Pastorale<\/li>\n<li>Station-service<\/li>\n<li>\u00cele<\/li>\n<li>Centre de Donn\u00e9es<\/li>\n<\/ul>\n","protected":false},"excerpt":{"rendered":"<p>Vue d&#8217;ensemble Unit\u00e9 Smart Ess \u2013 M50-100 Cabinet tout-en-un consiste&hellip;<\/p>\n","protected":false},"featured_media":54272,"template":"","meta":{"content-type":"","om_disable_all_campaigns":false,"_monsterinsights_skip_tracking":false,"_monsterinsights_sitenote_active":false,"_monsterinsights_sitenote_note":"","_monsterinsights_sitenote_category":0},"product_brand":[],"product_cat":[72,244],"product_tag":[],"class_list":{"0":"post-30252","1":"product","2":"type-product","3":"status-publish","4":"has-post-thumbnail","6":"product_cat-lithium-battery","7":"product_cat-all-in-one-smart-ess","9":"first","10":"instock","11":"virtual","12":"product-type-simple"},"_links":{"self":[{"href":"https:\/\/motoma.cn\/fr\/wp-json\/wp\/v2\/product\/30252","targetHints":{"allow":["GET"]}}],"collection":[{"href":"https:\/\/motoma.cn\/fr\/wp-json\/wp\/v2\/product"}],"about":[{"href":"https:\/\/motoma.cn\/fr\/wp-json\/wp\/v2\/types\/product"}],"version-history":[{"count":23,"href":"https:\/\/motoma.cn\/fr\/wp-json\/wp\/v2\/product\/30252\/revisions"}],"predecessor-version":[{"id":54185,"href":"https:\/\/motoma.cn\/fr\/wp-json\/wp\/v2\/product\/30252\/revisions\/54185"}],"wp:featuredmedia":[{"embeddable":true,"href":"https:\/\/motoma.cn\/fr\/wp-json\/wp\/v2\/media\/54272"}],"wp:attachment":[{"href":"https:\/\/motoma.cn\/fr\/wp-json\/wp\/v2\/media?parent=30252"}],"wp:term":[{"taxonomy":"product_brand","embeddable":true,"href":"https:\/\/motoma.cn\/fr\/wp-json\/wp\/v2\/product_brand?post=30252"},{"taxonomy":"product_cat","embeddable":true,"href":"https:\/\/motoma.cn\/fr\/wp-json\/wp\/v2\/product_cat?post=30252"},{"taxonomy":"product_tag","embeddable":true,"href":"https:\/\/motoma.cn\/fr\/wp-json\/wp\/v2\/product_tag?post=30252"}],"curies":[{"name":"wp","href":"https:\/\/api.w.org\/{rel}","templated":true}]}}