

{"id":30307,"date":"2024-01-30T21:11:28","date_gmt":"2024-01-30T21:11:28","guid":{"rendered":"https:\/\/motoma.cn\/fr\/?post_type=product&#038;p=30307"},"modified":"2025-02-17T10:21:32","modified_gmt":"2025-02-17T10:21:32","slug":"axpert-ultra-twin-8-kw","status":"publish","type":"product","link":"https:\/\/motoma.cn\/fr\/product\/axpert-ultra-twin-8-kw\/","title":{"rendered":"Axpert Ultra TWIN 8 KW"},"content":{"rendered":"<p><strong>Vue d&#8217;ensemble:<\/strong><\/p>\n<p>\u00c9quip\u00e9 de 2 entr\u00e9es &amp; 2 sorties intelligentes, d&#8217;un capteur CT et d&#8217;une interface conviviale, l&#8217;Axpert Ultra est un onduleur solaire haut de gamme. Avec deux sources d&#8217;alimentation d&#8217;entr\u00e9e ind\u00e9pendantes \u2013 utilitaire et g\u00e9n\u00e9rateur \u2013 il assure une alimentation CA ininterrompue et int\u00e8gre un super grand chargeur (150A) pour une recharge rapide des batteries, m\u00eame avec un temps disponible limit\u00e9 \u00e0 partir des sources CA ou solaires. De plus, l&#8217;Axpert Ultra offre une seconde sortie CA permettant aux utilisateurs de personnaliser la tension de coupure, l&#8217;\u00e9tat de charge (SoC) en pourcentage, le temps de d\u00e9charge et le temps programm\u00e9 de marche\/arr\u00eat.<\/p>\n<p>&nbsp;<\/p>\n<p><strong>Caract\u00e9ristiques Principales:<\/strong><\/p>\n<ul>\n<li>Double sortie pour la gestion intelligente des charges.<\/li>\n<li>Deux sources d&#8217;alimentation CA ind\u00e9pendantes connect\u00e9es et commut\u00e9es automatiquement.<\/li>\n<li>Courant d&#8217;entr\u00e9e PV maximal de 27A.<\/li>\n<li>\u00c9cran LCD color\u00e9 de 2,8 pouces avec indicateurs d&#8217;\u00e9clairage de puissance.<\/li>\n<li>Supporte la fonction USB On-the-Go.<\/li>\n<li>Port de communication r\u00e9serv\u00e9 pour BMS (RS485, CAN-BUS).<\/li>\n<li>Conception de ventilateur rempla\u00e7able pour une maintenance facile.<\/li>\n<li>Conception ind\u00e9pendante de la batterie.<\/li>\n<li>Minuterie d&#8217;utilisation de sortie AC\/PV configurable et priorisation.<\/li>\n<li>Courant de charge de haute puissance s\u00e9lectionnable.<\/li>\n<li>Gamme de tension d&#8217;entr\u00e9e s\u00e9lectionnable pour les appareils m\u00e9nagers et les ordinateurs personnels.<\/li>\n<li>Kit anti-poussi\u00e8re int\u00e9gr\u00e9.<\/li>\n<li>Capteur de transformateur de courant int\u00e9gr\u00e9 pour r\u00e9pondre \u00e0 l&#8217;application d&#8217;autoconsommation.<\/li>\n<li>Supporte la d\u00e9tection externe BTS (capteur de temp\u00e9rature de batterie).<\/li>\n<li>Supporte les d\u00e9tections GFCI de coupure rapide, AFCI en option.<\/li>\n<li>Wi-Fi int\u00e9gr\u00e9 pour la surveillance mobile et la mise \u00e0 jour du firmware OTA.<\/li>\n<li>Op\u00e9ration parall\u00e8le avec 6 unit\u00e9s.<\/li>\n<li>Garantie de 2 ans<\/li>\n<\/ul>\n","protected":false},"excerpt":{"rendered":"<p>Vue d&#8217;ensemble: \u00c9quip\u00e9 de 2 entr\u00e9es &amp; 2 sorties intelligentes,&hellip;<\/p>\n","protected":false},"featured_media":31291,"template":"","meta":{"content-type":"","om_disable_all_campaigns":false,"_monsterinsights_skip_tracking":false,"_monsterinsights_sitenote_active":false,"_monsterinsights_sitenote_note":"","_monsterinsights_sitenote_category":0},"product_brand":[],"product_cat":[182,230],"product_tag":[],"class_list":{"0":"post-30307","1":"product","2":"type-product","3":"status-publish","4":"has-post-thumbnail","6":"product_cat-solar-inverter","7":"product_cat-low-voltage-inverter","9":"first","10":"instock","11":"shipping-taxable","12":"product-type-simple"},"_links":{"self":[{"href":"https:\/\/motoma.cn\/fr\/wp-json\/wp\/v2\/product\/30307","targetHints":{"allow":["GET"]}}],"collection":[{"href":"https:\/\/motoma.cn\/fr\/wp-json\/wp\/v2\/product"}],"about":[{"href":"https:\/\/motoma.cn\/fr\/wp-json\/wp\/v2\/types\/product"}],"version-history":[{"count":11,"href":"https:\/\/motoma.cn\/fr\/wp-json\/wp\/v2\/product\/30307\/revisions"}],"predecessor-version":[{"id":31728,"href":"https:\/\/motoma.cn\/fr\/wp-json\/wp\/v2\/product\/30307\/revisions\/31728"}],"wp:featuredmedia":[{"embeddable":true,"href":"https:\/\/motoma.cn\/fr\/wp-json\/wp\/v2\/media\/31291"}],"wp:attachment":[{"href":"https:\/\/motoma.cn\/fr\/wp-json\/wp\/v2\/media?parent=30307"}],"wp:term":[{"taxonomy":"product_brand","embeddable":true,"href":"https:\/\/motoma.cn\/fr\/wp-json\/wp\/v2\/product_brand?post=30307"},{"taxonomy":"product_cat","embeddable":true,"href":"https:\/\/motoma.cn\/fr\/wp-json\/wp\/v2\/product_cat?post=30307"},{"taxonomy":"product_tag","embeddable":true,"href":"https:\/\/motoma.cn\/fr\/wp-json\/wp\/v2\/product_tag?post=30307"}],"curies":[{"name":"wp","href":"https:\/\/api.w.org\/{rel}","templated":true}]}}