

{"id":30588,"date":"2024-04-13T08:54:22","date_gmt":"2024-04-13T08:54:22","guid":{"rendered":"https:\/\/motoma.cn\/fr\/?post_type=product&#038;p=30588"},"modified":"2025-04-30T07:28:16","modified_gmt":"2025-04-30T07:28:16","slug":"dse-lifepo4-614-4-v-200-ah","status":"publish","type":"product","link":"https:\/\/motoma.cn\/fr\/product\/dse-lifepo4-614-4-v-200-ah\/","title":{"rendered":"DSE LiFePO4 614.4 V 200 AH"},"content":{"rendered":"<p><strong>Vue d&#8217;ensemble: <\/strong><br \/>\nIntroduisant la Batterie Haute Tension MOTOMA 614.4V, le summum de la s\u00e9curit\u00e9 et la fiabilit\u00e9 dans le monde du stockage d&#8217;\u00e9nergie. Ce syst\u00e8me de batterie au phosphate de fer lithium de pointe est sp\u00e9cifiquement con\u00e7u pour r\u00e9pondre aux besoins exigeants des domaines de stockage d&#8217;\u00e9nergie domestique, industriel et commercial. Offrant haute performance, stabilit\u00e9 exceptionnelle et efficacit\u00e9 in\u00e9gal\u00e9e, la Batterie Haute Tension MOTOMA assure un fonctionnement sans faille \u00e0 travers une large gamme d&#8217;applications. Que vous cherchiez \u00e0 s\u00e9curiser une alimentation \u00e9lectrique ininterrompue, \u00e0 optimiser la consommation d&#8217;\u00e9nergie domestique ou \u00e0 am\u00e9liorer les capacit\u00e9s \u00e9nerg\u00e9tiques industrielles, ce syst\u00e8me 614.4V offre la solution dont vous avez besoin avec une polyvalence et une fiabilit\u00e9 in\u00e9gal\u00e9es.<\/p>\n<p>&nbsp;<\/p>\n<p><strong>Param\u00e8tres de la Batterie:<\/strong><\/p>\n<table>\n<tbody>\n<tr>\n<td>Num\u00e9ro de mod\u00e8le de la batterie<\/td>\n<td>DSE-LFP614.4V200A<\/td>\n<\/tr>\n<tr>\n<td>Tension nominale<\/td>\n<td>614.4V<\/td>\n<\/tr>\n<tr>\n<td>Capacit\u00e9 nominale<\/td>\n<td>200A<\/td>\n<\/tr>\n<tr>\n<td>Capacit\u00e9 de puissance<\/td>\n<td>122.88 KWh<\/td>\n<\/tr>\n<tr>\n<td>Dur\u00e9e de vie du cycle<\/td>\n<td>\u2265 6000 cycles \u00e0 @80% DOD<\/td>\n<\/tr>\n<tr>\n<td>Plage de tension op\u00e9rationnelle<\/td>\n<td>537.6V &#8211; 691.2V<\/td>\n<\/tr>\n<tr>\n<td>Courant de charge maximal<\/td>\n<td>100A<\/td>\n<\/tr>\n<tr>\n<td>Courant de d\u00e9charge maximal<\/td>\n<td>100A<\/td>\n<\/tr>\n<tr>\n<td>Dimensions (L x W x H)<\/td>\n<td>1500x1200X800mm<\/td>\n<\/tr>\n<tr>\n<td>Poids unitaire<\/td>\n<td><\/td>\n<\/tr>\n<tr>\n<td>Communication<\/td>\n<td>CAN\/RS232<\/td>\n<\/tr>\n<tr>\n<td>Support de modules parall\u00e8les<\/td>\n<td>Jusqu\u2019\u00e0 10 packs<\/td>\n<\/tr>\n<tr>\n<td>Protection BMS<\/td>\n<td>Oui<\/td>\n<\/tr>\n<tr>\n<td>Plage de temp\u00e9rature de charge<\/td>\n<td>0~45<sup>o<\/sup>C<\/td>\n<\/tr>\n<tr>\n<td>Plage de temp\u00e9rature de d\u00e9charge<\/td>\n<td>-20~60<sup>o<\/sup>C<\/td>\n<\/tr>\n<tr>\n<td>Certification<\/td>\n<td>ISO, UL, IEC, CE, UN38.3, MSDS<\/td>\n<\/tr>\n<\/tbody>\n<\/table>\n<p>&nbsp;<\/p>\n<p><strong>Caract\u00e9ristiques Principales:<\/strong><\/p>\n<p><strong>S\u00e9curit\u00e9, Fiable et Longue Dur\u00e9e de Vie:<\/strong><\/p>\n<ul>\n<li>Construite avec la s\u00e9curit\u00e9 \u00e0 l&#8217;avant-garde, notre syst\u00e8me de batterie offre une fiabilit\u00e9 et une long\u00e9vit\u00e9 in\u00e9gal\u00e9es, assurant la tranquillit\u00e9 d&#8217;esprit pour tous les utilisateurs.<\/li>\n<\/ul>\n<p><strong>Conception de Module Standardis\u00e9e:<\/strong><\/p>\n<ul>\n<li>Le design modulaire du syst\u00e8me favorise la facilit\u00e9 d&#8217;installation et la scalabilit\u00e9, permettant une int\u00e9gration simple.<\/li>\n<\/ul>\n<p><strong>Contr\u00f4le de Charge et de D\u00e9charge:<\/strong><\/p>\n<ul>\n<li>Des m\u00e9canismes de contr\u00f4le am\u00e9lior\u00e9s permettent une gestion efficace des processus de charge et de d\u00e9charge, optimisant les performances et prolongeant la dur\u00e9e de vie de la batterie.<\/li>\n<\/ul>\n<p><strong>Alimentation Sans Interruption:<\/strong><\/p>\n<ul>\n<li>Con\u00e7u pour fournir une alimentation continue, assurant que vos besoins \u00e9nerg\u00e9tiques sont satisfaits sans interruption.<\/li>\n<\/ul>\n<p><strong>Ports de Communication (CAN\/RS485\/LAN):<\/strong><\/p>\n<ul>\n<li>Offre des options de connectivit\u00e9 polyvalentes, facilitant la communication sans heurt avec les syst\u00e8mes de gestion d&#8217;\u00e9nergie pour une surveillance et un contr\u00f4le en temps r\u00e9el.<\/li>\n<\/ul>\n<p><strong>Affichage LCD:<\/strong><\/p>\n<ul>\n<li>Un affichage LCD convivial fournit des informations essentielles en un coup d&#8217;\u0153il, permettant un suivi facile de l&#8217;\u00e9tat et de la performance de la batterie.<\/li>\n<\/ul>\n<p><strong>Capacit\u00e9 Flexible:<\/strong><\/p>\n<ul>\n<li>La conception du syst\u00e8me prend en charge l&#8217;expansion de la capacit\u00e9, permettant une personnalisation pour r\u00e9pondre \u00e0 des exigences \u00e9nerg\u00e9tiques sp\u00e9cifiques, fournissant une solution sur mesure pour chaque utilisateur.<\/li>\n<\/ul>\n<p><strong>Op\u00e9ration et Maintenance Efficaces:<\/strong><\/p>\n<ul>\n<li>Con\u00e7u avec l&#8217;efficacit\u00e9 \u00e0 l&#8217;esprit, le syst\u00e8me de batterie assure une op\u00e9ration simple et une maintenance minimale, r\u00e9duisant les temps d&#8217;arr\u00eat et les co\u00fbts op\u00e9rationnels.<\/li>\n<\/ul>\n","protected":false},"excerpt":{"rendered":"<p>Vue d&#8217;ensemble: Introduisant la Batterie Haute Tension MOTOMA 614.4V, le&hellip;<\/p>\n","protected":false},"featured_media":31279,"template":"","meta":{"content-type":"","om_disable_all_campaigns":false,"_monsterinsights_skip_tracking":false,"_monsterinsights_sitenote_active":false,"_monsterinsights_sitenote_note":"","_monsterinsights_sitenote_category":0},"product_brand":[],"product_cat":[72,250],"product_tag":[],"class_list":{"0":"post-30588","1":"product","2":"type-product","3":"status-publish","4":"has-post-thumbnail","6":"product_cat-lithium-battery","7":"product_cat-high-voltage-battery","9":"first","10":"instock","11":"virtual","12":"product-type-simple"},"_links":{"self":[{"href":"https:\/\/motoma.cn\/fr\/wp-json\/wp\/v2\/product\/30588","targetHints":{"allow":["GET"]}}],"collection":[{"href":"https:\/\/motoma.cn\/fr\/wp-json\/wp\/v2\/product"}],"about":[{"href":"https:\/\/motoma.cn\/fr\/wp-json\/wp\/v2\/types\/product"}],"version-history":[{"count":29,"href":"https:\/\/motoma.cn\/fr\/wp-json\/wp\/v2\/product\/30588\/revisions"}],"predecessor-version":[{"id":54190,"href":"https:\/\/motoma.cn\/fr\/wp-json\/wp\/v2\/product\/30588\/revisions\/54190"}],"wp:featuredmedia":[{"embeddable":true,"href":"https:\/\/motoma.cn\/fr\/wp-json\/wp\/v2\/media\/31279"}],"wp:attachment":[{"href":"https:\/\/motoma.cn\/fr\/wp-json\/wp\/v2\/media?parent=30588"}],"wp:term":[{"taxonomy":"product_brand","embeddable":true,"href":"https:\/\/motoma.cn\/fr\/wp-json\/wp\/v2\/product_brand?post=30588"},{"taxonomy":"product_cat","embeddable":true,"href":"https:\/\/motoma.cn\/fr\/wp-json\/wp\/v2\/product_cat?post=30588"},{"taxonomy":"product_tag","embeddable":true,"href":"https:\/\/motoma.cn\/fr\/wp-json\/wp\/v2\/product_tag?post=30588"}],"curies":[{"name":"wp","href":"https:\/\/api.w.org\/{rel}","templated":true}]}}