

{"id":31372,"date":"2025-01-17T19:48:50","date_gmt":"2025-01-17T19:48:50","guid":{"rendered":"https:\/\/motoma.cn\/fr\/?post_type=product&#038;p=31372"},"modified":"2025-02-14T13:15:15","modified_gmt":"2025-02-14T13:15:15","slug":"m68pw-pro","status":"publish","type":"product","link":"https:\/\/motoma.cn\/fr\/product\/m68pw-pro\/","title":{"rendered":"25.6V 200AH BESS (M68PW PRO)"},"content":{"rendered":"<p><strong>Vue d&#8217;ensemble:<\/strong><\/p>\n<p>La batterie LiFePO4 s\u00e9rie M de MOTOMA est con\u00e7ue pour une dur\u00e9e de vie de service de 15 ans ou plus pour un usage g\u00e9n\u00e9ral. Elle int\u00e8gre une technologie avanc\u00e9e avec un BMS intelligent pour plus de s\u00e9curit\u00e9, un design SOC, et un protocole de communication adapt\u00e9 \u00e0 diff\u00e9rents onduleurs de marque. Motoma peut \u00e9galement fournir un logiciel sup\u00e9rieur personnalis\u00e9 pour la communication BMS via RS232, permettant de configurer les param\u00e8tres ou de lire les donn\u00e9es de surveillance.<\/p>\n<p>&nbsp;<\/p>\n<p><strong>Param\u00e8tres de la Batterie :<\/strong><\/p>\n<table>\n<tbody>\n<tr>\n<td width=\"360\">Param\u00e8tre<\/td>\n<td width=\"360\">Valeur<\/td>\n<\/tr>\n<tr>\n<td width=\"360\">Num\u00e9ro de mod\u00e8le de la batterie<\/td>\n<td width=\"360\">M68PW PRO<\/td>\n<\/tr>\n<tr>\n<td width=\"360\">Tension nominale<\/td>\n<td width=\"360\">25.6V<\/td>\n<\/tr>\n<tr>\n<td width=\"360\">Capacit\u00e9 nominale<\/td>\n<td width=\"360\">200Ah<\/td>\n<\/tr>\n<tr>\n<td width=\"360\">Capacit\u00e9 de puissance<\/td>\n<td width=\"360\">5.12KWh<\/td>\n<\/tr>\n<tr>\n<td width=\"360\">Dur\u00e9e de vie du cycle<\/td>\n<td width=\"360\">\u2265 6000 cycles \u00e0 80% DOD<\/td>\n<\/tr>\n<tr>\n<td width=\"360\">Plage de tension op\u00e9rationnelle<\/td>\n<td width=\"360\">21.6V-29.2V<\/td>\n<\/tr>\n<tr>\n<td width=\"360\">Courant maximal de charge<\/td>\n<td width=\"360\">150A<\/td>\n<\/tr>\n<tr>\n<td width=\"360\">Courant maximal de d\u00e9charge<\/td>\n<td width=\"360\">150A<\/td>\n<\/tr>\n<tr>\n<td width=\"360\">Tension de fin de charge<\/td>\n<td width=\"360\">28.8V<\/td>\n<\/tr>\n<tr>\n<td width=\"360\">Dimensions (L x l x H)<\/td>\n<td width=\"360\">800*650*200mm<\/td>\n<\/tr>\n<tr>\n<td width=\"360\">Poids de l&#8217;unit\u00e9<\/td>\n<td width=\"360\">52Kg<\/td>\n<\/tr>\n<tr>\n<td width=\"360\">Communication<\/td>\n<td width=\"360\">CAN\/RS232\/RS485<\/td>\n<\/tr>\n<tr>\n<td width=\"360\">Module parall\u00e8le<\/td>\n<td width=\"360\">Support jusqu&#8217;\u00e0 15 blocs<\/td>\n<\/tr>\n<tr>\n<td width=\"360\">Protection BMS<\/td>\n<td width=\"360\">Support<\/td>\n<\/tr>\n<tr>\n<td width=\"360\">Plage de temp\u00e9rature de charge<\/td>\n<td width=\"360\">0~45\u00b0C<\/td>\n<\/tr>\n<tr>\n<td width=\"360\">Plage de temp\u00e9rature de d\u00e9charge<\/td>\n<td width=\"360\">\u221220~60\u00b0C<\/td>\n<\/tr>\n<tr>\n<td width=\"360\">Certifications<\/td>\n<td width=\"360\">ISO \/ UL \/ IEC \/CE \/ UN38.3 \/MSDS<\/td>\n<\/tr>\n<\/tbody>\n<\/table>\n<p>&nbsp;<\/p>\n<p><strong>Caract\u00e9ristiques Principales :<\/strong><\/p>\n<ul>\n<li>Avec conception SOC.<\/li>\n<li>Supporte la surveillance \u00e0 distance.<\/li>\n<li>Supporte la surveillance par l&#8217;application de l&#8217;onduleur.<\/li>\n<li>Supporte les d\u00e9charges de haute puissance.<\/li>\n<li>Plus petit, plus l\u00e9ger et de plus longue dur\u00e9e de vie.<\/li>\n<\/ul>\n<p>&nbsp;<\/p>\n<p><strong>Avantages de la Batterie :<\/strong><\/p>\n<ul>\n<li>Cellules de grade A sup\u00e9rieur ayant pass\u00e9 le test UL1973<\/li>\n<li>Longue dur\u00e9e de vie des cycles<\/li>\n<li>Haute efficacit\u00e9 de la puissance de sortie : &gt;96%<\/li>\n<li>Batteries \u00e0 faible auto-d\u00e9charge.<\/li>\n<li>Avec protection BMS intelligente, plus s\u00fbre.<\/li>\n<li>Petite taille, poids l\u00e9ger (30% de la taille \/ poids des batteries au plomb)<\/li>\n<li>Batteries respectueuses de l&#8217;environnement.<\/li>\n<\/ul>\n<p>&nbsp;<\/p>\n<p><strong>Applications :<\/strong><\/p>\n<ul>\n<li>Syst\u00e8me de g\u00e9n\u00e9ration d&#8217;\u00e9nergie (Solaire ou \u00c9olienne)<\/li>\n<li>Syst\u00e8me de stockage d&#8217;\u00e9nergie domestique<\/li>\n<li>Syst\u00e8me de contr\u00f4le automatique &amp; Machine ATM<\/li>\n<li>Appareils et \u00e9quipements \u00e9lectroniques<\/li>\n<li>Lumi\u00e8re d&#8217;urgence &amp; Sauvegarde d&#8217;urgence<\/li>\n<li>Alimentation &amp; Syst\u00e8me d&#8217;alarme \/ de s\u00e9curit\u00e9<\/li>\n<li>Alimentation en communication &amp; Alimentation DC<\/li>\n<li>Syst\u00e8me d&#8217;alimentation \u00e9lectrique (EPS)<\/li>\n<li>Syst\u00e8me d&#8217;alimentation ininterrompue (UPS)<\/li>\n<\/ul>\n","protected":false},"excerpt":{"rendered":"<p>Vue d&#8217;ensemble: La batterie LiFePO4 s\u00e9rie M de MOTOMA est&hellip;<\/p>\n","protected":false},"featured_media":31491,"template":"","meta":{"content-type":"","om_disable_all_campaigns":false,"_monsterinsights_skip_tracking":false,"_monsterinsights_sitenote_active":false,"_monsterinsights_sitenote_note":"","_monsterinsights_sitenote_category":0},"product_brand":[],"product_cat":[72,223],"product_tag":[],"class_list":{"0":"post-31372","1":"product","2":"type-product","3":"status-publish","4":"has-post-thumbnail","6":"product_cat-lithium-battery","7":"product_cat-residential-storage-lithium-battery","9":"first","10":"instock","11":"virtual","12":"product-type-simple"},"_links":{"self":[{"href":"https:\/\/motoma.cn\/fr\/wp-json\/wp\/v2\/product\/31372","targetHints":{"allow":["GET"]}}],"collection":[{"href":"https:\/\/motoma.cn\/fr\/wp-json\/wp\/v2\/product"}],"about":[{"href":"https:\/\/motoma.cn\/fr\/wp-json\/wp\/v2\/types\/product"}],"version-history":[{"count":10,"href":"https:\/\/motoma.cn\/fr\/wp-json\/wp\/v2\/product\/31372\/revisions"}],"predecessor-version":[{"id":31707,"href":"https:\/\/motoma.cn\/fr\/wp-json\/wp\/v2\/product\/31372\/revisions\/31707"}],"wp:featuredmedia":[{"embeddable":true,"href":"https:\/\/motoma.cn\/fr\/wp-json\/wp\/v2\/media\/31491"}],"wp:attachment":[{"href":"https:\/\/motoma.cn\/fr\/wp-json\/wp\/v2\/media?parent=31372"}],"wp:term":[{"taxonomy":"product_brand","embeddable":true,"href":"https:\/\/motoma.cn\/fr\/wp-json\/wp\/v2\/product_brand?post=31372"},{"taxonomy":"product_cat","embeddable":true,"href":"https:\/\/motoma.cn\/fr\/wp-json\/wp\/v2\/product_cat?post=31372"},{"taxonomy":"product_tag","embeddable":true,"href":"https:\/\/motoma.cn\/fr\/wp-json\/wp\/v2\/product_tag?post=31372"}],"curies":[{"name":"wp","href":"https:\/\/api.w.org\/{rel}","templated":true}]}}