

{"id":31416,"date":"2025-01-27T19:56:58","date_gmt":"2025-01-27T19:56:58","guid":{"rendered":"https:\/\/motoma.cn\/fr\/?post_type=product&#038;p=31416"},"modified":"2025-06-14T07:58:17","modified_gmt":"2025-06-14T07:58:17","slug":"51-2v-280ah-bess-m89s","status":"publish","type":"product","link":"https:\/\/motoma.cn\/fr\/product\/51-2v-280ah-bess-m89s\/","title":{"rendered":"51.2V 280AH BESS (M89S)"},"content":{"rendered":"<p><strong>Vue d&#8217;ensemble:<\/strong><\/p>\n<p>La batterie LiFePO4 s\u00e9rie M de MOTOMA est con\u00e7ue pour une dur\u00e9e de vie de service de 15 ans ou plus pour un usage g\u00e9n\u00e9ral. Elle int\u00e8gre une technologie avanc\u00e9e avec un BMS intelligent pour plus de s\u00e9curit\u00e9, un design SOC, et un protocole de communication adapt\u00e9 \u00e0 diff\u00e9rents onduleurs de marque. Motoma peut \u00e9galement fournir un logiciel sup\u00e9rieur personnalis\u00e9 pour la communication BMS via RS232, permettant de configurer les param\u00e8tres ou de lire les donn\u00e9es de surveillance.<\/p>\n<p>&nbsp;<\/p>\n<p><strong>Param\u00e8tres de la Batterie:<\/strong><\/p>\n<table>\n<tbody>\n<tr>\n<td>Param\u00e8tre<\/td>\n<td>Valeur<\/td>\n<\/tr>\n<tr>\n<td>Num\u00e9ro de mod\u00e8le de batterie<\/td>\n<td>M89S<\/td>\n<\/tr>\n<tr>\n<td>Tension nominale<\/td>\n<td>51.2V<\/td>\n<\/tr>\n<tr>\n<td>Capacit\u00e9 nominale<\/td>\n<td>280Ah<\/td>\n<\/tr>\n<tr>\n<td>Capacit\u00e9 \u00e9nerg\u00e9tique<\/td>\n<td>14.336KWH<\/td>\n<\/tr>\n<tr>\n<td>Cycle de vie<\/td>\n<td>\u2265 8000 cycles @80% DOD<\/td>\n<\/tr>\n<tr>\n<td>Plage de tension de fonctionnement<\/td>\n<td>43.2V-58.4V<\/td>\n<\/tr>\n<tr>\n<td>Courant de charge maximal<\/td>\n<td>200A<\/td>\n<\/tr>\n<tr>\n<td>Courant de d\u00e9charge maximal<\/td>\n<td>200A<\/td>\n<\/tr>\n<tr>\n<td>Tension de fin de charge<\/td>\n<td>57.6V<\/td>\n<\/tr>\n<tr>\n<td>Dimensions (L x l x H)<\/td>\n<td>770*540*200mm<\/td>\n<\/tr>\n<tr>\n<td>Poids unitaire<\/td>\n<td>\u00a0120.1Kg<\/td>\n<\/tr>\n<tr>\n<td>Communication<\/td>\n<td>CAN\/RS232\/RS485<\/td>\n<\/tr>\n<tr>\n<td>Parall\u00e9lisation de module<\/td>\n<td>Support up to 15 packs<\/td>\n<\/tr>\n<tr>\n<td>Protection BMS<\/td>\n<td>Support<\/td>\n<\/tr>\n<tr>\n<td>Plage de temp\u00e9rature de charge<\/td>\n<td>0~45<sup>o<\/sup>C<\/td>\n<\/tr>\n<tr>\n<td>La plage de temp\u00e9rature de d\u00e9charge est de<\/td>\n<td>-20~60<sup>o<\/sup>C<\/td>\n<\/tr>\n<tr>\n<td>Certification<\/td>\n<td>ISO \/ UL \/ IEC \/CE \/ UN38.3 \/MSDS<\/td>\n<\/tr>\n<\/tbody>\n<\/table>\n<p>&nbsp;<\/p>\n<p><strong>Caract\u00e9ristiques Principales:<\/strong><\/p>\n<ul>\n<li>Avec une conception SOC.<\/li>\n<li>Prise en charge de la surveillance \u00e0 distance.<\/li>\n<li>Prise en charge de la surveillance par l&#8217;application de l&#8217;onduleur.<\/li>\n<li>Prise en charge de la d\u00e9charge haute puissance.<\/li>\n<li>Plus petit, plus l\u00e9ger et plus longue dur\u00e9e de vie.<\/li>\n<\/ul>\n<p>&nbsp;<\/p>\n<p><strong>Avantages de la Batterie:<\/strong><\/p>\n<ul>\n<li>Cellules de qualit\u00e9 A sup\u00e9rieure, ayant pass\u00e9 le test UL1973<\/li>\n<li>Longue dur\u00e9e de vie<\/li>\n<li>Puissance de sortie \u00e0 haute efficacit\u00e9 : &gt;96%<\/li>\n<li>Batteries \u00e0 faible auto-d\u00e9charge<\/li>\n<li>Avec protection intelligente BMS, plus s\u00fbr<\/li>\n<li>Taille r\u00e9duite, poids l\u00e9ger (30 % de la taille\/du poids des batteries au plomb)<\/li>\n<li>Batteries respectueuses de l\u2019environnement<\/li>\n<\/ul>\n<p>&nbsp;<\/p>\n<p><strong>Applications:<\/strong><\/p>\n<ul>\n<li>Syst\u00e8me de g\u00e9n\u00e9ration d&#8217;\u00e9nergie (solaire ou \u00e9olienne)<\/li>\n<li>Syst\u00e8me de stockage d&#8217;\u00e9nergie domestique<\/li>\n<li>Syst\u00e8me de contr\u00f4le automatique et distributeur automatique de billets<\/li>\n<li>Appareils et \u00e9quipements \u00e9lectroniques<\/li>\n<li>Lumi\u00e8re d&#8217;urgence et secours d&#8217;urgence<\/li>\n<li>Alimentation \u00e9lectrique et syst\u00e8me d&#8217;alarme\/s\u00e9curit\u00e9<\/li>\n<li>Alimentation de communication et alimentation CC<\/li>\n<li>Syst\u00e8me d&#8217;\u00e9nergie \u00e9lectrique (EPS)<\/li>\n<li>Syst\u00e8me d&#8217;alimentation sans interruption (UPS)<\/li>\n<\/ul>\n","protected":false},"excerpt":{"rendered":"<p>Vue d&#8217;ensemble: La batterie LiFePO4 s\u00e9rie M de MOTOMA est&hellip;<\/p>\n","protected":false},"featured_media":24921,"template":"","meta":{"content-type":"","om_disable_all_campaigns":false,"_monsterinsights_skip_tracking":false,"_monsterinsights_sitenote_active":false,"_monsterinsights_sitenote_note":"","_monsterinsights_sitenote_category":0},"product_brand":[],"product_cat":[72,223],"product_tag":[],"class_list":{"0":"post-31416","1":"product","2":"type-product","3":"status-publish","4":"has-post-thumbnail","6":"product_cat-lithium-battery","7":"product_cat-residential-storage-lithium-battery","9":"first","10":"instock","11":"virtual","12":"product-type-simple"},"_links":{"self":[{"href":"https:\/\/motoma.cn\/fr\/wp-json\/wp\/v2\/product\/31416","targetHints":{"allow":["GET"]}}],"collection":[{"href":"https:\/\/motoma.cn\/fr\/wp-json\/wp\/v2\/product"}],"about":[{"href":"https:\/\/motoma.cn\/fr\/wp-json\/wp\/v2\/types\/product"}],"version-history":[{"count":10,"href":"https:\/\/motoma.cn\/fr\/wp-json\/wp\/v2\/product\/31416\/revisions"}],"predecessor-version":[{"id":54203,"href":"https:\/\/motoma.cn\/fr\/wp-json\/wp\/v2\/product\/31416\/revisions\/54203"}],"wp:featuredmedia":[{"embeddable":true,"href":"https:\/\/motoma.cn\/fr\/wp-json\/wp\/v2\/media\/24921"}],"wp:attachment":[{"href":"https:\/\/motoma.cn\/fr\/wp-json\/wp\/v2\/media?parent=31416"}],"wp:term":[{"taxonomy":"product_brand","embeddable":true,"href":"https:\/\/motoma.cn\/fr\/wp-json\/wp\/v2\/product_brand?post=31416"},{"taxonomy":"product_cat","embeddable":true,"href":"https:\/\/motoma.cn\/fr\/wp-json\/wp\/v2\/product_cat?post=31416"},{"taxonomy":"product_tag","embeddable":true,"href":"https:\/\/motoma.cn\/fr\/wp-json\/wp\/v2\/product_tag?post=31416"}],"curies":[{"name":"wp","href":"https:\/\/api.w.org\/{rel}","templated":true}]}}