

{"id":53922,"date":"2025-03-21T18:19:00","date_gmt":"2025-03-21T18:19:00","guid":{"rendered":"https:\/\/motoma.cn\/fr\/?post_type=product&#038;p=53922"},"modified":"2025-04-21T09:29:47","modified_gmt":"2025-04-21T09:29:47","slug":"50kw-3-phase-s6-eh3p50k-h","status":"publish","type":"product","link":"https:\/\/motoma.cn\/fr\/product\/50kw-3-phase-s6-eh3p50k-h\/","title":{"rendered":"30K\/50K &#8211; Three Phase"},"content":{"rendered":"<p><strong data-start=\"0\" data-end=\"12\">Aper\u00e7u :<\/strong><br data-start=\"12\" data-end=\"15\" \/>La s\u00e9rie <strong data-start=\"24\" data-end=\"58\" data-is-only-node=\"\">MOTOMA Solis S6-EH3P (30\u201350KW)<\/strong> est un onduleur hybride haute tension et de grande capacit\u00e9, con\u00e7u pour les applications exigeantes de stockage d\u2019\u00e9nergie r\u00e9sidentiel et commercial en trois phases. Avec une efficacit\u00e9 MPPT pouvant atteindre 99,9 %, la prise en charge de deux entr\u00e9es batterie (jusqu\u2019\u00e0 140A au total) et des fonctions intelligentes int\u00e9gr\u00e9es telles que le contr\u00f4le de g\u00e9n\u00e9rateur, la r\u00e9duction des pics (peak shaving) et la gestion des charges intelligentes, il offre une solution de gestion de l\u2019\u00e9nergie puissante, flexible et fiable.<\/p>\n<p><strong data-start=\"583\" data-end=\"617\">Caract\u00e9ristiques principales :<\/strong><br data-start=\"617\" data-end=\"620\" \/>\u2022 <strong data-start=\"622\" data-end=\"656\" data-is-only-node=\"\">Entr\u00e9e Double pour Batteries :<\/strong> Prise en charge de 2 ports batterie, avec jusqu\u2019\u00e0 70A chacun (140A total).<br data-start=\"731\" data-end=\"734\" \/>\u2022 <strong data-start=\"736\" data-end=\"777\">Puissance de Charge\/D\u00e9charge \u00c9lev\u00e9e :<\/strong> Jusqu\u2019\u00e0 55KW de puissance totale pour la batterie.<br data-start=\"828\" data-end=\"831\" \/>\u2022 <strong data-start=\"833\" data-end=\"865\">4 MPPT avec 20A par string :<\/strong> Compatible avec les panneaux de 182mm et 210mm.<br data-start=\"913\" data-end=\"916\" \/>\u2022 <strong data-start=\"918\" data-end=\"967\">Surintensit\u00e9 de 1,6\u00d7 sur le Port de Secours :<\/strong> Assure le fonctionnement fluide des charges lourdes comme les pompes et les climatiseurs.<br data-start=\"1057\" data-end=\"1060\" \/>\u2022 <strong data-start=\"1062\" data-end=\"1107\">Support de D\u00e9s\u00e9quilibre de Phase \u00e0 100% :<\/strong> Id\u00e9al pour les sc\u00e9narios de charges complexes.<br data-start=\"1154\" data-end=\"1157\" \/>\u2022 <strong data-start=\"1159\" data-end=\"1197\">Jusqu\u2019\u00e0 6 Onduleurs en Parall\u00e8le :<\/strong> \u00c9volutif pour des projets de plus grande envergure.<br data-start=\"1249\" data-end=\"1252\" \/>\u2022 <strong data-start=\"1254\" data-end=\"1296\">Modes de Fonctionnement Intelligents :<\/strong> Autoconsommation (Self-use), priorit\u00e9 \u00e0 la vente (Selling First), hors r\u00e9seau (Off-grid).<br data-start=\"1386\" data-end=\"1389\" \/>\u2022 <strong data-start=\"1391\" data-end=\"1445\">Charge Intelligente + Couplage AC + Peak Shaving :<\/strong> Gestion optimis\u00e9e de l\u2019\u00e9nergie.<br data-start=\"1477\" data-end=\"1480\" \/>\u2022 <strong data-start=\"1482\" data-end=\"1516\">Commutation en Moins de 10ms :<\/strong> Performance de niveau UPS pour les charges critiques.<br data-start=\"1570\" data-end=\"1573\" \/>\u2022 <strong data-start=\"1575\" data-end=\"1607\">\u00c9cran 7 Pouces + Bluetooth :<\/strong> Surveillance locale sans Internet.<br data-start=\"1642\" data-end=\"1645\" \/>\u2022 <strong data-start=\"1647\" data-end=\"1676\">Surveillance \u00e0 Distance :<\/strong> Wi-Fi, 4G, LAN, Ethernet via SolisCloud.<br data-start=\"1717\" data-end=\"1720\" \/>\u2022 <strong data-start=\"1722\" data-end=\"1759\">Ensemble Complet de Protections :<\/strong> AFCI, surtension, isolation, inversion de polarit\u00e9, court-circuit, etc.<br data-start=\"1831\" data-end=\"1834\" \/>\u2022 <strong data-start=\"1836\" data-end=\"1864\">Con\u00e7u pour l\u2019Ext\u00e9rieur :<\/strong> Certifi\u00e9 IP66, plage de fonctionnement de -25\u00b0C \u00e0 +60\u00b0C.<\/p>\n","protected":false},"excerpt":{"rendered":"<p>Aper\u00e7u :La s\u00e9rie MOTOMA Solis S6-EH3P (30\u201350KW) est un onduleur&hellip;<\/p>\n","protected":false},"featured_media":53923,"template":"","meta":{"content-type":"","om_disable_all_campaigns":false,"_monsterinsights_skip_tracking":false,"_monsterinsights_sitenote_active":false,"_monsterinsights_sitenote_note":"","_monsterinsights_sitenote_category":0},"product_brand":[],"product_cat":[182,231],"product_tag":[],"class_list":{"0":"post-53922","1":"product","2":"type-product","3":"status-publish","4":"has-post-thumbnail","6":"product_cat-solar-inverter","7":"product_cat-high-voltage-inverter","9":"first","10":"instock","11":"shipping-taxable","12":"product-type-simple"},"_links":{"self":[{"href":"https:\/\/motoma.cn\/fr\/wp-json\/wp\/v2\/product\/53922","targetHints":{"allow":["GET"]}}],"collection":[{"href":"https:\/\/motoma.cn\/fr\/wp-json\/wp\/v2\/product"}],"about":[{"href":"https:\/\/motoma.cn\/fr\/wp-json\/wp\/v2\/types\/product"}],"version-history":[{"count":4,"href":"https:\/\/motoma.cn\/fr\/wp-json\/wp\/v2\/product\/53922\/revisions"}],"predecessor-version":[{"id":54182,"href":"https:\/\/motoma.cn\/fr\/wp-json\/wp\/v2\/product\/53922\/revisions\/54182"}],"wp:featuredmedia":[{"embeddable":true,"href":"https:\/\/motoma.cn\/fr\/wp-json\/wp\/v2\/media\/53923"}],"wp:attachment":[{"href":"https:\/\/motoma.cn\/fr\/wp-json\/wp\/v2\/media?parent=53922"}],"wp:term":[{"taxonomy":"product_brand","embeddable":true,"href":"https:\/\/motoma.cn\/fr\/wp-json\/wp\/v2\/product_brand?post=53922"},{"taxonomy":"product_cat","embeddable":true,"href":"https:\/\/motoma.cn\/fr\/wp-json\/wp\/v2\/product_cat?post=53922"},{"taxonomy":"product_tag","embeddable":true,"href":"https:\/\/motoma.cn\/fr\/wp-json\/wp\/v2\/product_tag?post=53922"}],"curies":[{"name":"wp","href":"https:\/\/api.w.org\/{rel}","templated":true}]}}