

{"id":53945,"date":"2025-03-24T07:54:00","date_gmt":"2025-03-24T07:54:00","guid":{"rendered":"https:\/\/motoma.cn\/fr\/?post_type=product&#038;p=53945"},"modified":"2025-04-21T09:29:25","modified_gmt":"2025-04-21T09:29:25","slug":"12k-15k-20k-three-phase-s6-eh3p12-20k-h","status":"publish","type":"product","link":"https:\/\/motoma.cn\/fr\/product\/12k-15k-20k-three-phase-s6-eh3p12-20k-h\/","title":{"rendered":"20K &#8211; Three Phase"},"content":{"rendered":"<p class=\"\" data-start=\"0\" data-end=\"540\"><strong data-start=\"0\" data-end=\"12\">Aper\u00e7u :<\/strong><br data-start=\"12\" data-end=\"15\" \/>La s\u00e9rie <strong data-start=\"24\" data-end=\"60\">MOTOMA Solis S6-EH3P (12KW\u201320KW)<\/strong> est un syst\u00e8me d\u2019onduleur hybride robuste \u00e0 haute tension, con\u00e7u pour les applications de stockage d\u2019\u00e9nergie r\u00e9sidentielles et commerciales de petite taille en triphas\u00e9. Gr\u00e2ce \u00e0 sa compatibilit\u00e9 avec de nombreuses fonctionnalit\u00e9s intelligentes, ses protections avanc\u00e9es, et sa capacit\u00e9 de basculement fluide entre r\u00e9seau et hors r\u00e9seau, il offre une solution fiable et efficace pour maximiser l\u2019utilisation de l\u2019\u00e9nergie solaire et garantir un approvisionnement de secours stable.<\/p>\n<p class=\"\" data-start=\"547\" data-end=\"581\"><strong data-start=\"547\" data-end=\"581\">Caract\u00e9ristiques principales :<\/strong><\/p>\n<ul data-start=\"583\" data-end=\"1811\" data-is-last-node=\"\" data-is-only-node=\"\">\n<li class=\"\" data-start=\"583\" data-end=\"682\">\n<p class=\"\" data-start=\"585\" data-end=\"682\"><strong data-start=\"585\" data-end=\"624\">Syst\u00e8me de batterie haute tension :<\/strong> Compatible avec les batteries lithium-ion de 120 \u00e0 800V<\/p>\n<\/li>\n<li class=\"\" data-start=\"683\" data-end=\"805\">\n<p class=\"\" data-start=\"685\" data-end=\"805\"><strong data-start=\"685\" data-end=\"723\">Courant de charge\/d\u00e9charge \u00e9lev\u00e9 :<\/strong> Jusqu\u2019\u00e0 50A par canal, avec un courant de sortie AC max. de 30,4A (mod\u00e8le 20KW)<\/p>\n<\/li>\n<li class=\"\" data-start=\"806\" data-end=\"909\">\n<p class=\"\" data-start=\"808\" data-end=\"909\"><strong data-start=\"808\" data-end=\"850\">Modes de fonctionnement intelligents :<\/strong> Autoconsommation, priorit\u00e9 \u00e0 l\u2019injection, et hors r\u00e9seau<\/p>\n<\/li>\n<li class=\"\" data-start=\"910\" data-end=\"1052\">\n<p class=\"\" data-start=\"912\" data-end=\"1052\"><strong data-start=\"912\" data-end=\"945\">Fonctionnement en parall\u00e8le :<\/strong> Connexion possible jusqu\u2019\u00e0 6 onduleurs pour des syst\u00e8mes monophas\u00e9s ou triphas\u00e9s de plus grande capacit\u00e9<\/p>\n<\/li>\n<li class=\"\" data-start=\"1053\" data-end=\"1151\">\n<p class=\"\" data-start=\"1055\" data-end=\"1151\"><strong data-start=\"1055\" data-end=\"1086\">Support g\u00e9n\u00e9rateur et ATS :<\/strong> D\u00e9marrage\/arr\u00eat automatique et options de routage de l\u2019\u00e9nergie<\/p>\n<\/li>\n<li class=\"\" data-start=\"1152\" data-end=\"1245\">\n<p class=\"\" data-start=\"1154\" data-end=\"1245\"><strong data-start=\"1154\" data-end=\"1193\">Compatibilit\u00e9 avec le couplage AC :<\/strong> Int\u00e9gration facile avec les syst\u00e8mes PV existants<\/p>\n<\/li>\n<li class=\"\" data-start=\"1246\" data-end=\"1368\">\n<p class=\"\" data-start=\"1248\" data-end=\"1368\"><strong data-start=\"1248\" data-end=\"1285\">Fonction de charge intelligente :<\/strong> Gestion des charges non critiques selon le niveau de charge de la batterie (SOC)<\/p>\n<\/li>\n<li class=\"\" data-start=\"1369\" data-end=\"1452\">\n<p class=\"\" data-start=\"1371\" data-end=\"1452\"><strong data-start=\"1371\" data-end=\"1411\">\u00c9cran couleur 7 pouces + Bluetooth :<\/strong> Contr\u00f4le complet sans acc\u00e8s \u00e0 Internet<\/p>\n<\/li>\n<li class=\"\" data-start=\"1453\" data-end=\"1541\">\n<p class=\"\" data-start=\"1455\" data-end=\"1541\"><strong data-start=\"1455\" data-end=\"1484\">Surveillance \u00e0 distance :<\/strong> Compatible avec Wi-Fi, 4G, LAN, application SolisCloud<\/p>\n<\/li>\n<li class=\"\" data-start=\"1542\" data-end=\"1662\">\n<p class=\"\" data-start=\"1544\" data-end=\"1662\"><strong data-start=\"1544\" data-end=\"1575\">Indice de protection IP66 :<\/strong> R\u00e9sistant \u00e0 la poussi\u00e8re et \u00e0 l\u2019eau, adapt\u00e9 aux environnements ext\u00e9rieurs difficiles<\/p>\n<\/li>\n<li class=\"\" data-start=\"1663\" data-end=\"1811\">\n<p class=\"\" data-start=\"1665\" data-end=\"1811\"><strong data-start=\"1665\" data-end=\"1701\">Fonctions de s\u00e9curit\u00e9 avanc\u00e9es :<\/strong> AFCI, surveillance de l\u2019isolation, protection contre les courts-circuits, RCD, anti-islanding, et plus encore<\/p>\n<\/li>\n<\/ul>\n","protected":false},"excerpt":{"rendered":"<p>Aper\u00e7u :La s\u00e9rie MOTOMA Solis S6-EH3P (12KW\u201320KW) est un syst\u00e8me&hellip;<\/p>\n","protected":false},"featured_media":53946,"template":"","meta":{"content-type":"","om_disable_all_campaigns":false,"_monsterinsights_skip_tracking":false,"_monsterinsights_sitenote_active":false,"_monsterinsights_sitenote_note":"","_monsterinsights_sitenote_category":0},"product_brand":[],"product_cat":[182,231],"product_tag":[],"class_list":{"0":"post-53945","1":"product","2":"type-product","3":"status-publish","4":"has-post-thumbnail","6":"product_cat-solar-inverter","7":"product_cat-high-voltage-inverter","9":"first","10":"instock","11":"shipping-taxable","12":"product-type-simple"},"_links":{"self":[{"href":"https:\/\/motoma.cn\/fr\/wp-json\/wp\/v2\/product\/53945","targetHints":{"allow":["GET"]}}],"collection":[{"href":"https:\/\/motoma.cn\/fr\/wp-json\/wp\/v2\/product"}],"about":[{"href":"https:\/\/motoma.cn\/fr\/wp-json\/wp\/v2\/types\/product"}],"version-history":[{"count":5,"href":"https:\/\/motoma.cn\/fr\/wp-json\/wp\/v2\/product\/53945\/revisions"}],"predecessor-version":[{"id":54180,"href":"https:\/\/motoma.cn\/fr\/wp-json\/wp\/v2\/product\/53945\/revisions\/54180"}],"wp:featuredmedia":[{"embeddable":true,"href":"https:\/\/motoma.cn\/fr\/wp-json\/wp\/v2\/media\/53946"}],"wp:attachment":[{"href":"https:\/\/motoma.cn\/fr\/wp-json\/wp\/v2\/media?parent=53945"}],"wp:term":[{"taxonomy":"product_brand","embeddable":true,"href":"https:\/\/motoma.cn\/fr\/wp-json\/wp\/v2\/product_brand?post=53945"},{"taxonomy":"product_cat","embeddable":true,"href":"https:\/\/motoma.cn\/fr\/wp-json\/wp\/v2\/product_cat?post=53945"},{"taxonomy":"product_tag","embeddable":true,"href":"https:\/\/motoma.cn\/fr\/wp-json\/wp\/v2\/product_tag?post=53945"}],"curies":[{"name":"wp","href":"https:\/\/api.w.org\/{rel}","templated":true}]}}